{"id":258,"date":"2023-03-15T12:12:10","date_gmt":"2023-03-15T11:12:10","guid":{"rendered":"http:\/\/invaznirostliny.kr-karlovarsky.cz\/?page_id=258"},"modified":"2026-02-19T09:38:21","modified_gmt":"2026-02-19T08:38:21","slug":"is-heracleum","status":"publish","type":"page","link":"https:\/\/extranet.kr-karlovarsky.cz\/invazivnirostliny\/is-heracleum\/","title":{"rendered":"IS Heracleum"},"content":{"rendered":"\t\t<div data-elementor-type=\"wp-page\" data-elementor-id=\"258\" class=\"elementor elementor-258\">\n\t\t\t\t\t\t<section class=\"elementor-section elementor-top-section elementor-element elementor-element-632bf184 elementor-section-boxed elementor-section-height-default elementor-section-height-default\" data-id=\"632bf184\" data-element_type=\"section\" data-e-type=\"section\" data-settings=\"{&quot;background_background&quot;:&quot;classic&quot;}\">\n\t\t\t\t\t\t\t<div class=\"elementor-background-overlay\"><\/div>\n\t\t\t\t\t\t\t<div class=\"elementor-container elementor-column-gap-default\">\n\t\t\t\t\t<div class=\"elementor-column elementor-col-100 elementor-top-column elementor-element elementor-element-15254f6b elementor-invisible\" data-id=\"15254f6b\" data-element_type=\"column\" data-e-type=\"column\" data-settings=\"{&quot;animation&quot;:&quot;fadeInUp&quot;}\">\n\t\t\t<div class=\"elementor-widget-wrap elementor-element-populated\">\n\t\t\t\t\t\t<div class=\"elementor-element elementor-element-3d460bc elementor-widget elementor-widget-heading\" data-id=\"3d460bc\" data-element_type=\"widget\" data-e-type=\"widget\" data-widget_type=\"heading.default\">\n\t\t\t\t<div class=\"elementor-widget-container\">\n\t\t\t\t\t<h2 class=\"elementor-heading-title elementor-size-default\">KARLOVARSK\u00dd KRAJ<\/h2>\t\t\t\t<\/div>\n\t\t\t\t<\/div>\n\t\t\t\t<div class=\"elementor-element elementor-element-3cfe6353 elementor-widget elementor-widget-heading\" data-id=\"3cfe6353\" data-element_type=\"widget\" data-e-type=\"widget\" data-widget_type=\"heading.default\">\n\t\t\t\t<div class=\"elementor-widget-container\">\n\t\t\t\t\t<h2 class=\"elementor-heading-title elementor-size-default\">IS HERACLEUM<\/h2>\t\t\t\t<\/div>\n\t\t\t\t<\/div>\n\t\t\t\t\t<\/div>\n\t\t<\/div>\n\t\t\t\t\t<\/div>\n\t\t<\/section>\n\t\t\t\t<section class=\"elementor-section elementor-top-section elementor-element elementor-element-1d3acac1 elementor-section-content-middle elementor-section-boxed elementor-section-height-default elementor-section-height-default\" data-id=\"1d3acac1\" data-element_type=\"section\" data-e-type=\"section\" data-settings=\"{&quot;background_background&quot;:&quot;classic&quot;}\">\n\t\t\t\t\t\t<div class=\"elementor-container elementor-column-gap-wider\">\n\t\t\t\t\t<div class=\"elementor-column elementor-col-100 elementor-top-column elementor-element elementor-element-3c03e978 elementor-invisible\" data-id=\"3c03e978\" data-element_type=\"column\" data-e-type=\"column\" data-settings=\"{&quot;background_background&quot;:&quot;classic&quot;,&quot;animation&quot;:&quot;fadeInLeft&quot;}\">\n\t\t\t<div class=\"elementor-widget-wrap elementor-element-populated\">\n\t\t\t\t\t\t<div class=\"elementor-element elementor-element-6f3a3465 elementor-widget elementor-widget-text-editor\" data-id=\"6f3a3465\" data-element_type=\"widget\" data-e-type=\"widget\" data-widget_type=\"text-editor.default\">\n\t\t\t\t<div class=\"elementor-widget-container\">\n\t\t\t\t\t\t\t\t\t<p>V r\u00e1mci projektu byl vytvo\u0159en unik\u00e1tn\u00ed Informa\u010dn\u00ed syst\u00e9m Heracleum (IS Heracleum), kter\u00fd slou\u017eil k evidenci v\u0161ech lokalit v\u010detn\u011b fotodokumetace, zaznamen\u00e1v\u00e1n\u00ed \u00fadaj\u016f a map z jejich po\u010d\u00e1te\u010dn\u00edho i kone\u010dn\u00e9ho stavu. Syst\u00e9m obsahuje podrobn\u00e9 informace ke v\u0161em lokalit\u00e1m a zasa\u017een\u00fdm parcel\u00e1m zmapovan\u00fdm v\u00a0r\u00e1mci projektu \u2013 v\u0161echny \u00fadaje z katastru nemovitost\u00ed, z registru p\u016fdy LPIS, p\u00e1sma ochrany p\u0159\u00edrody a ochrany vod apod. Na z\u00e1klad\u011b p\u0159\u00edslu\u0161n\u00fdch podm\u00ednek byly pro jednotliv\u00e9 parcely stanoveny vhodn\u00e9 metody likvidace. V pr\u016fb\u011bhu realizace projektu byly do IS Heracleum dopl\u0148ov\u00e1ny informace o prov\u00e1d\u011bn\u00fdch kontrol\u00e1ch, zm\u011bn\u00e1ch nebo nov\u00fdch lokalit\u00e1ch a na konci projektu byly dopln\u011bny \u00fadaje o dosa\u017een\u00e9m v\u00fdsledku pro jednotliv\u00e9 parcely a lokality. Data v IS lze filtrovat podle v\u00edce krit\u00e9ri\u00ed, vybran\u00e1 data lze exportovat.<\/p><p>Syst\u00e9m slou\u017eil tak\u00e9 k administraci projektu, zaznamen\u00e1v\u00e1n\u00ed v\u00fdsledk\u016f kontrol prov\u00e1d\u011bn\u00fdch prac\u00ed a m\u011bl b\u00fdt (a v\u00a0modifikovan\u00e9 verzi je) vyu\u017e\u00edv\u00e1n i po celou dobu jeho udr\u017eitelnosti jak \u017eadatelem o dotaci, tak dot\u010den\u00fdmi org\u00e1ny ochrany p\u0159\u00edrody. V dob\u011b pod\u00e1n\u00ed \u017e\u00e1dosti o schv\u00e1len\u00ed financov\u00e1n\u00ed projektu usnadnil zas\u00edl\u00e1n\u00ed \u017e\u00e1dost\u00ed o souhlas s projektem v\u00edce ne\u017e 5 000 vlastn\u00edk\u016fm a administraci v\u00fdzev a ve\u0159ejn\u00fdch vyhl\u00e1\u0161ek s t\u00edm spojenou. Ve\u0161ker\u00e9 dokumenty o t\u00e9to komunikaci s vlastn\u00edky jsou v IS archivov\u00e1ny, stejn\u011b jako \u0159ada dal\u0161\u00edch dokument\u016f, vzor\u016f hl\u00e1\u0161en\u00ed, p\u0159ijat\u00fdch faktur apod.<strong>\u00a0<\/strong><\/p><p><strong>Z\u00e1kladn\u00ed pojmy pou\u017e\u00edvan\u00e9 v IS Heracleum<\/strong><strong><br \/><\/strong>Projekt je rozd\u011blen na\u00a0<strong>10 \u00fasek\u016f (\u00faseky I. a\u017e X.)<\/strong>, ty pak je\u0161t\u011b na celkem\u00a0<strong>29 realiza\u010dn\u00edch \u010d\u00e1st\u00ed (R\u010c 1 \u2013 29)<\/strong>, n\u00e1zvy \u00fasek\u016f vych\u00e1zej\u00ed z n\u00e1zv\u016f m\u011bst, hranice mezi \u00faseky jsou ale d\u00e1ny hranicemi povod\u00ed ni\u017e\u0161\u00edch \u0159\u00e1d\u016f. Hranice mezi \u010d\u00e1stmi jsou zpravidla vedeny po komunikac\u00edch, vodn\u00edch toc\u00edch apod. tak, aby byly l\u00e9pe identifikovateln\u00e9 v ter\u00e9nu.<strong>\u00a0<\/strong><\/p><p><strong>IS Heracleum m\u00e1 datab\u00e1zovou a mapovou \u010d\u00e1st<\/strong><strong><br \/><\/strong>P\u0159\u00edstup do datab\u00e1zov\u00e9 \u010d\u00e1sti IS Heracleum byl mo\u017en\u00fd po registraci proveden\u00e9 na z\u00e1klad\u011b \u017e\u00e1dosti na n\u011bkterou z emailov\u00fdch adres uvedenou v\u00a0\u010d\u00e1sti KONTAKT. Informace v IS obsa\u017een\u00e9 nesm\u011bly b\u00fdt vyu\u017e\u00edv\u00e1ny ke komer\u010dn\u00edm \u00fa\u010del\u016fm, slou\u017eily krom\u011b administrace dotace tak\u00e9 dot\u010den\u00fdm org\u00e1n\u016fm st\u00e1tn\u00ed spr\u00e1vy a ochrany p\u0159\u00edrody ale nap\u0159. i student\u016fm p\u0159i zpracov\u00e1v\u00e1n\u00ed bakal\u00e1\u0159sk\u00fdch a dal\u0161\u00edch typ\u016f studentsk\u00fdch prac\u00ed nebo vlastn\u00edk\u016fm ke kontrole zamo\u0159en\u00ed jejich pozemk\u016f a zji\u0161t\u011bn\u00ed doporu\u010den\u00e9 metody likvidace. Data v IS Heracleum umo\u017e\u0148uj\u00ed filtraci lokalit nebo parcel podle r\u016fzn\u00fdch krit\u00e9ri\u00ed a export vybran\u00fdch dat do excelov\u00fdch tabulek.<strong>\u00a0<\/strong><\/p><p><strong>Mapov\u00e1 \u010d\u00e1st IS Heracleum je voln\u011b p\u0159\u00edstupn\u00e1<\/strong>\u00a0(bez registrace)<br \/>Viz\u00a0<a href=\"https:\/\/extranet.kr-karlovarsky.cz\/invazivnirostliny\/mapa-vyskytu\/\">MAPA<\/a>, kde je uveden podrobn\u011bj\u0161\u00ed popis, legenda k map\u011b a n\u00e1vod k pou\u017eit\u00ed.<\/p><p>Pro prohl\u00ed\u017een\u00ed map je nutn\u00e9 m\u00edt nainstalov\u00e1n program Microsoft Silverlight. V\u00a0\u0159\u00edjnu 2021 v\u0161ak do\u0161lo k\u00a0ukon\u010den\u00ed technick\u00e9 podpory uveden\u00e9ho programu. Zejm\u00e9na z\u00a0tohoto d\u016fvodu bylo t\u0159eba nal\u00e9zt jinou cestu pln\u011bn\u00ed podm\u00ednek projektu, a proto od roku 2021 prob\u00edhaly pr\u00e1ce na \u00faprav\u011b informa\u010dn\u00edho syst\u00e9mu tak, aby i nad\u00e1le byla zaji\u0161t\u011bna jeho maxim\u00e1ln\u00ed funk\u010dnost a p\u0159\u00edstupnost. Vzhledem k\u00a0technick\u00fdm specifik\u016fm a zm\u011bn\u00e1m technologi\u00ed byla v\u00a0roce 2023 vytvo\u0159ena aplikace <a href=\"https:\/\/experience.arcgis.com\/experience\/94b487cce70a4f3381c41d6a4efed554\">Heracleum 2<\/a>, kter\u00e1 pln\u011b nahrazuje p\u016fvodn\u00ed IS Heracleum.<\/p>\t\t\t\t\t\t\t\t<\/div>\n\t\t\t\t<\/div>\n\t\t\t\t\t<\/div>\n\t\t<\/div>\n\t\t\t\t\t<\/div>\n\t\t<\/section>\n\t\t\t\t<section class=\"elementor-section elementor-top-section elementor-element elementor-element-6d116e3 elementor-section-content-middle elementor-section-boxed elementor-section-height-default elementor-section-height-default\" data-id=\"6d116e3\" data-element_type=\"section\" data-e-type=\"section\" data-settings=\"{&quot;background_background&quot;:&quot;classic&quot;}\">\n\t\t\t\t\t\t<div class=\"elementor-container elementor-column-gap-wider\">\n\t\t\t\t\t<div class=\"elementor-column elementor-col-100 elementor-top-column elementor-element elementor-element-6e87056 elementor-invisible\" data-id=\"6e87056\" data-element_type=\"column\" data-e-type=\"column\" data-settings=\"{&quot;background_background&quot;:&quot;classic&quot;,&quot;animation&quot;:&quot;fadeInLeft&quot;}\">\n\t\t\t<div class=\"elementor-widget-wrap elementor-element-populated\">\n\t\t\t\t\t\t<div class=\"elementor-element elementor-element-0f2de29 elementor-align-center elementor-widget elementor-widget-button\" data-id=\"0f2de29\" data-element_type=\"widget\" data-e-type=\"widget\" data-widget_type=\"button.default\">\n\t\t\t\t<div class=\"elementor-widget-container\">\n\t\t\t\t\t\t\t\t\t<div class=\"elementor-button-wrapper\">\n\t\t\t\t\t<a class=\"elementor-button elementor-button-link elementor-size-lg\" href=\"https:\/\/experience.arcgis.com\/experience\/196524d96e43455cbe0a65bc34e1060d\/\">\n\t\t\t\t\t\t<span class=\"elementor-button-content-wrapper\">\n\t\t\t\t\t\t\t\t\t<span class=\"elementor-button-text\">MAPA V\u00ddSKYTU<\/span>\n\t\t\t\t\t<\/span>\n\t\t\t\t\t<\/a>\n\t\t\t\t<\/div>\n\t\t\t\t\t\t\t\t<\/div>\n\t\t\t\t<\/div>\n\t\t\t\t\t<\/div>\n\t\t<\/div>\n\t\t\t\t\t<\/div>\n\t\t<\/section>\n\t\t\t\t<section class=\"elementor-section elementor-top-section elementor-element elementor-element-df00bd3 elementor-section-full_width elementor-section-height-default elementor-section-height-default\" data-id=\"df00bd3\" data-element_type=\"section\" data-e-type=\"section\" data-settings=\"{&quot;background_background&quot;:&quot;classic&quot;}\">\n\t\t\t\t\t\t<div class=\"elementor-container elementor-column-gap-default\">\n\t\t\t\t\t<div class=\"elementor-column elementor-col-100 elementor-top-column elementor-element elementor-element-33e73cc\" data-id=\"33e73cc\" data-element_type=\"column\" data-e-type=\"column\">\n\t\t\t<div class=\"elementor-widget-wrap elementor-element-populated\">\n\t\t\t\t\t\t<div class=\"elementor-element elementor-element-74a3833 elementor-widget elementor-widget-image\" data-id=\"74a3833\" data-element_type=\"widget\" data-e-type=\"widget\" data-widget_type=\"image.default\">\n\t\t\t\t<div class=\"elementor-widget-container\">\n\t\t\t\t\t\t\t\t\t\t\t\t\t\t\t<img fetchpriority=\"high\" decoding=\"async\" width=\"1260\" height=\"92\" src=\"https:\/\/extranet.kr-karlovarsky.cz\/invazivnirostliny\/wp-content\/uploads\/2023\/02\/paticka725a.png\" class=\"attachment-full size-full wp-image-109\" alt=\"\" srcset=\"https:\/\/extranet.kr-karlovarsky.cz\/invazivnirostliny\/wp-content\/uploads\/2023\/02\/paticka725a.png 1260w, https:\/\/extranet.kr-karlovarsky.cz\/invazivnirostliny\/wp-content\/uploads\/2023\/02\/paticka725a-300x22.png 300w, https:\/\/extranet.kr-karlovarsky.cz\/invazivnirostliny\/wp-content\/uploads\/2023\/02\/paticka725a-1024x75.png 1024w, https:\/\/extranet.kr-karlovarsky.cz\/invazivnirostliny\/wp-content\/uploads\/2023\/02\/paticka725a-768x56.png 768w\" sizes=\"(max-width: 1260px) 100vw, 1260px\" \/>\t\t\t\t\t\t\t\t\t\t\t\t\t\t\t<\/div>\n\t\t\t\t<\/div>\n\t\t\t\t\t<\/div>\n\t\t<\/div>\n\t\t\t\t\t<\/div>\n\t\t<\/section>\n\t\t\t\t<section class=\"elementor-section elementor-top-section elementor-element elementor-element-c232e33 elementor-section-full_width elementor-section-height-default elementor-section-height-default\" data-id=\"c232e33\" data-element_type=\"section\" data-e-type=\"section\" data-settings=\"{&quot;background_background&quot;:&quot;classic&quot;}\">\n\t\t\t\t\t\t<div class=\"elementor-container elementor-column-gap-default\">\n\t\t\t\t\t<div class=\"elementor-column elementor-col-100 elementor-top-column elementor-element elementor-element-9e00fae\" data-id=\"9e00fae\" data-element_type=\"column\" data-e-type=\"column\">\n\t\t\t<div class=\"elementor-widget-wrap elementor-element-populated\">\n\t\t\t\t\t\t<div class=\"elementor-element elementor-element-29d3f0e elementor-widget elementor-widget-spacer\" data-id=\"29d3f0e\" data-element_type=\"widget\" data-e-type=\"widget\" data-widget_type=\"spacer.default\">\n\t\t\t\t<div class=\"elementor-widget-container\">\n\t\t\t\t\t\t\t<div class=\"elementor-spacer\">\n\t\t\t<div class=\"elementor-spacer-inner\"><\/div>\n\t\t<\/div>\n\t\t\t\t\t\t<\/div>\n\t\t\t\t<\/div>\n\t\t\t\t<div class=\"elementor-element elementor-element-d732e4c elementor-invisible elementor-widget elementor-widget-heading\" data-id=\"d732e4c\" data-element_type=\"widget\" data-e-type=\"widget\" data-settings=\"{&quot;_animation&quot;:&quot;fadeInUp&quot;}\" data-widget_type=\"heading.default\">\n\t\t\t\t<div class=\"elementor-widget-container\">\n\t\t\t\t\t<h3 class=\"elementor-heading-title elementor-size-default\">Copyright 2023 \u00a9 Karlovarsk\u00fd kraj<\/h3>\t\t\t\t<\/div>\n\t\t\t\t<\/div>\n\t\t\t\t<div class=\"elementor-element elementor-element-fae9de0 elementor-widget elementor-widget-spacer\" data-id=\"fae9de0\" data-element_type=\"widget\" data-e-type=\"widget\" data-widget_type=\"spacer.default\">\n\t\t\t\t<div class=\"elementor-widget-container\">\n\t\t\t\t\t\t\t<div class=\"elementor-spacer\">\n\t\t\t<div class=\"elementor-spacer-inner\"><\/div>\n\t\t<\/div>\n\t\t\t\t\t\t<\/div>\n\t\t\t\t<\/div>\n\t\t\t\t\t<\/div>\n\t\t<\/div>\n\t\t\t\t\t<\/div>\n\t\t<\/section>\n\t\t\t\t<\/div>\n\t\t","protected":false},"excerpt":{"rendered":"<p>KARLOVARSK\u00dd KRAJ IS HERACLEUM V r\u00e1mci projektu byl vytvo\u0159en unik\u00e1tn\u00ed Informa\u010dn\u00ed syst\u00e9m Heracleum (IS Heracleum), kter\u00fd slou\u017eil k evidenci v\u0161ech lokalit v\u010detn\u011b fotodokumetace, zaznamen\u00e1v\u00e1n\u00ed \u00fadaj\u016f a map z jejich po\u010d\u00e1te\u010dn\u00edho i kone\u010dn\u00e9ho stavu. Syst\u00e9m obsahuje podrobn\u00e9 informace ke v\u0161em lokalit\u00e1m a zasa\u017een\u00fdm parcel\u00e1m zmapovan\u00fdm v\u00a0r\u00e1mci projektu \u2013 v\u0161echny \u00fadaje z katastru nemovitost\u00ed, z registru p\u016fdy [&hellip;]<\/p>\n","protected":false},"author":1,"featured_media":0,"parent":0,"menu_order":0,"comment_status":"closed","ping_status":"closed","template":"","meta":{"site-sidebar-layout":"no-sidebar","site-content-layout":"page-builder","ast-site-content-layout":"default","site-content-style":"default","site-sidebar-style":"default","ast-global-header-display":"","ast-banner-title-visibility":"","ast-main-header-display":"","ast-hfb-above-header-display":"","ast-hfb-below-header-display":"","ast-hfb-mobile-header-display":"","site-post-title":"disabled","ast-breadcrumbs-content":"","ast-featured-img":"disabled","footer-sml-layout":"","ast-disable-related-posts":"","theme-transparent-header-meta":"default","adv-header-id-meta":"","stick-header-meta":"","header-above-stick-meta":"","header-main-stick-meta":"","header-below-stick-meta":"","astra-migrate-meta-layouts":"default","ast-page-background-enabled":"default","ast-page-background-meta":{"desktop":{"background-color":"var(--ast-global-color-4)","background-image":"","background-repeat":"repeat","background-position":"center center","background-size":"auto","background-attachment":"scroll","background-type":"","background-media":"","overlay-type":"","overlay-color":"","overlay-opacity":"","overlay-gradient":""},"tablet":{"background-color":"","background-image":"","background-repeat":"repeat","background-position":"center center","background-size":"auto","background-attachment":"scroll","background-type":"","background-media":"","overlay-type":"","overlay-color":"","overlay-opacity":"","overlay-gradient":""},"mobile":{"background-color":"","background-image":"","background-repeat":"repeat","background-position":"center center","background-size":"auto","background-attachment":"scroll","background-type":"","background-media":"","overlay-type":"","overlay-color":"","overlay-opacity":"","overlay-gradient":""}},"ast-content-background-meta":{"desktop":{"background-color":"var(--ast-global-color-5)","background-image":"","background-repeat":"repeat","background-position":"center center","background-size":"auto","background-attachment":"scroll","background-type":"","background-media":"","overlay-type":"","overlay-color":"","overlay-opacity":"","overlay-gradient":""},"tablet":{"background-color":"var(--ast-global-color-5)","background-image":"","background-repeat":"repeat","background-position":"center center","background-size":"auto","background-attachment":"scroll","background-type":"","background-media":"","overlay-type":"","overlay-color":"","overlay-opacity":"","overlay-gradient":""},"mobile":{"background-color":"var(--ast-global-color-5)","background-image":"","background-repeat":"repeat","background-position":"center center","background-size":"auto","background-attachment":"scroll","background-type":"","background-media":"","overlay-type":"","overlay-color":"","overlay-opacity":"","overlay-gradient":""}},"footnotes":""},"class_list":["post-258","page","type-page","status-publish","hentry"],"_links":{"self":[{"href":"https:\/\/extranet.kr-karlovarsky.cz\/invazivnirostliny\/wp-json\/wp\/v2\/pages\/258","targetHints":{"allow":["GET"]}}],"collection":[{"href":"https:\/\/extranet.kr-karlovarsky.cz\/invazivnirostliny\/wp-json\/wp\/v2\/pages"}],"about":[{"href":"https:\/\/extranet.kr-karlovarsky.cz\/invazivnirostliny\/wp-json\/wp\/v2\/types\/page"}],"author":[{"embeddable":true,"href":"https:\/\/extranet.kr-karlovarsky.cz\/invazivnirostliny\/wp-json\/wp\/v2\/users\/1"}],"replies":[{"embeddable":true,"href":"https:\/\/extranet.kr-karlovarsky.cz\/invazivnirostliny\/wp-json\/wp\/v2\/comments?post=258"}],"version-history":[{"count":37,"href":"https:\/\/extranet.kr-karlovarsky.cz\/invazivnirostliny\/wp-json\/wp\/v2\/pages\/258\/revisions"}],"predecessor-version":[{"id":843,"href":"https:\/\/extranet.kr-karlovarsky.cz\/invazivnirostliny\/wp-json\/wp\/v2\/pages\/258\/revisions\/843"}],"wp:attachment":[{"href":"https:\/\/extranet.kr-karlovarsky.cz\/invazivnirostliny\/wp-json\/wp\/v2\/media?parent=258"}],"curies":[{"name":"wp","href":"https:\/\/api.w.org\/{rel}","templated":true}]}}