{"id":377,"date":"2023-03-27T15:11:12","date_gmt":"2023-03-27T13:11:12","guid":{"rendered":"http:\/\/invaznirostliny.kr-karlovarsky.cz\/?page_id=377"},"modified":"2026-01-19T10:00:14","modified_gmt":"2026-01-19T09:00:14","slug":"invazni-rostliny","status":"publish","type":"page","link":"https:\/\/extranet.kr-karlovarsky.cz\/invazivnirostliny\/invazni-rostliny\/","title":{"rendered":"Invazn\u00ed rostliny"},"content":{"rendered":"\t\t<div data-elementor-type=\"wp-page\" data-elementor-id=\"377\" class=\"elementor elementor-377\">\n\t\t\t\t\t\t<section class=\"elementor-section elementor-top-section elementor-element elementor-element-632bf184 elementor-section-boxed elementor-section-height-default elementor-section-height-default\" data-id=\"632bf184\" data-element_type=\"section\" data-e-type=\"section\" data-settings=\"{&quot;background_background&quot;:&quot;classic&quot;}\">\n\t\t\t\t\t\t\t<div class=\"elementor-background-overlay\"><\/div>\n\t\t\t\t\t\t\t<div class=\"elementor-container elementor-column-gap-default\">\n\t\t\t\t\t<div class=\"elementor-column elementor-col-100 elementor-top-column elementor-element elementor-element-15254f6b elementor-invisible\" data-id=\"15254f6b\" data-element_type=\"column\" data-e-type=\"column\" data-settings=\"{&quot;animation&quot;:&quot;fadeInUp&quot;}\">\n\t\t\t<div class=\"elementor-widget-wrap elementor-element-populated\">\n\t\t\t\t\t\t<div class=\"elementor-element elementor-element-3d460bc elementor-widget elementor-widget-heading\" data-id=\"3d460bc\" data-element_type=\"widget\" data-e-type=\"widget\" data-widget_type=\"heading.default\">\n\t\t\t\t<div class=\"elementor-widget-container\">\n\t\t\t\t\t<h2 class=\"elementor-heading-title elementor-size-default\">KARLOVARSK\u00dd KRAJ<\/h2>\t\t\t\t<\/div>\n\t\t\t\t<\/div>\n\t\t\t\t<div class=\"elementor-element elementor-element-3cfe6353 elementor-widget elementor-widget-heading\" data-id=\"3cfe6353\" data-element_type=\"widget\" data-e-type=\"widget\" data-widget_type=\"heading.default\">\n\t\t\t\t<div class=\"elementor-widget-container\">\n\t\t\t\t\t<h2 class=\"elementor-heading-title elementor-size-default\">INVAZN\u00cd ROSTLINY<\/h2>\t\t\t\t<\/div>\n\t\t\t\t<\/div>\n\t\t\t\t\t<\/div>\n\t\t<\/div>\n\t\t\t\t\t<\/div>\n\t\t<\/section>\n\t\t\t\t<section class=\"elementor-section elementor-top-section elementor-element elementor-element-b95b481 elementor-section-boxed elementor-section-height-default elementor-section-height-default\" data-id=\"b95b481\" data-element_type=\"section\" data-e-type=\"section\">\n\t\t\t\t\t\t<div class=\"elementor-container elementor-column-gap-default\">\n\t\t\t\t\t<div class=\"elementor-column elementor-col-100 elementor-top-column elementor-element elementor-element-7f04059\" data-id=\"7f04059\" data-element_type=\"column\" data-e-type=\"column\">\n\t\t\t<div class=\"elementor-widget-wrap elementor-element-populated\">\n\t\t\t\t\t\t<div class=\"elementor-element elementor-element-287a5ff elementor-widget elementor-widget-text-editor\" data-id=\"287a5ff\" data-element_type=\"widget\" data-e-type=\"widget\" data-widget_type=\"text-editor.default\">\n\t\t\t\t<div class=\"elementor-widget-container\">\n\t\t\t\t\t\t\t\t\t<div class=\"main-container container js-quickedit-main-content\" role=\"main\"><div class=\"row\"><div class=\"region region-content\"><div class=\"content\"><div class=\"field field--name-body field--type-text-with-summary field--label-hidden field--item\"><p>Invazn\u00ed rostliny jsou zpravidla agresivn\u011b se \u0161\u00ed\u0159\u00edc\u00ed rostliny schopn\u00e9 rozvracet cel\u00e9 ekosyst\u00e9my, a vytla\u010dovat tak p\u016fvodn\u00ed druhy rostlin, ale i na n\u011b nav\u00e1zan\u00fdch \u017eivo\u010dich\u016f. Invaze rostlin nebo \u017eivo\u010dich\u016f obecn\u011b vedou ke ztr\u00e1t\u011b biologick\u00e9 rozmanitosti.<\/p><p>Dal\u0161\u00edm probl\u00e9mem je vodn\u00ed a v\u011btrn\u00e1 eroze, kterou \u0159ada z nich zp\u016fsobuje na b\u0159ez\u00edch \u0159ek a potok\u016f.<\/p><p>V neposledn\u00ed \u0159ad\u011b obsahuj\u00ed n\u011bkter\u00e9 z nich jedovat\u00e9 l\u00e1tky ohro\u017euj\u00edc\u00ed zdrav\u00ed \u010dlov\u011bka. P\u0159\u00edkladem m\u016f\u017ee b\u00fdt bol\u0161evn\u00edk velkolep\u00fd, obsahuj\u00edc\u00ed jedovat\u00e9 furanokumariny zp\u016fsobuj\u00edc\u00ed na slunci puch\u00fd\u0159e, otoky a z\u00e1n\u011bty. Jako negativn\u00ed d\u016fsledek rostlinn\u00fdch invaz\u00ed na zem\u011bd\u011blsk\u00e9 p\u016fd\u011b je nej\u010dast\u011bji ozna\u010dov\u00e1no sn\u00ed\u017een\u00ed v\u00fdnos\u016f \u010di likvidace p\u011bstovan\u00fdch plodin roz\u0161i\u0159ov\u00e1n\u00edm invazn\u00edch druh\u016f rostlin \u010dasto ozna\u010dovan\u00fdch jako plevele.<\/p><\/div><\/div><\/div><\/div><\/div>\t\t\t\t\t\t\t\t<\/div>\n\t\t\t\t<\/div>\n\t\t\t\t\t<\/div>\n\t\t<\/div>\n\t\t\t\t\t<\/div>\n\t\t<\/section>\n\t\t\t\t<section class=\"elementor-section elementor-top-section elementor-element elementor-element-e33497c elementor-section-boxed elementor-section-height-default elementor-section-height-default\" data-id=\"e33497c\" data-element_type=\"section\" data-e-type=\"section\" data-settings=\"{&quot;background_background&quot;:&quot;classic&quot;}\">\n\t\t\t\t\t\t<div class=\"elementor-container elementor-column-gap-wider\">\n\t\t\t\t\t<div class=\"elementor-column elementor-col-33 elementor-top-column elementor-element elementor-element-615fd0f\" data-id=\"615fd0f\" data-element_type=\"column\" data-e-type=\"column\" data-settings=\"{&quot;background_background&quot;:&quot;classic&quot;}\">\n\t\t\t<div class=\"elementor-widget-wrap elementor-element-populated\">\n\t\t\t\t\t\t<div class=\"elementor-element elementor-element-b0da7a6 elementor-position-top elementor-invisible elementor-widget elementor-widget-image-box\" data-id=\"b0da7a6\" data-element_type=\"widget\" data-e-type=\"widget\" data-settings=\"{&quot;_animation&quot;:&quot;fadeInLeft&quot;}\" data-widget_type=\"image-box.default\">\n\t\t\t\t<div class=\"elementor-widget-container\">\n\t\t\t\t\t<div class=\"elementor-image-box-wrapper\"><figure class=\"elementor-image-box-img\"><img fetchpriority=\"high\" decoding=\"async\" width=\"416\" height=\"416\" src=\"https:\/\/extranet.kr-karlovarsky.cz\/invazivnirostliny\/wp-content\/uploads\/2023\/02\/istockphoto-1369267473-170667a.jpg\" class=\"attachment-full size-full wp-image-133\" alt=\"\" srcset=\"https:\/\/extranet.kr-karlovarsky.cz\/invazivnirostliny\/wp-content\/uploads\/2023\/02\/istockphoto-1369267473-170667a.jpg 416w, https:\/\/extranet.kr-karlovarsky.cz\/invazivnirostliny\/wp-content\/uploads\/2023\/02\/istockphoto-1369267473-170667a-300x300.jpg 300w, https:\/\/extranet.kr-karlovarsky.cz\/invazivnirostliny\/wp-content\/uploads\/2023\/02\/istockphoto-1369267473-170667a-150x150.jpg 150w\" sizes=\"(max-width: 416px) 100vw, 416px\" \/><\/figure><div class=\"elementor-image-box-content\"><h3 class=\"elementor-image-box-title\">Bol\u0161evn\u00edk velkolep\u00fd<\/h3><p class=\"elementor-image-box-description\"><i> (Heracleum mantegazzianum)<\/i><\/p><\/div><\/div>\t\t\t\t<\/div>\n\t\t\t\t<\/div>\n\t\t\t\t<div class=\"elementor-element elementor-element-5160570 elementor-widget elementor-widget-button\" data-id=\"5160570\" data-element_type=\"widget\" data-e-type=\"widget\" data-widget_type=\"button.default\">\n\t\t\t\t<div class=\"elementor-widget-container\">\n\t\t\t\t\t\t\t\t\t<div class=\"elementor-button-wrapper\">\n\t\t\t\t\t<a class=\"elementor-button elementor-button-link elementor-size-lg\" href=\"\/invazivnirostliny\/bolsevnik\/\">\n\t\t\t\t\t\t<span class=\"elementor-button-content-wrapper\">\n\t\t\t\t\t\t\t\t\t<span class=\"elementor-button-text\">v\u00edce informac\u00ed<\/span>\n\t\t\t\t\t<\/span>\n\t\t\t\t\t<\/a>\n\t\t\t\t<\/div>\n\t\t\t\t\t\t\t\t<\/div>\n\t\t\t\t<\/div>\n\t\t\t\t\t<\/div>\n\t\t<\/div>\n\t\t\t\t<div class=\"elementor-column elementor-col-33 elementor-top-column elementor-element elementor-element-7c74553\" data-id=\"7c74553\" data-element_type=\"column\" data-e-type=\"column\" data-settings=\"{&quot;background_background&quot;:&quot;classic&quot;}\">\n\t\t\t<div class=\"elementor-widget-wrap elementor-element-populated\">\n\t\t\t\t\t\t<div class=\"elementor-element elementor-element-313fe83 elementor-position-top elementor-invisible elementor-widget elementor-widget-image-box\" data-id=\"313fe83\" data-element_type=\"widget\" data-e-type=\"widget\" data-settings=\"{&quot;_animation&quot;:&quot;fadeInLeft&quot;}\" data-widget_type=\"image-box.default\">\n\t\t\t\t<div class=\"elementor-widget-container\">\n\t\t\t\t\t<div class=\"elementor-image-box-wrapper\"><figure class=\"elementor-image-box-img\"><img decoding=\"async\" width=\"500\" height=\"500\" src=\"https:\/\/extranet.kr-karlovarsky.cz\/invazivnirostliny\/wp-content\/uploads\/2023\/02\/04-1.png\" class=\"attachment-full size-full wp-image-23\" alt=\"\" srcset=\"https:\/\/extranet.kr-karlovarsky.cz\/invazivnirostliny\/wp-content\/uploads\/2023\/02\/04-1.png 500w, https:\/\/extranet.kr-karlovarsky.cz\/invazivnirostliny\/wp-content\/uploads\/2023\/02\/04-1-300x300.png 300w, https:\/\/extranet.kr-karlovarsky.cz\/invazivnirostliny\/wp-content\/uploads\/2023\/02\/04-1-150x150.png 150w\" sizes=\"(max-width: 500px) 100vw, 500px\" \/><\/figure><div class=\"elementor-image-box-content\"><h3 class=\"elementor-image-box-title\">K\u0159\u00eddlatky<\/h3><p class=\"elementor-image-box-description\"><i>(Reynoutria) <\/i><\/p><\/div><\/div>\t\t\t\t<\/div>\n\t\t\t\t<\/div>\n\t\t\t\t<div class=\"elementor-element elementor-element-5278b83 elementor-widget elementor-widget-button\" data-id=\"5278b83\" data-element_type=\"widget\" data-e-type=\"widget\" data-widget_type=\"button.default\">\n\t\t\t\t<div class=\"elementor-widget-container\">\n\t\t\t\t\t\t\t\t\t<div class=\"elementor-button-wrapper\">\n\t\t\t\t\t<a class=\"elementor-button elementor-button-link elementor-size-lg\" href=\"\/invazivnirostliny\/kridlatky\/\">\n\t\t\t\t\t\t<span class=\"elementor-button-content-wrapper\">\n\t\t\t\t\t\t\t\t\t<span class=\"elementor-button-text\">v\u00edce informac\u00ed<\/span>\n\t\t\t\t\t<\/span>\n\t\t\t\t\t<\/a>\n\t\t\t\t<\/div>\n\t\t\t\t\t\t\t\t<\/div>\n\t\t\t\t<\/div>\n\t\t\t\t\t<\/div>\n\t\t<\/div>\n\t\t\t\t<div class=\"elementor-column elementor-col-33 elementor-top-column elementor-element elementor-element-9a5b85f\" data-id=\"9a5b85f\" data-element_type=\"column\" data-e-type=\"column\" data-settings=\"{&quot;background_background&quot;:&quot;classic&quot;}\">\n\t\t\t<div class=\"elementor-widget-wrap elementor-element-populated\">\n\t\t\t\t\t\t<div class=\"elementor-element elementor-element-ed84d04 elementor-position-top elementor-invisible elementor-widget elementor-widget-image-box\" data-id=\"ed84d04\" data-element_type=\"widget\" data-e-type=\"widget\" data-settings=\"{&quot;_animation&quot;:&quot;fadeInLeft&quot;}\" data-widget_type=\"image-box.default\">\n\t\t\t\t<div class=\"elementor-widget-container\">\n\t\t\t\t\t<div class=\"elementor-image-box-wrapper\"><figure class=\"elementor-image-box-img\"><img decoding=\"async\" width=\"500\" height=\"500\" src=\"https:\/\/extranet.kr-karlovarsky.cz\/invazivnirostliny\/wp-content\/uploads\/2023\/02\/03.png\" class=\"attachment-full size-full wp-image-24\" alt=\"\" srcset=\"https:\/\/extranet.kr-karlovarsky.cz\/invazivnirostliny\/wp-content\/uploads\/2023\/02\/03.png 500w, https:\/\/extranet.kr-karlovarsky.cz\/invazivnirostliny\/wp-content\/uploads\/2023\/02\/03-300x300.png 300w, https:\/\/extranet.kr-karlovarsky.cz\/invazivnirostliny\/wp-content\/uploads\/2023\/02\/03-150x150.png 150w\" sizes=\"(max-width: 500px) 100vw, 500px\" \/><\/figure><div class=\"elementor-image-box-content\"><h3 class=\"elementor-image-box-title\">Net\u00fdkavka \u017el\u00e1znat\u00e1<\/h3><p class=\"elementor-image-box-description\"><i>(Impatiens glandulifera)<\/i><\/p><\/div><\/div>\t\t\t\t<\/div>\n\t\t\t\t<\/div>\n\t\t\t\t<div class=\"elementor-element elementor-element-0826c2f elementor-widget elementor-widget-button\" data-id=\"0826c2f\" data-element_type=\"widget\" data-e-type=\"widget\" data-widget_type=\"button.default\">\n\t\t\t\t<div class=\"elementor-widget-container\">\n\t\t\t\t\t\t\t\t\t<div class=\"elementor-button-wrapper\">\n\t\t\t\t\t<a class=\"elementor-button elementor-button-link elementor-size-lg\" href=\"\/invazivnirostliny\/netykavka-zlaznata\/\">\n\t\t\t\t\t\t<span class=\"elementor-button-content-wrapper\">\n\t\t\t\t\t\t\t\t\t<span class=\"elementor-button-text\">v\u00edce informac\u00ed<\/span>\n\t\t\t\t\t<\/span>\n\t\t\t\t\t<\/a>\n\t\t\t\t<\/div>\n\t\t\t\t\t\t\t\t<\/div>\n\t\t\t\t<\/div>\n\t\t\t\t\t<\/div>\n\t\t<\/div>\n\t\t\t\t\t<\/div>\n\t\t<\/section>\n\t\t\t\t<section class=\"elementor-section elementor-top-section elementor-element elementor-element-f55c0dd elementor-section-full_width elementor-section-height-default elementor-section-height-default\" data-id=\"f55c0dd\" data-element_type=\"section\" data-e-type=\"section\" data-settings=\"{&quot;background_background&quot;:&quot;classic&quot;}\">\n\t\t\t\t\t\t<div class=\"elementor-container elementor-column-gap-default\">\n\t\t\t\t\t<div class=\"elementor-column elementor-col-100 elementor-top-column elementor-element elementor-element-596802f\" data-id=\"596802f\" data-element_type=\"column\" data-e-type=\"column\">\n\t\t\t<div class=\"elementor-widget-wrap elementor-element-populated\">\n\t\t\t\t\t\t<div class=\"elementor-element elementor-element-bdd7c42 elementor-widget elementor-widget-image\" data-id=\"bdd7c42\" data-element_type=\"widget\" data-e-type=\"widget\" data-widget_type=\"image.default\">\n\t\t\t\t<div class=\"elementor-widget-container\">\n\t\t\t\t\t\t\t\t\t\t\t\t\t\t\t<img loading=\"lazy\" decoding=\"async\" width=\"1024\" height=\"75\" src=\"https:\/\/extranet.kr-karlovarsky.cz\/invazivnirostliny\/wp-content\/uploads\/2023\/02\/paticka725a-1024x75.png\" class=\"attachment-large size-large wp-image-109\" alt=\"\" srcset=\"https:\/\/extranet.kr-karlovarsky.cz\/invazivnirostliny\/wp-content\/uploads\/2023\/02\/paticka725a-1024x75.png 1024w, https:\/\/extranet.kr-karlovarsky.cz\/invazivnirostliny\/wp-content\/uploads\/2023\/02\/paticka725a-300x22.png 300w, https:\/\/extranet.kr-karlovarsky.cz\/invazivnirostliny\/wp-content\/uploads\/2023\/02\/paticka725a-768x56.png 768w, https:\/\/extranet.kr-karlovarsky.cz\/invazivnirostliny\/wp-content\/uploads\/2023\/02\/paticka725a.png 1260w\" sizes=\"(max-width: 1024px) 100vw, 1024px\" \/>\t\t\t\t\t\t\t\t\t\t\t\t\t\t\t<\/div>\n\t\t\t\t<\/div>\n\t\t\t\t\t<\/div>\n\t\t<\/div>\n\t\t\t\t\t<\/div>\n\t\t<\/section>\n\t\t\t\t<section class=\"elementor-section elementor-top-section elementor-element elementor-element-8d80f69 elementor-section-full_width elementor-section-height-default elementor-section-height-default\" data-id=\"8d80f69\" data-element_type=\"section\" data-e-type=\"section\" data-settings=\"{&quot;background_background&quot;:&quot;classic&quot;}\">\n\t\t\t\t\t\t<div class=\"elementor-container elementor-column-gap-default\">\n\t\t\t\t\t<div class=\"elementor-column elementor-col-100 elementor-top-column elementor-element elementor-element-dec2c45\" data-id=\"dec2c45\" data-element_type=\"column\" data-e-type=\"column\">\n\t\t\t<div class=\"elementor-widget-wrap elementor-element-populated\">\n\t\t\t\t\t\t<div class=\"elementor-element elementor-element-9db34f9 elementor-widget elementor-widget-spacer\" data-id=\"9db34f9\" data-element_type=\"widget\" data-e-type=\"widget\" data-widget_type=\"spacer.default\">\n\t\t\t\t<div class=\"elementor-widget-container\">\n\t\t\t\t\t\t\t<div class=\"elementor-spacer\">\n\t\t\t<div class=\"elementor-spacer-inner\"><\/div>\n\t\t<\/div>\n\t\t\t\t\t\t<\/div>\n\t\t\t\t<\/div>\n\t\t\t\t<div class=\"elementor-element elementor-element-e3bb374 elementor-invisible elementor-widget elementor-widget-heading\" data-id=\"e3bb374\" data-element_type=\"widget\" data-e-type=\"widget\" data-settings=\"{&quot;_animation&quot;:&quot;fadeInUp&quot;}\" data-widget_type=\"heading.default\">\n\t\t\t\t<div class=\"elementor-widget-container\">\n\t\t\t\t\t<h3 class=\"elementor-heading-title elementor-size-default\">Copyright 2026 \u00a9 Karlovarsk\u00fd kraj<\/h3>\t\t\t\t<\/div>\n\t\t\t\t<\/div>\n\t\t\t\t<div class=\"elementor-element elementor-element-01ead0f elementor-widget elementor-widget-spacer\" data-id=\"01ead0f\" data-element_type=\"widget\" data-e-type=\"widget\" data-widget_type=\"spacer.default\">\n\t\t\t\t<div class=\"elementor-widget-container\">\n\t\t\t\t\t\t\t<div class=\"elementor-spacer\">\n\t\t\t<div class=\"elementor-spacer-inner\"><\/div>\n\t\t<\/div>\n\t\t\t\t\t\t<\/div>\n\t\t\t\t<\/div>\n\t\t\t\t\t<\/div>\n\t\t<\/div>\n\t\t\t\t\t<\/div>\n\t\t<\/section>\n\t\t\t\t<\/div>\n\t\t","protected":false},"excerpt":{"rendered":"<p>KARLOVARSK\u00dd KRAJ INVAZN\u00cd ROSTLINY Invazn\u00ed rostliny jsou zpravidla agresivn\u011b se \u0161\u00ed\u0159\u00edc\u00ed rostliny schopn\u00e9 rozvracet cel\u00e9 ekosyst\u00e9my, a vytla\u010dovat tak p\u016fvodn\u00ed druhy rostlin, ale i na n\u011b nav\u00e1zan\u00fdch \u017eivo\u010dich\u016f. Invaze rostlin nebo \u017eivo\u010dich\u016f obecn\u011b vedou ke ztr\u00e1t\u011b biologick\u00e9 rozmanitosti. Dal\u0161\u00edm probl\u00e9mem je vodn\u00ed a v\u011btrn\u00e1 eroze, kterou \u0159ada z nich zp\u016fsobuje na b\u0159ez\u00edch \u0159ek a potok\u016f. [&hellip;]<\/p>\n","protected":false},"author":1,"featured_media":0,"parent":0,"menu_order":0,"comment_status":"closed","ping_status":"closed","template":"","meta":{"site-sidebar-layout":"no-sidebar","site-content-layout":"page-builder","ast-site-content-layout":"default","site-content-style":"default","site-sidebar-style":"default","ast-global-header-display":"","ast-banner-title-visibility":"","ast-main-header-display":"","ast-hfb-above-header-display":"","ast-hfb-below-header-display":"","ast-hfb-mobile-header-display":"","site-post-title":"disabled","ast-breadcrumbs-content":"","ast-featured-img":"disabled","footer-sml-layout":"","ast-disable-related-posts":"","theme-transparent-header-meta":"default","adv-header-id-meta":"","stick-header-meta":"","header-above-stick-meta":"","header-main-stick-meta":"","header-below-stick-meta":"","astra-migrate-meta-layouts":"default","ast-page-background-enabled":"default","ast-page-background-meta":{"desktop":{"background-color":"var(--ast-global-color-4)","background-image":"","background-repeat":"repeat","background-position":"center center","background-size":"auto","background-attachment":"scroll","background-type":"","background-media":"","overlay-type":"","overlay-color":"","overlay-opacity":"","overlay-gradient":""},"tablet":{"background-color":"","background-image":"","background-repeat":"repeat","background-position":"center center","background-size":"auto","background-attachment":"scroll","background-type":"","background-media":"","overlay-type":"","overlay-color":"","overlay-opacity":"","overlay-gradient":""},"mobile":{"background-color":"","background-image":"","background-repeat":"repeat","background-position":"center center","background-size":"auto","background-attachment":"scroll","background-type":"","background-media":"","overlay-type":"","overlay-color":"","overlay-opacity":"","overlay-gradient":""}},"ast-content-background-meta":{"desktop":{"background-color":"var(--ast-global-color-5)","background-image":"","background-repeat":"repeat","background-position":"center center","background-size":"auto","background-attachment":"scroll","background-type":"","background-media":"","overlay-type":"","overlay-color":"","overlay-opacity":"","overlay-gradient":""},"tablet":{"background-color":"var(--ast-global-color-5)","background-image":"","background-repeat":"repeat","background-position":"center center","background-size":"auto","background-attachment":"scroll","background-type":"","background-media":"","overlay-type":"","overlay-color":"","overlay-opacity":"","overlay-gradient":""},"mobile":{"background-color":"var(--ast-global-color-5)","background-image":"","background-repeat":"repeat","background-position":"center center","background-size":"auto","background-attachment":"scroll","background-type":"","background-media":"","overlay-type":"","overlay-color":"","overlay-opacity":"","overlay-gradient":""}},"footnotes":""},"class_list":["post-377","page","type-page","status-publish","hentry"],"_links":{"self":[{"href":"https:\/\/extranet.kr-karlovarsky.cz\/invazivnirostliny\/wp-json\/wp\/v2\/pages\/377","targetHints":{"allow":["GET"]}}],"collection":[{"href":"https:\/\/extranet.kr-karlovarsky.cz\/invazivnirostliny\/wp-json\/wp\/v2\/pages"}],"about":[{"href":"https:\/\/extranet.kr-karlovarsky.cz\/invazivnirostliny\/wp-json\/wp\/v2\/types\/page"}],"author":[{"embeddable":true,"href":"https:\/\/extranet.kr-karlovarsky.cz\/invazivnirostliny\/wp-json\/wp\/v2\/users\/1"}],"replies":[{"embeddable":true,"href":"https:\/\/extranet.kr-karlovarsky.cz\/invazivnirostliny\/wp-json\/wp\/v2\/comments?post=377"}],"version-history":[{"count":28,"href":"https:\/\/extranet.kr-karlovarsky.cz\/invazivnirostliny\/wp-json\/wp\/v2\/pages\/377\/revisions"}],"predecessor-version":[{"id":787,"href":"https:\/\/extranet.kr-karlovarsky.cz\/invazivnirostliny\/wp-json\/wp\/v2\/pages\/377\/revisions\/787"}],"wp:attachment":[{"href":"https:\/\/extranet.kr-karlovarsky.cz\/invazivnirostliny\/wp-json\/wp\/v2\/media?parent=377"}],"curies":[{"name":"wp","href":"https:\/\/api.w.org\/{rel}","templated":true}]}}