{"id":676,"date":"2023-05-12T13:24:23","date_gmt":"2023-05-12T11:24:23","guid":{"rendered":"https:\/\/extranet.kr-karlovarsky.cz\/invazivnirostliny\/?page_id=676"},"modified":"2023-05-12T13:26:20","modified_gmt":"2023-05-12T11:26:20","slug":"souvisejici-projekty","status":"publish","type":"page","link":"https:\/\/extranet.kr-karlovarsky.cz\/invazivnirostliny\/souvisejici-projekty\/","title":{"rendered":"Souvisej\u00edc\u00ed projekty"},"content":{"rendered":"\t\t<div data-elementor-type=\"wp-page\" data-elementor-id=\"676\" class=\"elementor elementor-676\">\n\t\t\t\t\t\t<section class=\"elementor-section elementor-top-section elementor-element elementor-element-e823ba9 elementor-section-boxed elementor-section-height-default elementor-section-height-default\" data-id=\"e823ba9\" data-element_type=\"section\" data-e-type=\"section\" data-settings=\"{&quot;background_background&quot;:&quot;classic&quot;}\">\n\t\t\t\t\t\t\t<div class=\"elementor-background-overlay\"><\/div>\n\t\t\t\t\t\t\t<div class=\"elementor-container elementor-column-gap-default\">\n\t\t\t\t\t<div class=\"elementor-column elementor-col-100 elementor-top-column elementor-element elementor-element-131cf50 elementor-invisible\" data-id=\"131cf50\" data-element_type=\"column\" data-e-type=\"column\" data-settings=\"{&quot;animation&quot;:&quot;fadeInUp&quot;}\">\n\t\t\t<div class=\"elementor-widget-wrap elementor-element-populated\">\n\t\t\t\t\t\t<div class=\"elementor-element elementor-element-09c45be elementor-widget elementor-widget-heading\" data-id=\"09c45be\" data-element_type=\"widget\" data-e-type=\"widget\" data-widget_type=\"heading.default\">\n\t\t\t\t<div class=\"elementor-widget-container\">\n\t\t\t\t\t<h2 class=\"elementor-heading-title elementor-size-default\">KARLOVARSK\u00dd KRAJ<\/h2>\t\t\t\t<\/div>\n\t\t\t\t<\/div>\n\t\t\t\t<div class=\"elementor-element elementor-element-dbef778 elementor-widget elementor-widget-heading\" data-id=\"dbef778\" data-element_type=\"widget\" data-e-type=\"widget\" data-widget_type=\"heading.default\">\n\t\t\t\t<div class=\"elementor-widget-container\">\n\t\t\t\t\t<h2 class=\"elementor-heading-title elementor-size-default\">SOUVISEJ\u00cdC\u00cd PROJEKTY<\/h2>\t\t\t\t<\/div>\n\t\t\t\t<\/div>\n\t\t\t\t\t<\/div>\n\t\t<\/div>\n\t\t\t\t\t<\/div>\n\t\t<\/section>\n\t\t\t\t<section class=\"elementor-section elementor-top-section elementor-element elementor-element-8bf022e elementor-section-content-middle elementor-section-boxed elementor-section-height-default elementor-section-height-default\" data-id=\"8bf022e\" data-element_type=\"section\" data-e-type=\"section\" data-settings=\"{&quot;background_background&quot;:&quot;classic&quot;}\">\n\t\t\t\t\t\t<div class=\"elementor-container elementor-column-gap-wider\">\n\t\t\t\t\t<div class=\"elementor-column elementor-col-100 elementor-top-column elementor-element elementor-element-bacd726 elementor-invisible\" data-id=\"bacd726\" data-element_type=\"column\" data-e-type=\"column\" data-settings=\"{&quot;background_background&quot;:&quot;classic&quot;,&quot;animation&quot;:&quot;fadeInLeft&quot;}\">\n\t\t\t<div class=\"elementor-widget-wrap elementor-element-populated\">\n\t\t\t\t\t\t<div class=\"elementor-element elementor-element-f819119 elementor-widget elementor-widget-text-editor\" data-id=\"f819119\" data-element_type=\"widget\" data-e-type=\"widget\" data-widget_type=\"text-editor.default\">\n\t\t\t\t<div class=\"elementor-widget-container\">\n\t\t\t\t\t\t\t\t\t<p>Projekt Karlovarsk\u00e9ho kraje s n\u00e1zvem \u201eOmezen\u00ed v\u00fdskytu invazn\u00edch rostlin v Karlovarsk\u00e9m kraji &#8211; 13142856 &#8211; CZ.1.02\/6.2.00\/12.17406\u201c vych\u00e1z\u00ed ze zku\u0161enost\u00ed dvou pilotn\u00edch projekt\u016f m\u011bsta Mari\u00e1nsk\u00e9 L\u00e1zn\u011b, \u0159e\u0161\u00edc\u00edch omezen\u00ed v\u00fdskytu bol\u0161evn\u00edku velkolep\u00e9ho v povod\u00ed Kos\u00edho potoka a Hu\u0165sk\u00e9ho potoka a \u0159\u00ed\u010dky Tich\u00e9. Oba projekty byly podpo\u0159eny z Opera\u010dn\u00edho programu \u017divotn\u00ed prost\u0159ed\u00ed (OP\u017dP), osa 6.2. Ochrana biodiverzity a prob\u00edhaly v letech 2010 \u2013 2013. Podrobnosti o t\u011bchto projektech naleznete na <a href=\"http:\/\/www.bolsevnik.eu\">www.bolsevnik.eu<\/a><\/p><p><strong>Omezen\u00ed v\u00fdskytu invazn\u00edch druh\u016f v povod\u00ed Kos\u00edho potoka v Karlovarsk\u00e9m kraji \u010d\u00e1st I.<\/strong><br \/>bol\u0161evn\u00edk velkolep\u00fd &#8211; 10055686 &#8211; CZ.1.02\/6.2.00\/10.07170<\/p><div class=\"views-field views-field-title\"><strong><span class=\"field-content\">Omezen\u00ed v\u00fdskytu invazn\u00edch druh\u016f v povod\u00ed Hu\u0165sk\u00e9ho potoka a \u0159\u00ed\u010dky Tich\u00e9, \u010d\u00e1st I.<\/span><\/strong><\/div><div class=\"views-field views-field-body\"><div class=\"field-content\"><p>bol\u0161evn\u00edk velkolep\u00fd &#8211; 10055826 &#8211; CZ.1.02\/6.2.00\/10.07169<\/p><\/div><div class=\"views-field views-field-title\"><strong><span class=\"field-content\">Z\u00e1chrana lu\u017en\u00edch stanovi\u0161\u0165 v povod\u00ed Mor\u00e1vky<\/span><\/strong><\/div><div class=\"views-field views-field-body\"><div class=\"field-content\"><p>Projekt Z\u00e1chrana lu\u017en\u00edch stanovi\u0161\u0165 v povod\u00ed Mor\u00e1vky je realizov\u00e1n Moravskoslezsk\u00fdm krajem ve spolupr\u00e1ci s dal\u0161\u00edmi partnery a je finan\u010dn\u011b podpo\u0159en Evropskou uni\u00ed v r\u00e1mci programu LIFE-Nature.<\/p><\/div><p>Extern\u00ed odkaz\u00a0&#8211;\u00a0<a href=\"http:\/\/life-moravka.kr-moravskoslezsky.cz\/\" target=\"_blank\" rel=\"noopener\">www.life-moravka.kr-moravskoslezsky.cz<\/a><\/p><\/div><\/div>\t\t\t\t\t\t\t\t<\/div>\n\t\t\t\t<\/div>\n\t\t\t\t\t<\/div>\n\t\t<\/div>\n\t\t\t\t\t<\/div>\n\t\t<\/section>\n\t\t\t\t<section class=\"elementor-section elementor-top-section elementor-element elementor-element-27f8426 elementor-section-full_width elementor-section-height-default elementor-section-height-default\" data-id=\"27f8426\" data-element_type=\"section\" data-e-type=\"section\" data-settings=\"{&quot;background_background&quot;:&quot;classic&quot;}\">\n\t\t\t\t\t\t<div class=\"elementor-container elementor-column-gap-default\">\n\t\t\t\t\t<div class=\"elementor-column elementor-col-100 elementor-top-column elementor-element elementor-element-ce20e00\" data-id=\"ce20e00\" data-element_type=\"column\" data-e-type=\"column\">\n\t\t\t<div class=\"elementor-widget-wrap elementor-element-populated\">\n\t\t\t\t\t\t<div class=\"elementor-element elementor-element-83d1c4d elementor-widget elementor-widget-image\" data-id=\"83d1c4d\" data-element_type=\"widget\" data-e-type=\"widget\" data-widget_type=\"image.default\">\n\t\t\t\t<div class=\"elementor-widget-container\">\n\t\t\t\t\t\t\t\t\t\t\t\t\t\t\t<img fetchpriority=\"high\" decoding=\"async\" width=\"1260\" height=\"92\" src=\"https:\/\/extranet.kr-karlovarsky.cz\/invazivnirostliny\/wp-content\/uploads\/2023\/02\/paticka725a.png\" class=\"attachment-full size-full wp-image-109\" alt=\"\" srcset=\"https:\/\/extranet.kr-karlovarsky.cz\/invazivnirostliny\/wp-content\/uploads\/2023\/02\/paticka725a.png 1260w, https:\/\/extranet.kr-karlovarsky.cz\/invazivnirostliny\/wp-content\/uploads\/2023\/02\/paticka725a-300x22.png 300w, https:\/\/extranet.kr-karlovarsky.cz\/invazivnirostliny\/wp-content\/uploads\/2023\/02\/paticka725a-1024x75.png 1024w, https:\/\/extranet.kr-karlovarsky.cz\/invazivnirostliny\/wp-content\/uploads\/2023\/02\/paticka725a-768x56.png 768w\" sizes=\"(max-width: 1260px) 100vw, 1260px\" \/>\t\t\t\t\t\t\t\t\t\t\t\t\t\t\t<\/div>\n\t\t\t\t<\/div>\n\t\t\t\t\t<\/div>\n\t\t<\/div>\n\t\t\t\t\t<\/div>\n\t\t<\/section>\n\t\t\t\t<section class=\"elementor-section elementor-top-section elementor-element elementor-element-9e74a4c elementor-section-full_width elementor-section-height-default elementor-section-height-default\" data-id=\"9e74a4c\" data-element_type=\"section\" data-e-type=\"section\" data-settings=\"{&quot;background_background&quot;:&quot;classic&quot;}\">\n\t\t\t\t\t\t<div class=\"elementor-container elementor-column-gap-default\">\n\t\t\t\t\t<div class=\"elementor-column elementor-col-100 elementor-top-column elementor-element elementor-element-8700059\" data-id=\"8700059\" data-element_type=\"column\" data-e-type=\"column\">\n\t\t\t<div class=\"elementor-widget-wrap elementor-element-populated\">\n\t\t\t\t\t\t<div class=\"elementor-element elementor-element-94fe911 elementor-widget elementor-widget-spacer\" data-id=\"94fe911\" data-element_type=\"widget\" data-e-type=\"widget\" data-widget_type=\"spacer.default\">\n\t\t\t\t<div class=\"elementor-widget-container\">\n\t\t\t\t\t\t\t<div class=\"elementor-spacer\">\n\t\t\t<div class=\"elementor-spacer-inner\"><\/div>\n\t\t<\/div>\n\t\t\t\t\t\t<\/div>\n\t\t\t\t<\/div>\n\t\t\t\t<div class=\"elementor-element elementor-element-cba7f9b elementor-invisible elementor-widget elementor-widget-heading\" data-id=\"cba7f9b\" data-element_type=\"widget\" data-e-type=\"widget\" data-settings=\"{&quot;_animation&quot;:&quot;fadeInUp&quot;}\" data-widget_type=\"heading.default\">\n\t\t\t\t<div class=\"elementor-widget-container\">\n\t\t\t\t\t<h3 class=\"elementor-heading-title elementor-size-default\">Copyright 2023 \u00a9 Karlovarsk\u00fd kraj<\/h3>\t\t\t\t<\/div>\n\t\t\t\t<\/div>\n\t\t\t\t<div class=\"elementor-element elementor-element-fce96d4 elementor-widget elementor-widget-spacer\" data-id=\"fce96d4\" data-element_type=\"widget\" data-e-type=\"widget\" data-widget_type=\"spacer.default\">\n\t\t\t\t<div class=\"elementor-widget-container\">\n\t\t\t\t\t\t\t<div class=\"elementor-spacer\">\n\t\t\t<div class=\"elementor-spacer-inner\"><\/div>\n\t\t<\/div>\n\t\t\t\t\t\t<\/div>\n\t\t\t\t<\/div>\n\t\t\t\t\t<\/div>\n\t\t<\/div>\n\t\t\t\t\t<\/div>\n\t\t<\/section>\n\t\t\t\t<\/div>\n\t\t","protected":false},"excerpt":{"rendered":"<p>KARLOVARSK\u00dd KRAJ SOUVISEJ\u00cdC\u00cd PROJEKTY Projekt Karlovarsk\u00e9ho kraje s n\u00e1zvem \u201eOmezen\u00ed v\u00fdskytu invazn\u00edch rostlin v Karlovarsk\u00e9m kraji &#8211; 13142856 &#8211; CZ.1.02\/6.2.00\/12.17406\u201c vych\u00e1z\u00ed ze zku\u0161enost\u00ed dvou pilotn\u00edch projekt\u016f m\u011bsta Mari\u00e1nsk\u00e9 L\u00e1zn\u011b, \u0159e\u0161\u00edc\u00edch omezen\u00ed v\u00fdskytu bol\u0161evn\u00edku velkolep\u00e9ho v povod\u00ed Kos\u00edho potoka a Hu\u0165sk\u00e9ho potoka a \u0159\u00ed\u010dky Tich\u00e9. Oba projekty byly podpo\u0159eny z Opera\u010dn\u00edho programu \u017divotn\u00ed prost\u0159ed\u00ed (OP\u017dP), osa [&hellip;]<\/p>\n","protected":false},"author":1,"featured_media":0,"parent":0,"menu_order":0,"comment_status":"closed","ping_status":"closed","template":"","meta":{"site-sidebar-layout":"no-sidebar","site-content-layout":"page-builder","ast-site-content-layout":"default","site-content-style":"default","site-sidebar-style":"default","ast-global-header-display":"","ast-banner-title-visibility":"","ast-main-header-display":"","ast-hfb-above-header-display":"","ast-hfb-below-header-display":"","ast-hfb-mobile-header-display":"","site-post-title":"disabled","ast-breadcrumbs-content":"","ast-featured-img":"disabled","footer-sml-layout":"","ast-disable-related-posts":"","theme-transparent-header-meta":"default","adv-header-id-meta":"","stick-header-meta":"","header-above-stick-meta":"","header-main-stick-meta":"","header-below-stick-meta":"","astra-migrate-meta-layouts":"default","ast-page-background-enabled":"default","ast-page-background-meta":{"desktop":{"background-color":"var(--ast-global-color-4)","background-image":"","background-repeat":"repeat","background-position":"center center","background-size":"auto","background-attachment":"scroll","background-type":"","background-media":"","overlay-type":"","overlay-color":"","overlay-opacity":"","overlay-gradient":""},"tablet":{"background-color":"","background-image":"","background-repeat":"repeat","background-position":"center center","background-size":"auto","background-attachment":"scroll","background-type":"","background-media":"","overlay-type":"","overlay-color":"","overlay-opacity":"","overlay-gradient":""},"mobile":{"background-color":"","background-image":"","background-repeat":"repeat","background-position":"center center","background-size":"auto","background-attachment":"scroll","background-type":"","background-media":"","overlay-type":"","overlay-color":"","overlay-opacity":"","overlay-gradient":""}},"ast-content-background-meta":{"desktop":{"background-color":"var(--ast-global-color-5)","background-image":"","background-repeat":"repeat","background-position":"center center","background-size":"auto","background-attachment":"scroll","background-type":"","background-media":"","overlay-type":"","overlay-color":"","overlay-opacity":"","overlay-gradient":""},"tablet":{"background-color":"var(--ast-global-color-5)","background-image":"","background-repeat":"repeat","background-position":"center center","background-size":"auto","background-attachment":"scroll","background-type":"","background-media":"","overlay-type":"","overlay-color":"","overlay-opacity":"","overlay-gradient":""},"mobile":{"background-color":"var(--ast-global-color-5)","background-image":"","background-repeat":"repeat","background-position":"center center","background-size":"auto","background-attachment":"scroll","background-type":"","background-media":"","overlay-type":"","overlay-color":"","overlay-opacity":"","overlay-gradient":""}},"footnotes":""},"class_list":["post-676","page","type-page","status-publish","hentry"],"_links":{"self":[{"href":"https:\/\/extranet.kr-karlovarsky.cz\/invazivnirostliny\/wp-json\/wp\/v2\/pages\/676","targetHints":{"allow":["GET"]}}],"collection":[{"href":"https:\/\/extranet.kr-karlovarsky.cz\/invazivnirostliny\/wp-json\/wp\/v2\/pages"}],"about":[{"href":"https:\/\/extranet.kr-karlovarsky.cz\/invazivnirostliny\/wp-json\/wp\/v2\/types\/page"}],"author":[{"embeddable":true,"href":"https:\/\/extranet.kr-karlovarsky.cz\/invazivnirostliny\/wp-json\/wp\/v2\/users\/1"}],"replies":[{"embeddable":true,"href":"https:\/\/extranet.kr-karlovarsky.cz\/invazivnirostliny\/wp-json\/wp\/v2\/comments?post=676"}],"version-history":[{"count":4,"href":"https:\/\/extranet.kr-karlovarsky.cz\/invazivnirostliny\/wp-json\/wp\/v2\/pages\/676\/revisions"}],"predecessor-version":[{"id":683,"href":"https:\/\/extranet.kr-karlovarsky.cz\/invazivnirostliny\/wp-json\/wp\/v2\/pages\/676\/revisions\/683"}],"wp:attachment":[{"href":"https:\/\/extranet.kr-karlovarsky.cz\/invazivnirostliny\/wp-json\/wp\/v2\/media?parent=676"}],"curies":[{"name":"wp","href":"https:\/\/api.w.org\/{rel}","templated":true}]}}