{"id":1011,"date":"2024-06-25T12:19:01","date_gmt":"2024-06-25T10:19:01","guid":{"rendered":"https:\/\/extranet.kr-karlovarsky.cz\/opst\/?page_id=1011"},"modified":"2024-09-19T08:31:34","modified_gmt":"2024-09-19T06:31:34","slug":"zakladni-informace-naborove-prispevky-v-oblasti-skolstvi","status":"publish","type":"page","link":"https:\/\/extranet.kr-karlovarsky.cz\/opst\/zakladni-informace-naborove-prispevky-v-oblasti-skolstvi\/","title":{"rendered":"Z\u00e1kladn\u00ed informace &#8211; N\u00e1borov\u00e9 p\u0159\u00edsp\u011bvky v oblasti \u0161kolstv\u00ed"},"content":{"rendered":"\t\t<div data-elementor-type=\"wp-post\" data-elementor-id=\"1011\" class=\"elementor elementor-1011\">\n\t\t\t\t\t\t<section class=\"elementor-section elementor-top-section elementor-element elementor-element-4d37d0f2 elementor-reverse-tablet elementor-reverse-mobile elementor-section-boxed elementor-section-height-default elementor-section-height-default\" data-id=\"4d37d0f2\" data-element_type=\"section\" data-e-type=\"section\" data-settings=\"{&quot;background_background&quot;:&quot;classic&quot;,&quot;shape_divider_top&quot;:&quot;triangle&quot;,&quot;shape_divider_bottom&quot;:&quot;triangle&quot;}\">\n\t\t\t\t\t<div class=\"elementor-shape elementor-shape-top\" aria-hidden=\"true\" data-negative=\"false\">\n\t\t\t<svg xmlns=\"http:\/\/www.w3.org\/2000\/svg\" viewBox=\"0 0 1000 100\" preserveAspectRatio=\"none\">\n\t<path class=\"elementor-shape-fill\" d=\"M500,98.9L0,6.1V0h1000v6.1L500,98.9z\"\/>\n<\/svg>\t\t<\/div>\n\t\t\t\t<div class=\"elementor-shape elementor-shape-bottom\" aria-hidden=\"true\" data-negative=\"false\">\n\t\t\t<svg xmlns=\"http:\/\/www.w3.org\/2000\/svg\" viewBox=\"0 0 1000 100\" preserveAspectRatio=\"none\">\n\t<path class=\"elementor-shape-fill\" d=\"M500,98.9L0,6.1V0h1000v6.1L500,98.9z\"\/>\n<\/svg>\t\t<\/div>\n\t\t\t\t\t<div class=\"elementor-container elementor-column-gap-default\">\n\t\t\t\t\t<div class=\"elementor-column elementor-col-50 elementor-top-column elementor-element elementor-element-5d8de508\" data-id=\"5d8de508\" data-element_type=\"column\" data-e-type=\"column\" data-settings=\"{&quot;background_background&quot;:&quot;classic&quot;}\">\n\t\t\t<div class=\"elementor-widget-wrap elementor-element-populated\">\n\t\t\t\t\t\t<section class=\"elementor-section elementor-inner-section elementor-element elementor-element-e716253 elementor-section-boxed elementor-section-height-default elementor-section-height-default\" data-id=\"e716253\" data-element_type=\"section\" data-e-type=\"section\" data-settings=\"{&quot;background_background&quot;:&quot;classic&quot;}\">\n\t\t\t\t\t\t<div class=\"elementor-container elementor-column-gap-default\">\n\t\t\t\t\t<div class=\"elementor-column elementor-col-100 elementor-inner-column elementor-element elementor-element-ce4e767\" data-id=\"ce4e767\" data-element_type=\"column\" data-e-type=\"column\">\n\t\t\t<div class=\"elementor-widget-wrap elementor-element-populated\">\n\t\t\t\t\t\t<div class=\"elementor-element elementor-element-714b58b elementor-widget__width-initial elementor-widget-divider--view-line elementor-widget elementor-widget-divider\" data-id=\"714b58b\" data-element_type=\"widget\" data-e-type=\"widget\" data-widget_type=\"divider.default\">\n\t\t\t\t<div class=\"elementor-widget-container\">\n\t\t\t\t\t\t\t<div class=\"elementor-divider\">\n\t\t\t<span class=\"elementor-divider-separator\">\n\t\t\t\t\t\t<\/span>\n\t\t<\/div>\n\t\t\t\t\t\t<\/div>\n\t\t\t\t<\/div>\n\t\t\t\t<div class=\"elementor-element elementor-element-8396907 elementor-widget__width-initial elementor-widget elementor-widget-heading\" data-id=\"8396907\" data-element_type=\"widget\" data-e-type=\"widget\" data-widget_type=\"heading.default\">\n\t\t\t\t<div class=\"elementor-widget-container\">\n\t\t\t\t\t<h2 class=\"elementor-heading-title elementor-size-default\">Karlovarsk\u00fd kraj<\/h2>\t\t\t\t<\/div>\n\t\t\t\t<\/div>\n\t\t\t\t<div class=\"elementor-element elementor-element-f6be3c0 elementor-widget elementor-widget-heading\" data-id=\"f6be3c0\" data-element_type=\"widget\" data-e-type=\"widget\" data-widget_type=\"heading.default\">\n\t\t\t\t<div class=\"elementor-widget-container\">\n\t\t\t\t\t<h2 class=\"elementor-heading-title elementor-size-default\">Z\u00e1kladn\u00ed informace - n\u00e1borov\u00e9 p\u0159\u00edsp\u011bvky<\/h2>\t\t\t\t<\/div>\n\t\t\t\t<\/div>\n\t\t\t\t<div class=\"elementor-element elementor-element-09e80a1 elementor-widget elementor-widget-text-editor\" data-id=\"09e80a1\" data-element_type=\"widget\" data-e-type=\"widget\" data-widget_type=\"text-editor.default\">\n\t\t\t\t<div class=\"elementor-widget-container\">\n\t\t\t\t\t\t\t\t\t<h3>\u00a0<\/h3><h3><strong>Kdo m\u016f\u017ee o dotaci po\u017e\u00e1dat?<\/strong><\/h3><p>V\u00a0r\u00e1mci dota\u010dn\u00edho programu jsou zp\u016fsobil\u00fdmi \u017eadateli pouze tyto osoby:<\/p><ul><li>\u0161kolsk\u00e1 pr\u00e1vnick\u00e1 osoba definovan\u00e1 z\u00e1konem \u010d. 561\/ 2004 Sb. (\u0161kolsk\u00fd z\u00e1kon);<\/li><li>obec;<\/li><li>dobrovoln\u00fd svazek obc\u00ed;<\/li><li>organizace z\u0159izovan\u00e1 nebo zakl\u00e1dan\u00e1 obcemi\/krajem;<\/li><li>nest\u00e1tn\u00ed neziskov\u00e1 organizace, kter\u00e9 minim\u00e1ln\u011b 2 roky bezprost\u0159edn\u011b p\u0159ed pod\u00e1n\u00edm \u017e\u00e1dosti nep\u0159etr\u017eit\u011b p\u016fsob\u00ed v oblasti vzd\u011bl\u00e1v\u00e1n\u00ed nebo asisten\u010dn\u00edch slu\u017eeb;<\/li><li>c\u00edrkev;<\/li><li>c\u00edrkevn\u00ed organizace;<\/li><li>organiza\u010dn\u00ed slo\u017eka st\u00e1tu;<\/li><li>p\u0159\u00edsp\u011bvkov\u00e1 organizace organiza\u010dn\u00edch slo\u017eek st\u00e1tu;<\/li><\/ul><p>ostatn\u00ed pr\u00e1vnick\u00e9 osoby vykon\u00e1vaj\u00edc\u00ed \u010dinnost \u0161kol a \u0161kolsk\u00fdch za\u0159\u00edzen\u00ed, zapsan\u00e9 v Rejst\u0159\u00edku \u0161kol a \u0161kolsk\u00fdch za\u0159\u00edzen\u00ed (nap\u0159. akciov\u00e9 spole\u010dnosti, komanditn\u00ed spole\u010dnosti, spole\u010dnosti s ru\u010den\u00edm omezen\u00fdm, ve\u0159ejn\u00e9 obchodn\u00ed spole\u010dnosti).<\/p><h3>\u00a0<\/h3><h3><strong>Kolik finan\u010dn\u00edch prost\u0159edk\u016f mohu z\u00edskat?<\/strong><\/h3><p>Dotaci lze kone\u010dn\u00e9mu \u017eadateli p\u0159iznat ve v\u00fd\u0161i 100 % zp\u016fsobil\u00fdch v\u00fddaj\u016f projektu, tedy ve v\u00fd\u0161i:<\/p><ul><li>669\u00a0000 K\u010d pro aktivitu n\u00e1borov\u00e9ho p\u0159\u00edsp\u011bvku, kter\u00fd bude poskytnut podpo\u0159en\u00e9 osob\u011b;<\/li><li>100 000 K\u010d pro aktivitu vzd\u011bl\u00e1v\u00e1n\u00ed zam\u011bstnance podpo\u0159en\u00e9ho n\u00e1borov\u00fdm p\u0159\u00edsp\u011bvkem. Vzd\u011bl\u00e1n\u00ed mus\u00ed b\u00fdt absolvov\u00e1no v rozsahu minim\u00e1ln\u011b 40 hodin; t\u00edm nen\u00ed dot\u010dena povinnost dokon\u010dit vzd\u011bl\u00e1v\u00e1n\u00ed v\u00a0p\u0159edepsan\u00e9m rozsahu dle kapitoly 2 bod A) dota\u010dn\u00edho programu.<a name=\"_Toc169154636\"><\/a><\/li><\/ul><p>\u00a0<\/p><p>\u00a0<\/p><p>\u00da\u010delem dota\u010dn\u00edho programu je n\u00e1borov\u00fd p\u0159\u00edsp\u011bvek a p\u0159\u00edsp\u011bvek na vzd\u011bl\u00e1v\u00e1n\u00ed, kter\u00fd bude poskytov\u00e1n kvalifikovan\u00fdm u\u010ditel\u016fm, speci\u00e1ln\u00edm pedagog\u016fm a psycholog\u016fm a d\u00e1le z\u00e1jemc\u016fm o profesi u\u010ditele odborn\u00fdch p\u0159edm\u011bt\u016f nebo praktick\u00e9ho vyu\u010dov\u00e1n\u00ed, kter\u00fdm chyb\u00ed pedagogick\u00e1 slo\u017eka odborn\u00e9 kvalifikace.<\/p><h3><strong>Podporovan\u00e9 aktivity v\u00a0r\u00e1mci dotace<\/strong><\/h3><p>V\u00a0dota\u010dn\u00edm programu lze z\u00edskat dotaci na tyto aktivity:<\/p><p><strong style=\"background-color: transparent;\">A) N\u00e1borov\u00fd p\u0159\u00edsp\u011bvek<\/strong><\/p><p>V\u00a0r\u00e1mci t\u00e9to aktivity bude kone\u010dn\u00e9mu p\u0159\u00edjemci poskytnuta dotace na v\u00fdplatu n\u00e1borov\u00e9ho p\u0159\u00edsp\u011bvku:<\/p><ol><li>nastupuj\u00edc\u00edmu kvalifikovan\u00e9mu u\u010diteli;<\/li><li>nastupuj\u00edc\u00edmu speci\u00e1ln\u00edmu pedagogovi;<\/li><li>nastupuj\u00edc\u00edmu odborn\u00edkovi z praxe bez pedagogick\u00e9ho vzd\u011bl\u00e1n\u00ed, kter\u00e9 si dopln\u00ed v r\u00e1mci z\u00e1vazku;<\/li><li>nastupuj\u00edc\u00edmu \u0161koln\u00edmu psychologovi.<\/li><\/ol><p><br \/>\u00davazek n\u00e1borov\u00fdm p\u0159\u00edsp\u011bvkem podpo\u0159en\u00e9 osoby mus\u00ed b\u00fdt na 1 FTE (full time equivalent), tzn. 40 hodin t\u00fddn\u011b.<\/p><p><strong style=\"background-color: transparent;\">B) Vzd\u011bl\u00e1v\u00e1n\u00ed<\/strong><\/p><p>V\u00a0r\u00e1mci t\u00e9to aktivity bude kone\u010dn\u00e9mu p\u0159\u00edjemci poskytnuta dotace na vzd\u011bl\u00e1v\u00e1n\u00ed n\u00e1borov\u00fdm p\u0159\u00edsp\u011bvkem podpo\u0159en\u00e9 osoby dle bodu A) a\u017e do v\u00fd\u0161e 100\u00a0000 K\u010d, a to zejm\u00e9na na vzd\u011bl\u00e1v\u00e1n\u00ed dle vyhl\u00e1\u0161ky \u010d. 317\/2005 Sb., o dal\u0161\u00edm vzd\u011bl\u00e1v\u00e1n\u00ed pedagogick\u00fdch pracovn\u00edk\u016f, akredita\u010dn\u00ed komisi a kari\u00e9rn\u00edm syst\u00e9mu pedagogick\u00fdch pracovn\u00edk\u016f. Vzd\u011bl\u00e1n\u00ed mus\u00ed b\u00fdt absolvov\u00e1no v rozsahu minim\u00e1ln\u011b 40 hodin.<\/p>\t\t\t\t\t\t\t\t<\/div>\n\t\t\t\t<\/div>\n\t\t\t\t\t<\/div>\n\t\t<\/div>\n\t\t\t\t\t<\/div>\n\t\t<\/section>\n\t\t\t\t\t<\/div>\n\t\t<\/div>\n\t\t\t\t<div class=\"elementor-column elementor-col-50 elementor-top-column elementor-element elementor-element-939df7c elementor-hidden-tablet elementor-hidden-mobile\" data-id=\"939df7c\" data-element_type=\"column\" data-e-type=\"column\" data-settings=\"{&quot;background_background&quot;:&quot;classic&quot;}\">\n\t\t\t<div class=\"elementor-widget-wrap elementor-element-populated\">\n\t\t\t\t\t\t<section class=\"elementor-section elementor-inner-section elementor-element elementor-element-a1e0c14 elementor-section-full_width elementor-section-height-default elementor-section-height-default\" data-id=\"a1e0c14\" data-element_type=\"section\" data-e-type=\"section\">\n\t\t\t\t\t\t<div class=\"elementor-container elementor-column-gap-default\">\n\t\t\t\t\t<div class=\"elementor-column elementor-col-100 elementor-inner-column elementor-element elementor-element-09d6d9c elementor-invisible\" data-id=\"09d6d9c\" data-element_type=\"column\" data-e-type=\"column\" data-settings=\"{&quot;background_background&quot;:&quot;classic&quot;,&quot;animation&quot;:&quot;zoomIn&quot;}\">\n\t\t\t<div class=\"elementor-widget-wrap elementor-element-populated\">\n\t\t\t\t\t\t<div class=\"elementor-element elementor-element-c6254f6 elementor-align-center elementor-mobile-align-justify elementor-widget-mobile__width-inherit elementor-widget elementor-widget-button\" data-id=\"c6254f6\" data-element_type=\"widget\" data-e-type=\"widget\" data-widget_type=\"button.default\">\n\t\t\t\t<div class=\"elementor-widget-container\">\n\t\t\t\t\t\t\t\t\t<div class=\"elementor-button-wrapper\">\n\t\t\t\t\t<a class=\"elementor-button elementor-button-link elementor-size-sm elementor-animation-wobble-vertical\" href=\"https:\/\/extranet.kr-karlovarsky.cz\/opst\/dotacni-program-a-prilohy-ke-stazeni-naborove-prispevky\/\">\n\t\t\t\t\t\t<span class=\"elementor-button-content-wrapper\">\n\t\t\t\t\t\t<span class=\"elementor-button-icon\">\n\t\t\t\t\t\t\t<\/span>\n\t\t\t\t\t\t\t\t\t<span class=\"elementor-button-text\"><br>DOTA\u010cN\u00cd PROGRAM <br>A P\u0158\u00cdLOHY<br><br><\/span>\n\t\t\t\t\t<\/span>\n\t\t\t\t\t<\/a>\n\t\t\t\t<\/div>\n\t\t\t\t\t\t\t\t<\/div>\n\t\t\t\t<\/div>\n\t\t\t\t<div class=\"elementor-element elementor-element-8e5813a elementor-align-center elementor-mobile-align-justify elementor-widget-mobile__width-inherit elementor-widget elementor-widget-button\" data-id=\"8e5813a\" data-element_type=\"widget\" data-e-type=\"widget\" data-widget_type=\"button.default\">\n\t\t\t\t<div class=\"elementor-widget-container\">\n\t\t\t\t\t\t\t\t\t<div class=\"elementor-button-wrapper\">\n\t\t\t\t\t<a class=\"elementor-button elementor-button-link elementor-size-lg elementor-animation-wobble-vertical\" href=\"\/opst\/souvisejici-dokumenty-naborove-prispevky\/\">\n\t\t\t\t\t\t<span class=\"elementor-button-content-wrapper\">\n\t\t\t\t\t\t<span class=\"elementor-button-icon\">\n\t\t\t\t\t\t\t<\/span>\n\t\t\t\t\t\t\t\t\t<span class=\"elementor-button-text\">SOUVISEJ\u00cdC\u00cd DOKUMENTY<br><\/span>\n\t\t\t\t\t<\/span>\n\t\t\t\t\t<\/a>\n\t\t\t\t<\/div>\n\t\t\t\t\t\t\t\t<\/div>\n\t\t\t\t<\/div>\n\t\t\t\t<div class=\"elementor-element elementor-element-690cdbc elementor-align-center elementor-mobile-align-justify elementor-widget-mobile__width-inherit elementor-widget elementor-widget-button\" data-id=\"690cdbc\" data-element_type=\"widget\" data-e-type=\"widget\" data-widget_type=\"button.default\">\n\t\t\t\t<div class=\"elementor-widget-container\">\n\t\t\t\t\t\t\t\t\t<div class=\"elementor-button-wrapper\">\n\t\t\t\t\t<a class=\"elementor-button elementor-button-link elementor-size-sm elementor-animation-wobble-vertical\" href=\"https:\/\/dotace.kr-karlovarsky.cz\/gordic\/ginis\/app\/RAP05\/\" target=\"_blank\">\n\t\t\t\t\t\t<span class=\"elementor-button-content-wrapper\">\n\t\t\t\t\t\t<span class=\"elementor-button-icon\">\n\t\t\t\t\t\t\t<\/span>\n\t\t\t\t\t\t\t\t\t<span class=\"elementor-button-text\">POD\u00c1N\u00cd \u017d\u00c1DOSTI<br><br><\/span>\n\t\t\t\t\t<\/span>\n\t\t\t\t\t<\/a>\n\t\t\t\t<\/div>\n\t\t\t\t\t\t\t\t<\/div>\n\t\t\t\t<\/div>\n\t\t\t\t<div class=\"elementor-element elementor-element-b4ad87e elementor-align-center elementor-mobile-align-justify elementor-widget-mobile__width-inherit elementor-widget elementor-widget-button\" data-id=\"b4ad87e\" data-element_type=\"widget\" data-e-type=\"widget\" data-widget_type=\"button.default\">\n\t\t\t\t<div class=\"elementor-widget-container\">\n\t\t\t\t\t\t\t\t\t<div class=\"elementor-button-wrapper\">\n\t\t\t\t\t<a class=\"elementor-button elementor-size-lg elementor-animation-wobble-vertical\" role=\"button\">\n\t\t\t\t\t\t<span class=\"elementor-button-content-wrapper\">\n\t\t\t\t\t\t<span class=\"elementor-button-icon\">\n\t\t\t\t\t\t\t<\/span>\n\t\t\t\t\t\t\t\t\t<span class=\"elementor-button-text\">VY\u00da\u010cTOV\u00c1N\u00cd DOTACE<br>(v p\u0159\u00edprav\u011b)<\/span>\n\t\t\t\t\t<\/span>\n\t\t\t\t\t<\/a>\n\t\t\t\t<\/div>\n\t\t\t\t\t\t\t\t<\/div>\n\t\t\t\t<\/div>\n\t\t\t\t<div class=\"elementor-element elementor-element-124bb19 elementor-align-center elementor-mobile-align-justify elementor-widget-mobile__width-inherit elementor-widget elementor-widget-button\" data-id=\"124bb19\" data-element_type=\"widget\" data-e-type=\"widget\" data-widget_type=\"button.default\">\n\t\t\t\t<div class=\"elementor-widget-container\">\n\t\t\t\t\t\t\t\t\t<div class=\"elementor-button-wrapper\">\n\t\t\t\t\t<a class=\"elementor-button elementor-button-link elementor-size-lg elementor-animation-wobble-vertical\" href=\"https:\/\/extranet.kr-karlovarsky.cz\/opst\/caste-dotazy-naborove-prispevky-v-oblasti-skolstvi\/\">\n\t\t\t\t\t\t<span class=\"elementor-button-content-wrapper\">\n\t\t\t\t\t\t<span class=\"elementor-button-icon\">\n\t\t\t\t\t\t\t<\/span>\n\t\t\t\t\t\t\t\t\t<span class=\"elementor-button-text\">\u010cAST\u00c9 DOTAZY<br><\/span>\n\t\t\t\t\t<\/span>\n\t\t\t\t\t<\/a>\n\t\t\t\t<\/div>\n\t\t\t\t\t\t\t\t<\/div>\n\t\t\t\t<\/div>\n\t\t\t\t\t<\/div>\n\t\t<\/div>\n\t\t\t\t\t<\/div>\n\t\t<\/section>\n\t\t\t\t\t<\/div>\n\t\t<\/div>\n\t\t\t\t\t<\/div>\n\t\t<\/section>\n\t\t\t\t<section class=\"elementor-section elementor-top-section elementor-element elementor-element-e359de8 elementor-section-boxed elementor-section-height-default elementor-section-height-default\" data-id=\"e359de8\" data-element_type=\"section\" data-e-type=\"section\" data-settings=\"{&quot;background_background&quot;:&quot;classic&quot;}\">\n\t\t\t\t\t\t<div class=\"elementor-container elementor-column-gap-default\">\n\t\t\t\t\t<div class=\"elementor-column elementor-col-100 elementor-top-column elementor-element elementor-element-19fec70\" data-id=\"19fec70\" data-element_type=\"column\" data-e-type=\"column\">\n\t\t\t<div class=\"elementor-widget-wrap elementor-element-populated\">\n\t\t\t\t\t\t<div class=\"elementor-element elementor-element-659cef3 elementor-widget elementor-widget-text-editor\" data-id=\"659cef3\" data-element_type=\"widget\" data-e-type=\"widget\" data-widget_type=\"text-editor.default\">\n\t\t\t\t<div class=\"elementor-widget-container\">\n\t\t\t\t\t\t\t\t\t<p>Copyright 2024\u00a0 \u00a9\u00a0 Karlovarsk\u00fd kraj.\u00a0 All Rights Reserved\u00a0 &amp;\u00a0 Design Karlovarsk\u00fd kraj<\/p>\t\t\t\t\t\t\t\t<\/div>\n\t\t\t\t<\/div>\n\t\t\t\t\t<\/div>\n\t\t<\/div>\n\t\t\t\t\t<\/div>\n\t\t<\/section>\n\t\t\t\t<\/div>\n\t\t","protected":false},"excerpt":{"rendered":"<p>Karlovarsk\u00fd kraj Z\u00e1kladn\u00ed informace &#8211; n\u00e1borov\u00e9 p\u0159\u00edsp\u011bvky \u00a0 Kdo m\u016f\u017ee o dotaci po\u017e\u00e1dat? V\u00a0r\u00e1mci dota\u010dn\u00edho programu jsou zp\u016fsobil\u00fdmi \u017eadateli pouze tyto osoby: \u0161kolsk\u00e1 pr\u00e1vnick\u00e1 osoba definovan\u00e1 z\u00e1konem \u010d. 561\/ 2004 Sb. (\u0161kolsk\u00fd z\u00e1kon); obec; dobrovoln\u00fd svazek obc\u00ed; organizace z\u0159izovan\u00e1 nebo zakl\u00e1dan\u00e1 obcemi\/krajem; nest\u00e1tn\u00ed neziskov\u00e1 organizace, kter\u00e9 minim\u00e1ln\u011b 2 roky bezprost\u0159edn\u011b p\u0159ed pod\u00e1n\u00edm \u017e\u00e1dosti nep\u0159etr\u017eit\u011b p\u016fsob\u00ed [&hellip;]<\/p>\n","protected":false},"author":1,"featured_media":0,"parent":0,"menu_order":0,"comment_status":"closed","ping_status":"closed","template":"elementor_canvas","meta":{"footnotes":""},"class_list":["post-1011","page","type-page","status-publish","hentry"],"_links":{"self":[{"href":"https:\/\/extranet.kr-karlovarsky.cz\/opst\/wp-json\/wp\/v2\/pages\/1011","targetHints":{"allow":["GET"]}}],"collection":[{"href":"https:\/\/extranet.kr-karlovarsky.cz\/opst\/wp-json\/wp\/v2\/pages"}],"about":[{"href":"https:\/\/extranet.kr-karlovarsky.cz\/opst\/wp-json\/wp\/v2\/types\/page"}],"author":[{"embeddable":true,"href":"https:\/\/extranet.kr-karlovarsky.cz\/opst\/wp-json\/wp\/v2\/users\/1"}],"replies":[{"embeddable":true,"href":"https:\/\/extranet.kr-karlovarsky.cz\/opst\/wp-json\/wp\/v2\/comments?post=1011"}],"version-history":[{"count":12,"href":"https:\/\/extranet.kr-karlovarsky.cz\/opst\/wp-json\/wp\/v2\/pages\/1011\/revisions"}],"predecessor-version":[{"id":1269,"href":"https:\/\/extranet.kr-karlovarsky.cz\/opst\/wp-json\/wp\/v2\/pages\/1011\/revisions\/1269"}],"wp:attachment":[{"href":"https:\/\/extranet.kr-karlovarsky.cz\/opst\/wp-json\/wp\/v2\/media?parent=1011"}],"curies":[{"name":"wp","href":"https:\/\/api.w.org\/{rel}","templated":true}]}}