{"id":1077,"date":"2024-07-22T11:44:38","date_gmt":"2024-07-22T09:44:38","guid":{"rendered":"https:\/\/extranet.kr-karlovarsky.cz\/opst\/?page_id=1077"},"modified":"2024-11-04T09:48:10","modified_gmt":"2024-11-04T08:48:10","slug":"caste-dotazy-naborove-prispevky-v-oblasti-skolstvi","status":"publish","type":"page","link":"https:\/\/extranet.kr-karlovarsky.cz\/opst\/caste-dotazy-naborove-prispevky-v-oblasti-skolstvi\/","title":{"rendered":"\u010cast\u00e9 dotazy &#8211; N\u00e1borov\u00e9 p\u0159\u00edsp\u011bvky v oblasti \u0161kolstv\u00ed"},"content":{"rendered":"\t\t<div data-elementor-type=\"wp-post\" data-elementor-id=\"1077\" class=\"elementor elementor-1077\">\n\t\t\t\t\t\t<section class=\"elementor-section elementor-top-section elementor-element elementor-element-4d37d0f2 elementor-reverse-tablet elementor-reverse-mobile elementor-section-boxed elementor-section-height-default elementor-section-height-default\" data-id=\"4d37d0f2\" data-element_type=\"section\" data-e-type=\"section\" data-settings=\"{&quot;background_background&quot;:&quot;classic&quot;,&quot;shape_divider_top&quot;:&quot;triangle&quot;,&quot;shape_divider_bottom&quot;:&quot;triangle&quot;}\">\n\t\t\t\t\t<div class=\"elementor-shape elementor-shape-top\" aria-hidden=\"true\" data-negative=\"false\">\n\t\t\t<svg xmlns=\"http:\/\/www.w3.org\/2000\/svg\" viewBox=\"0 0 1000 100\" preserveAspectRatio=\"none\">\n\t<path class=\"elementor-shape-fill\" d=\"M500,98.9L0,6.1V0h1000v6.1L500,98.9z\"\/>\n<\/svg>\t\t<\/div>\n\t\t\t\t<div class=\"elementor-shape elementor-shape-bottom\" aria-hidden=\"true\" data-negative=\"false\">\n\t\t\t<svg xmlns=\"http:\/\/www.w3.org\/2000\/svg\" viewBox=\"0 0 1000 100\" preserveAspectRatio=\"none\">\n\t<path class=\"elementor-shape-fill\" d=\"M500,98.9L0,6.1V0h1000v6.1L500,98.9z\"\/>\n<\/svg>\t\t<\/div>\n\t\t\t\t\t<div class=\"elementor-container elementor-column-gap-default\">\n\t\t\t\t\t<div class=\"elementor-column elementor-col-50 elementor-top-column elementor-element elementor-element-5d8de508\" data-id=\"5d8de508\" data-element_type=\"column\" data-e-type=\"column\" data-settings=\"{&quot;background_background&quot;:&quot;classic&quot;}\">\n\t\t\t<div class=\"elementor-widget-wrap elementor-element-populated\">\n\t\t\t\t\t\t<section class=\"elementor-section elementor-inner-section elementor-element elementor-element-e716253 elementor-section-boxed elementor-section-height-default elementor-section-height-default\" data-id=\"e716253\" data-element_type=\"section\" data-e-type=\"section\" data-settings=\"{&quot;background_background&quot;:&quot;classic&quot;}\">\n\t\t\t\t\t\t<div class=\"elementor-container elementor-column-gap-default\">\n\t\t\t\t\t<div class=\"elementor-column elementor-col-100 elementor-inner-column elementor-element elementor-element-ce4e767\" data-id=\"ce4e767\" data-element_type=\"column\" data-e-type=\"column\">\n\t\t\t<div class=\"elementor-widget-wrap elementor-element-populated\">\n\t\t\t\t\t\t<div class=\"elementor-element elementor-element-714b58b elementor-widget__width-initial elementor-widget-divider--view-line elementor-widget elementor-widget-divider\" data-id=\"714b58b\" data-element_type=\"widget\" data-e-type=\"widget\" data-widget_type=\"divider.default\">\n\t\t\t\t<div class=\"elementor-widget-container\">\n\t\t\t\t\t\t\t<div class=\"elementor-divider\">\n\t\t\t<span class=\"elementor-divider-separator\">\n\t\t\t\t\t\t<\/span>\n\t\t<\/div>\n\t\t\t\t\t\t<\/div>\n\t\t\t\t<\/div>\n\t\t\t\t<div class=\"elementor-element elementor-element-8396907 elementor-widget__width-initial elementor-widget elementor-widget-heading\" data-id=\"8396907\" data-element_type=\"widget\" data-e-type=\"widget\" data-widget_type=\"heading.default\">\n\t\t\t\t<div class=\"elementor-widget-container\">\n\t\t\t\t\t<h2 class=\"elementor-heading-title elementor-size-default\">Karlovarsk\u00fd kraj<\/h2>\t\t\t\t<\/div>\n\t\t\t\t<\/div>\n\t\t\t\t<div class=\"elementor-element elementor-element-f6be3c0 elementor-widget elementor-widget-heading\" data-id=\"f6be3c0\" data-element_type=\"widget\" data-e-type=\"widget\" data-widget_type=\"heading.default\">\n\t\t\t\t<div class=\"elementor-widget-container\">\n\t\t\t\t\t<h2 class=\"elementor-heading-title elementor-size-default\">\u010cast\u00e9 dotazy<\/h2>\t\t\t\t<\/div>\n\t\t\t\t<\/div>\n\t\t\t\t<div class=\"elementor-element elementor-element-09e80a1 elementor-widget elementor-widget-text-editor\" data-id=\"09e80a1\" data-element_type=\"widget\" data-e-type=\"widget\" data-widget_type=\"text-editor.default\">\n\t\t\t\t<div class=\"elementor-widget-container\">\n\t\t\t\t\t\t\t\t\t<p><strong>Mus\u00ed b\u00fdt pracovn\u00ed pozice p\u0159ed pod\u00e1n\u00edm \u017e\u00e1dosti neobsazen\u00e1?<\/strong><\/p><p style=\"padding-left: 40px;\">P\u0159i pod\u00e1n\u00ed \u017e\u00e1dosti mus\u00ed b\u00fdt pracovn\u00ed m\u00edsto neobsazen\u00e9 nebo nesm\u00ed existovat, tzn. mus\u00ed b\u00fdt nov\u011b vytvo\u0159en\u00e9 (viz dota\u010dn\u00ed program podkapitola 4.2 Specifick\u00e9 podm\u00ednky p\u0159ijatelnosti).<\/p><p><strong><br \/>M\u016f\u017ee b\u00fdt podpo\u0159ena osoba, kter\u00e1 ji\u017e v\u00a0oblasti \u0161kolstv\u00ed pracuje? <\/strong><\/p><p style=\"padding-left: 40px;\">Ne. Podm\u00ednkou je, aby osoba, kter\u00e1 je p\u0159\u00edjemcem n\u00e1borov\u00e9ho p\u0159\u00edsp\u011bvku v\u00a0posledn\u00edch dvou letech p\u0159ed z\u00edsk\u00e1n\u00edm p\u0159\u00edsp\u011bvku nebyla zam\u011bstn\u00e1na ve \u0161kolstv\u00ed (viz dota\u010dn\u00ed program podkapitola 4.2 Specifick\u00e9 podm\u00ednky p\u0159ijatelnosti).<\/p><p><strong><br \/>Kter\u00e9 dokumenty mus\u00edm dodat p\u0159i pod\u00e1n\u00ed \u017e\u00e1dosti o z\u00e1lohovou platbu?<\/strong><\/p><p style=\"padding-left: 40px;\">Spolu s\u00a0formul\u00e1\u0159em \u201e\u017d\u00e1dost o z\u00e1lohovou platbu\u201c p\u0159edlo\u017e\u00ed kone\u010dn\u00fd p\u0159\u00edjemce:<\/p><ul><li style=\"list-style-type: none;\"><ul><li>dokumenty prokazuj\u00edc\u00ed uplynut\u00ed zku\u0161ebn\u00ed doby n\u00e1borov\u00fdm p\u0159\u00edsp\u011bvkem podpo\u0159en\u00e9 osoby;<\/li><li>smlouvu o poskytnut\u00ed n\u00e1borov\u00e9ho p\u0159\u00edsp\u011bvku mezi kone\u010dn\u00fdm p\u0159\u00edjemcem a p\u0159\u00edjemcem n\u00e1borov\u00e9ho p\u0159\u00edsp\u011bvku obsahuj\u00edc\u00ed z\u00e1vazky stanoven\u00e9 v\u00a0kapitole 13 dota\u010dn\u00edho programu.<\/li><\/ul><\/li><\/ul><p><strong><br \/>Existuje minim\u00e1ln\u00ed \u010dasov\u00e1 dotace pro aktivitu vzd\u011bl\u00e1v\u00e1n\u00ed?<\/strong><\/p><p style=\"padding-left: 40px;\">Vzd\u011bl\u00e1n\u00ed mus\u00ed b\u00fdt absolvov\u00e1no v\u00a0rozsahu minim\u00e1ln\u011b 40 hodin.<\/p><p><strong><br \/>Jak\u00e1 je udr\u017eitelnost projektu?<\/strong><\/p><p style=\"padding-left: 40px;\">P\u0159\u00edjemce n\u00e1borov\u00e9ho p\u0159\u00edsp\u011bvku se zavazuje pracovat v\u00a0dan\u00e9 organizaci po dobu minim\u00e1ln\u011b p\u011bti let v\u00a0\u00favazku FTE, tzn. 40 hodin t\u00fddn\u011b.<\/p><p><strong><br \/>Mus\u00edm nahla\u0161ovat zm\u011bny v\u00a0projektu? <\/strong><\/p><p style=\"padding-left: 40px;\">Nepodstatn\u00e9 zm\u011bny lze akceptovat. Nepodstatn\u00fdmi zm\u011bnami jsou:<\/p><ul><li style=\"list-style-type: none;\"><ul><li>zm\u011bna kontaktn\u00ed osoby projektu \u010di adresy pro doru\u010den\u00ed p\u00edsemnost\u00ed;<\/li><li>zm\u011bna v\u00a0osob\u00e1ch vykon\u00e1vaj\u00edc\u00ed funkci statut\u00e1rn\u00edho org\u00e1nu kone\u010dn\u00e9ho p\u0159\u00edjemce;<\/li><li>zm\u011bna adresy realizace projektu (mus\u00ed z\u016fstat zachov\u00e1no m\u00edsto realizace v\u00a0r\u00e1mci Karlovarsk\u00e9ho kraje);<\/li><li>zm\u011bna s\u00eddla (mus\u00ed z\u016fstat zachov\u00e1no m\u00edsto realizace v\u00a0r\u00e1mci Karlovarsk\u00e9ho kraje).<\/li><\/ul><\/li><\/ul><p><strong>\u00a0<\/strong><\/p><p><strong>Mus\u00ed b\u00fdt napln\u011bny ob\u011b aktivity dota\u010dn\u00edho programu (n\u00e1borov\u00fd p\u0159\u00edsp\u011bvek + vzd\u011bl\u00e1v\u00e1n\u00ed)?<\/strong><\/p><p style=\"padding-left: 40px;\">Ano.<\/p><p><strong><br \/>Lze pou\u017e\u00edt n\u00e1borov\u00fd p\u0159\u00edsp\u011bvek na v\u00fdplatu mzdy? <\/strong><\/p><p style=\"padding-left: 40px;\">Nelze. Jedn\u00e1 se o jednor\u00e1zovou platbu podpo\u0159en\u00e9 osob\u011b, j\u00ed\u017e je kone\u010dn\u00fd p\u0159\u00edjemce povinen poskytnout do 5 pracovn\u00edch dn\u016f od p\u0159ips\u00e1n\u00ed platby na jeho \u00fa\u010det. Sou\u010dasn\u011b je povinen do 15 pracovn\u00edch dn\u016f od p\u0159ips\u00e1n\u00ed platby na jeho \u00fa\u010det.<\/p><p><strong><br \/>Mus\u00ed pracovn\u00ed smlouva, je\u017e se bude p\u0159ikl\u00e1dat k \u017e\u00e1dosti, obsahovat i povinn\u00e9 pas\u00e1\u017ee dle dota\u010dn\u00edho programu z kapitoly 13. Udr\u017eitelnost?<\/strong><\/p><p style=\"padding-left: 40px;\">Ne. K\u00a0\u017e\u00e1dosti se p\u0159ilo\u017e\u00ed klasick\u00e1 pracovn\u00ed smlouva.<\/p><p style=\"padding-left: 40px;\">Teprve n\u00e1sledn\u011b po p\u0159id\u011blen\u00ed dotace a uplynut\u00ed zku\u0161ebn\u00ed doby m\u016f\u017ee kone\u010dn\u00fd p\u0159\u00edjemce podat \u017e\u00e1dost o z\u00e1lohovou platbu, jej\u00edmi\u017e povinn\u00fdmi p\u0159\u00edlohami budou:<\/p><ul><li style=\"list-style-type: none;\"><ul><li>dokumenty prokazuj\u00edc\u00ed uplynut\u00ed zku\u0161ebn\u00ed doby n\u00e1borov\u00fdm p\u0159\u00edsp\u011bvkem podpo\u0159en\u00e9 osoby;<\/li><li>smlouvu o poskytnut\u00ed n\u00e1borov\u00e9ho p\u0159\u00edsp\u011bvku mezi kone\u010dn\u00fdm p\u0159\u00edjemcem a p\u0159\u00edjemcem n\u00e1borov\u00e9ho p\u0159\u00edsp\u011bvku obsahuj\u00edc\u00ed z\u00e1vazky stanoven\u00e9 v\u00a0kapitole 13 dota\u010dn\u00edho programu.<\/li><\/ul><\/li><\/ul><p style=\"padding-left: 40px;\">Povinnou sou\u010d\u00e1st\u00ed t\u00e9to smlouvy bude:<\/p><p style=\"padding-left: 40px;\"><span style=\"background-color: transparent;\">A. z\u00e1vazek p\u0159\u00edjemce n\u00e1borov\u00e9ho p\u0159\u00edsp\u011bvku pracovat v organizaci kone\u010dn\u00e9ho p\u0159\u00edjemce po dobu minim\u00e1ln\u011b 5 let v \u00favazku 1 FTE (full time equivalent), tzn. 40 hodin t\u00fddn\u011b;<\/span><\/p><p style=\"padding-left: 40px;\"><span style=\"background-color: transparent;\">B. \u010d\u00edslo \u00fa\u010dtu, na kter\u00fd bude p\u0159\u00edjemci n\u00e1borov\u00e9ho p\u0159\u00edsp\u011bvku n\u00e1borov\u00fd p\u0159\u00edsp\u011bvek pouk\u00e1z\u00e1n v\u010detn\u011b prohl\u00e1\u0161en\u00ed, \u017ee \u00fa\u010det je ve vlastnictv\u00ed p\u0159\u00edjemce n\u00e1borov\u00e9ho p\u0159\u00edsp\u011bvku;<\/span><\/p><p style=\"padding-left: 40px;\"><span style=\"background-color: transparent;\">C. z\u00e1vazek absolvovat vzd\u011bl\u00e1n\u00ed v rozsahu stanoven\u00e9m dota\u010dn\u00edm programem (srov. kapitola 2 dota\u010dn\u00edho programu);<\/span><\/p><p style=\"padding-left: 40px;\"><span style=\"background-color: transparent;\">D. v p\u0159\u00edpad\u011b nekvalifikovan\u00e9ho pedagoga bude povinn\u00e1 sou\u010d\u00e1st smlouvy i podm\u00ednka z\u00edsk\u00e1n\u00ed odborn\u00e9 kvalifikace v pr\u016fb\u011bhu pln\u011bn\u00ed z\u00e1vazku;<\/span><\/p><p style=\"padding-left: 40px;\">E. povinnost vr\u00e1tit celou\/pom\u011brnou v\u00fd\u0161i n\u00e1borov\u00e9ho p\u0159\u00edsp\u011bvku zp\u011bt kone\u010dn\u00e9mu p\u0159\u00edjemci v p\u0159\u00edpad\u011b nedodr\u017een\u00ed z\u00e1vazku, a to dle podm\u00ednek kapitoly 12 dota\u010dn\u00edho programu.<\/p><p><strong>Lze vyplatit n\u00e1borov\u00fd p\u0159\u00edsp\u011bvek v\u00a0r\u00e1mci mzdy?<\/strong><\/p><p style=\"padding-left: 40px;\">Ano, ale v\u00a0tomto p\u0159\u00edpad\u011b je nutn\u00e9 danou skute\u010dnost sd\u011blit poskytovateli dotace. Vypln\u00ed se na formul\u00e1\u0159i \u017d\u00e1dost o z\u00e1lohovou platbu, kde \u017eadatel uvede v\u00fdplatn\u00ed term\u00edn mezd.\u00a0<\/p><p><strong>\u00a0<\/strong><\/p><p><strong>Kdy mus\u00edm odeslat jako \u017eadatel platbu od poskytovatele dotace p\u0159\u00edjemci n\u00e1borov\u00e9ho p\u0159\u00edsp\u011bvku?<\/strong><\/p><p style=\"padding-left: 40px;\">Do p\u011bti pracovn\u00edch dn\u016f od p\u0159ips\u00e1n\u00ed platby na \u00fa\u010det \u017eadatele o dotaci\/nebo od v\u00fdplatn\u00edho term\u00ednu mezd. Sou\u010dasn\u011b je \u017eadatel povinen do patn\u00e1cti pracovn\u00edch dn\u016f od p\u0159ips\u00e1n\u00ed platby na jeho \u00fa\u010det p\u0159edlo\u017eit poskytovateli bankovn\u00ed v\u00fdpis prokazuj\u00edc\u00ed v\u00fdplatu n\u00e1borov\u00e9ho p\u0159\u00edsp\u011bvku podpo\u0159en\u00e9 osob\u011b. V\u00a0p\u0159\u00edpad\u011b pochybnost\u00ed se za den p\u0159ips\u00e1n\u00ed platby na \u00fa\u010det pova\u017euje n\u00e1sleduj\u00edc\u00ed pracovn\u00ed den odesl\u00e1n\u00ed platby poskytovatelem kone\u010dn\u00e9mu p\u0159\u00edjemci.<\/p><p><strong><br \/>Je nutn\u00e9 dolo\u017eit ihned p\u0159i pod\u00e1n\u00ed \u017e\u00e1dosti tak\u00e9 pracovn\u00ed smlouvu?<\/strong><\/p><p style=\"padding-left: 40px;\">\u00a0Ne. Pracovn\u00ed smlouvu je mo\u017en\u00e9 dolo\u017eit a\u017e po pod\u00e1n\u00ed \u017e\u00e1dosti.<\/p><p>\u00a0<\/p><p><strong>Mohu podat \u017e\u00e1dost o n\u00e1borov\u00fd p\u0159\u00edsp\u011bvek, kdy\u017e ji\u017e nov\u00fd u\u010ditel nastoupil?<\/strong><\/p><p style=\"padding-left: 40px;\">Bohu\u017eel ne. \u017d\u00e1dost je nutn\u00e9 podat p\u0159ed n\u00e1stupem u\u010ditele \u2013 podrobn\u011b na str. 7 v\u00a0bod\u011b 2 Dota\u010dn\u00edho programu<\/p><p>\u00a0<\/p>\t\t\t\t\t\t\t\t<\/div>\n\t\t\t\t<\/div>\n\t\t\t\t\t<\/div>\n\t\t<\/div>\n\t\t\t\t\t<\/div>\n\t\t<\/section>\n\t\t\t\t\t<\/div>\n\t\t<\/div>\n\t\t\t\t<div class=\"elementor-column elementor-col-50 elementor-top-column elementor-element elementor-element-ff7bcf6 elementor-hidden-tablet elementor-hidden-mobile\" data-id=\"ff7bcf6\" data-element_type=\"column\" data-e-type=\"column\" data-settings=\"{&quot;background_background&quot;:&quot;classic&quot;}\">\n\t\t\t<div class=\"elementor-widget-wrap elementor-element-populated\">\n\t\t\t\t\t\t<section class=\"elementor-section elementor-inner-section elementor-element elementor-element-ffa5681 elementor-section-full_width elementor-section-height-default elementor-section-height-default\" data-id=\"ffa5681\" data-element_type=\"section\" data-e-type=\"section\">\n\t\t\t\t\t\t<div class=\"elementor-container elementor-column-gap-default\">\n\t\t\t\t\t<div class=\"elementor-column elementor-col-100 elementor-inner-column elementor-element elementor-element-052f300 elementor-invisible\" data-id=\"052f300\" data-element_type=\"column\" data-e-type=\"column\" data-settings=\"{&quot;background_background&quot;:&quot;classic&quot;,&quot;animation&quot;:&quot;zoomIn&quot;}\">\n\t\t\t<div class=\"elementor-widget-wrap elementor-element-populated\">\n\t\t\t\t\t\t<div class=\"elementor-element elementor-element-882f40e elementor-align-center elementor-mobile-align-justify elementor-widget-mobile__width-inherit elementor-widget elementor-widget-button\" data-id=\"882f40e\" data-element_type=\"widget\" data-e-type=\"widget\" data-widget_type=\"button.default\">\n\t\t\t\t<div class=\"elementor-widget-container\">\n\t\t\t\t\t\t\t\t\t<div class=\"elementor-button-wrapper\">\n\t\t\t\t\t<a class=\"elementor-button elementor-button-link elementor-size-sm elementor-animation-wobble-vertical\" href=\"\/opst\/zakladni-informace-naborove-prispevky-v-oblasti-skolstvi\/\">\n\t\t\t\t\t\t<span class=\"elementor-button-content-wrapper\">\n\t\t\t\t\t\t<span class=\"elementor-button-icon\">\n\t\t\t\t\t\t\t<\/span>\n\t\t\t\t\t\t\t\t\t<span class=\"elementor-button-text\"><br>Z\u00c1KLADN\u00cd INFORMACE <BR><br><\/span>\n\t\t\t\t\t<\/span>\n\t\t\t\t\t<\/a>\n\t\t\t\t<\/div>\n\t\t\t\t\t\t\t\t<\/div>\n\t\t\t\t<\/div>\n\t\t\t\t<div class=\"elementor-element elementor-element-8d89b00 elementor-align-center elementor-mobile-align-justify elementor-widget-mobile__width-inherit elementor-widget elementor-widget-button\" data-id=\"8d89b00\" data-element_type=\"widget\" data-e-type=\"widget\" data-widget_type=\"button.default\">\n\t\t\t\t<div class=\"elementor-widget-container\">\n\t\t\t\t\t\t\t\t\t<div class=\"elementor-button-wrapper\">\n\t\t\t\t\t<a class=\"elementor-button elementor-button-link elementor-size-sm elementor-animation-wobble-vertical\" href=\"https:\/\/extranet.kr-karlovarsky.cz\/opst\/dotacni-program-a-prilohy-ke-stazeni-naborove-prispevky\/\">\n\t\t\t\t\t\t<span class=\"elementor-button-content-wrapper\">\n\t\t\t\t\t\t<span class=\"elementor-button-icon\">\n\t\t\t\t\t\t\t<\/span>\n\t\t\t\t\t\t\t\t\t<span class=\"elementor-button-text\">DOTA\u010cN\u00cd PROGRAM <br>A P\u0158\u00cdLOHY<br><\/span>\n\t\t\t\t\t<\/span>\n\t\t\t\t\t<\/a>\n\t\t\t\t<\/div>\n\t\t\t\t\t\t\t\t<\/div>\n\t\t\t\t<\/div>\n\t\t\t\t<div class=\"elementor-element elementor-element-dc998e5 elementor-align-center elementor-mobile-align-justify elementor-widget-mobile__width-inherit elementor-widget elementor-widget-button\" data-id=\"dc998e5\" data-element_type=\"widget\" data-e-type=\"widget\" data-widget_type=\"button.default\">\n\t\t\t\t<div class=\"elementor-widget-container\">\n\t\t\t\t\t\t\t\t\t<div class=\"elementor-button-wrapper\">\n\t\t\t\t\t<a class=\"elementor-button elementor-button-link elementor-size-lg elementor-animation-wobble-vertical\" href=\"\/opst\/souvisejici-dokumenty-naborove-prispevky\/\">\n\t\t\t\t\t\t<span class=\"elementor-button-content-wrapper\">\n\t\t\t\t\t\t<span class=\"elementor-button-icon\">\n\t\t\t\t\t\t\t<\/span>\n\t\t\t\t\t\t\t\t\t<span class=\"elementor-button-text\">SOUVISEJ\u00cdC\u00cd DOKUMENTY<br><\/span>\n\t\t\t\t\t<\/span>\n\t\t\t\t\t<\/a>\n\t\t\t\t<\/div>\n\t\t\t\t\t\t\t\t<\/div>\n\t\t\t\t<\/div>\n\t\t\t\t<div class=\"elementor-element elementor-element-7a193fe elementor-align-center elementor-mobile-align-justify elementor-widget-mobile__width-inherit elementor-widget elementor-widget-button\" data-id=\"7a193fe\" data-element_type=\"widget\" data-e-type=\"widget\" data-widget_type=\"button.default\">\n\t\t\t\t<div class=\"elementor-widget-container\">\n\t\t\t\t\t\t\t\t\t<div class=\"elementor-button-wrapper\">\n\t\t\t\t\t<a class=\"elementor-button elementor-button-link elementor-size-sm elementor-animation-wobble-vertical\" href=\"https:\/\/dotace.kr-karlovarsky.cz\/gordic\/ginis\/app\/RAP05\/\" target=\"_blank\">\n\t\t\t\t\t\t<span class=\"elementor-button-content-wrapper\">\n\t\t\t\t\t\t<span class=\"elementor-button-icon\">\n\t\t\t\t\t\t\t<\/span>\n\t\t\t\t\t\t\t\t\t<span class=\"elementor-button-text\">POD\u00c1N\u00cd \u017d\u00c1DOSTI<br><br><\/span>\n\t\t\t\t\t<\/span>\n\t\t\t\t\t<\/a>\n\t\t\t\t<\/div>\n\t\t\t\t\t\t\t\t<\/div>\n\t\t\t\t<\/div>\n\t\t\t\t<div class=\"elementor-element elementor-element-5e9ca3f elementor-align-center elementor-mobile-align-justify elementor-widget-mobile__width-inherit elementor-widget elementor-widget-button\" data-id=\"5e9ca3f\" data-element_type=\"widget\" data-e-type=\"widget\" data-widget_type=\"button.default\">\n\t\t\t\t<div class=\"elementor-widget-container\">\n\t\t\t\t\t\t\t\t\t<div class=\"elementor-button-wrapper\">\n\t\t\t\t\t<a class=\"elementor-button elementor-size-lg elementor-animation-wobble-vertical\" role=\"button\">\n\t\t\t\t\t\t<span class=\"elementor-button-content-wrapper\">\n\t\t\t\t\t\t<span class=\"elementor-button-icon\">\n\t\t\t\t\t\t\t<\/span>\n\t\t\t\t\t\t\t\t\t<span class=\"elementor-button-text\">VY\u00da\u010cTOV\u00c1N\u00cd DOTACE<br>v p\u0159\u00edprav\u011b<\/span>\n\t\t\t\t\t<\/span>\n\t\t\t\t\t<\/a>\n\t\t\t\t<\/div>\n\t\t\t\t\t\t\t\t<\/div>\n\t\t\t\t<\/div>\n\t\t\t\t\t<\/div>\n\t\t<\/div>\n\t\t\t\t\t<\/div>\n\t\t<\/section>\n\t\t\t\t\t<\/div>\n\t\t<\/div>\n\t\t\t\t\t<\/div>\n\t\t<\/section>\n\t\t\t\t<section class=\"elementor-section elementor-top-section elementor-element elementor-element-e359de8 elementor-section-boxed elementor-section-height-default elementor-section-height-default\" data-id=\"e359de8\" data-element_type=\"section\" data-e-type=\"section\" data-settings=\"{&quot;background_background&quot;:&quot;classic&quot;}\">\n\t\t\t\t\t\t<div class=\"elementor-container elementor-column-gap-default\">\n\t\t\t\t\t<div class=\"elementor-column elementor-col-100 elementor-top-column elementor-element elementor-element-19fec70\" data-id=\"19fec70\" data-element_type=\"column\" data-e-type=\"column\">\n\t\t\t<div class=\"elementor-widget-wrap elementor-element-populated\">\n\t\t\t\t\t\t<div class=\"elementor-element elementor-element-659cef3 elementor-widget elementor-widget-text-editor\" data-id=\"659cef3\" data-element_type=\"widget\" data-e-type=\"widget\" data-widget_type=\"text-editor.default\">\n\t\t\t\t<div class=\"elementor-widget-container\">\n\t\t\t\t\t\t\t\t\t<p>Copyright 2024\u00a0 \u00a9\u00a0 Karlovarsk\u00fd kraj.\u00a0 All Rights Reserved\u00a0 &amp;\u00a0 Design Karlovarsk\u00fd kraj<\/p>\t\t\t\t\t\t\t\t<\/div>\n\t\t\t\t<\/div>\n\t\t\t\t\t<\/div>\n\t\t<\/div>\n\t\t\t\t\t<\/div>\n\t\t<\/section>\n\t\t\t\t<\/div>\n\t\t","protected":false},"excerpt":{"rendered":"<p>Karlovarsk\u00fd kraj \u010cast\u00e9 dotazy Mus\u00ed b\u00fdt pracovn\u00ed pozice p\u0159ed pod\u00e1n\u00edm \u017e\u00e1dosti neobsazen\u00e1? P\u0159i pod\u00e1n\u00ed \u017e\u00e1dosti mus\u00ed b\u00fdt pracovn\u00ed m\u00edsto neobsazen\u00e9 nebo nesm\u00ed existovat, tzn. mus\u00ed b\u00fdt nov\u011b vytvo\u0159en\u00e9 (viz dota\u010dn\u00ed program podkapitola 4.2 Specifick\u00e9 podm\u00ednky p\u0159ijatelnosti). M\u016f\u017ee b\u00fdt podpo\u0159ena osoba, kter\u00e1 ji\u017e v\u00a0oblasti \u0161kolstv\u00ed pracuje? Ne. Podm\u00ednkou je, aby osoba, kter\u00e1 je p\u0159\u00edjemcem n\u00e1borov\u00e9ho p\u0159\u00edsp\u011bvku [&hellip;]<\/p>\n","protected":false},"author":1,"featured_media":0,"parent":0,"menu_order":0,"comment_status":"closed","ping_status":"closed","template":"elementor_canvas","meta":{"footnotes":""},"class_list":["post-1077","page","type-page","status-publish","hentry"],"_links":{"self":[{"href":"https:\/\/extranet.kr-karlovarsky.cz\/opst\/wp-json\/wp\/v2\/pages\/1077","targetHints":{"allow":["GET"]}}],"collection":[{"href":"https:\/\/extranet.kr-karlovarsky.cz\/opst\/wp-json\/wp\/v2\/pages"}],"about":[{"href":"https:\/\/extranet.kr-karlovarsky.cz\/opst\/wp-json\/wp\/v2\/types\/page"}],"author":[{"embeddable":true,"href":"https:\/\/extranet.kr-karlovarsky.cz\/opst\/wp-json\/wp\/v2\/users\/1"}],"replies":[{"embeddable":true,"href":"https:\/\/extranet.kr-karlovarsky.cz\/opst\/wp-json\/wp\/v2\/comments?post=1077"}],"version-history":[{"count":33,"href":"https:\/\/extranet.kr-karlovarsky.cz\/opst\/wp-json\/wp\/v2\/pages\/1077\/revisions"}],"predecessor-version":[{"id":1331,"href":"https:\/\/extranet.kr-karlovarsky.cz\/opst\/wp-json\/wp\/v2\/pages\/1077\/revisions\/1331"}],"wp:attachment":[{"href":"https:\/\/extranet.kr-karlovarsky.cz\/opst\/wp-json\/wp\/v2\/media?parent=1077"}],"curies":[{"name":"wp","href":"https:\/\/api.w.org\/{rel}","templated":true}]}}