{"id":1435,"date":"2025-06-02T08:57:50","date_gmt":"2025-06-02T06:57:50","guid":{"rendered":"https:\/\/extranet.kr-karlovarsky.cz\/opst\/?page_id=1435"},"modified":"2026-01-05T13:53:43","modified_gmt":"2026-01-05T12:53:43","slug":"caste-dotazy-vouchery-pro-verejny-sektor-kreativni","status":"publish","type":"page","link":"https:\/\/extranet.kr-karlovarsky.cz\/opst\/caste-dotazy-vouchery-pro-verejny-sektor-kreativni\/","title":{"rendered":"\u010cast\u00e9 dotazy &#8211; Vouchery pro ve\u0159ejn\u00fd sektor &#8211; Kreativn\u00ed"},"content":{"rendered":"\t\t<div data-elementor-type=\"wp-post\" data-elementor-id=\"1435\" class=\"elementor elementor-1435\">\n\t\t\t\t\t\t<section class=\"elementor-section elementor-top-section elementor-element elementor-element-4d37d0f2 elementor-reverse-tablet elementor-reverse-mobile elementor-section-boxed elementor-section-height-default elementor-section-height-default\" data-id=\"4d37d0f2\" data-element_type=\"section\" data-e-type=\"section\" data-settings=\"{&quot;background_background&quot;:&quot;classic&quot;,&quot;shape_divider_top&quot;:&quot;triangle&quot;,&quot;shape_divider_bottom&quot;:&quot;triangle&quot;}\">\n\t\t\t\t\t<div class=\"elementor-shape elementor-shape-top\" aria-hidden=\"true\" data-negative=\"false\">\n\t\t\t<svg xmlns=\"http:\/\/www.w3.org\/2000\/svg\" viewBox=\"0 0 1000 100\" preserveAspectRatio=\"none\">\n\t<path class=\"elementor-shape-fill\" d=\"M500,98.9L0,6.1V0h1000v6.1L500,98.9z\"\/>\n<\/svg>\t\t<\/div>\n\t\t\t\t<div class=\"elementor-shape elementor-shape-bottom\" aria-hidden=\"true\" data-negative=\"false\">\n\t\t\t<svg xmlns=\"http:\/\/www.w3.org\/2000\/svg\" viewBox=\"0 0 1000 100\" preserveAspectRatio=\"none\">\n\t<path class=\"elementor-shape-fill\" d=\"M500,98.9L0,6.1V0h1000v6.1L500,98.9z\"\/>\n<\/svg>\t\t<\/div>\n\t\t\t\t\t<div class=\"elementor-container elementor-column-gap-default\">\n\t\t\t\t\t<div class=\"elementor-column elementor-col-50 elementor-top-column elementor-element elementor-element-5d8de508\" data-id=\"5d8de508\" data-element_type=\"column\" data-e-type=\"column\" data-settings=\"{&quot;background_background&quot;:&quot;classic&quot;}\">\n\t\t\t<div class=\"elementor-widget-wrap elementor-element-populated\">\n\t\t\t\t\t\t<section class=\"elementor-section elementor-inner-section elementor-element elementor-element-e716253 elementor-section-boxed elementor-section-height-default elementor-section-height-default\" data-id=\"e716253\" data-element_type=\"section\" data-e-type=\"section\" data-settings=\"{&quot;background_background&quot;:&quot;classic&quot;}\">\n\t\t\t\t\t\t<div class=\"elementor-container elementor-column-gap-default\">\n\t\t\t\t\t<div class=\"elementor-column elementor-col-100 elementor-inner-column elementor-element elementor-element-ce4e767\" data-id=\"ce4e767\" data-element_type=\"column\" data-e-type=\"column\">\n\t\t\t<div class=\"elementor-widget-wrap elementor-element-populated\">\n\t\t\t\t\t\t<div class=\"elementor-element elementor-element-714b58b elementor-widget__width-initial elementor-widget-divider--view-line elementor-widget elementor-widget-divider\" data-id=\"714b58b\" data-element_type=\"widget\" data-e-type=\"widget\" data-widget_type=\"divider.default\">\n\t\t\t\t<div class=\"elementor-widget-container\">\n\t\t\t\t\t\t\t<div class=\"elementor-divider\">\n\t\t\t<span class=\"elementor-divider-separator\">\n\t\t\t\t\t\t<\/span>\n\t\t<\/div>\n\t\t\t\t\t\t<\/div>\n\t\t\t\t<\/div>\n\t\t\t\t<div class=\"elementor-element elementor-element-8396907 elementor-widget__width-initial elementor-widget elementor-widget-heading\" data-id=\"8396907\" data-element_type=\"widget\" data-e-type=\"widget\" data-widget_type=\"heading.default\">\n\t\t\t\t<div class=\"elementor-widget-container\">\n\t\t\t\t\t<h2 class=\"elementor-heading-title elementor-size-default\">Karlovarsk\u00fd kraj<\/h2>\t\t\t\t<\/div>\n\t\t\t\t<\/div>\n\t\t\t\t<div class=\"elementor-element elementor-element-f6be3c0 elementor-widget elementor-widget-heading\" data-id=\"f6be3c0\" data-element_type=\"widget\" data-e-type=\"widget\" data-widget_type=\"heading.default\">\n\t\t\t\t<div class=\"elementor-widget-container\">\n\t\t\t\t\t<h2 class=\"elementor-heading-title elementor-size-default\">\u010cast\u00e9 dotazy<\/h2>\t\t\t\t<\/div>\n\t\t\t\t<\/div>\n\t\t\t\t<div class=\"elementor-element elementor-element-09e80a1 elementor-widget elementor-widget-text-editor\" data-id=\"09e80a1\" data-element_type=\"widget\" data-e-type=\"widget\" data-widget_type=\"text-editor.default\">\n\t\t\t\t<div class=\"elementor-widget-container\">\n\t\t\t\t\t\t\t\t\t<p class=\"xmsonormal\"><strong>Jak se st\u00e1t kreativcem pro dota\u010dn\u00ed program Vouchery pro ve\u0159ejn\u00fd sektor &#8211; Kreativn\u00ed ?<\/strong><\/p><ul><li style=\"list-style-type: none;\"><ul><li class=\"xmsonormal\">Zaregistrujte se zde <a href=\"https:\/\/www.kreativnicesko.cz\/cs\/pravidla-a-podminky-registrace\">Podm\u00ednky registrace v CGK \u2013 Celost\u00e1tn\u00ed galerie kreativc\u016f<\/a><\/li><\/ul><\/li><\/ul><p><strong><br \/>Jak\u00fdm zp\u016fsobem se pod\u00e1vaj\u00ed \u017e\u00e1dosti?<\/strong><\/p><p style=\"padding-left: 40px;\">\u017d\u00e1dosti se pod\u00e1vaj\u00ed pouze elektronicky prost\u0159ednictv\u00edm dota\u010dn\u00edho port\u00e1lu Karlovarsk\u00e9ho kraje <a href=\"https:\/\/dotace.kr-karlovarsky.cz\/gordic\/ginis\/app\/RAP05\/\">https:\/\/dotace.kr-karlovarsky.cz\/gordic\/ginis\/app\/RAP05\/<\/a>.<\/p><p><strong><br \/>Jak mohu elektronickou \u017e\u00e1dost podepsat a doru\u010dit? <\/strong><\/p><p style=\"padding-left: 40px;\">M\u00e1te t\u0159i mo\u017enosti:<\/p><ol><li style=\"list-style-type: none;\"><ol><li>P\u0159ihl\u00e1sit se p\u0159es identitu ob\u010dana nebo datovou schr\u00e1nkou \u2013 \u017e\u00e1dost v\u00a0port\u00e1lu pouze ode\u0161lete, podpis nen\u00ed nutn\u00fd.<\/li><li>Odeslat p\u0159es datovou schr\u00e1nku do 10 pracovn\u00edch dn\u016f od pod\u00e1n\u00ed (pokud nen\u00ed DS va\u0161e, mus\u00ed b\u00fdt \u017e\u00e1dost podepsan\u00e1 uzn\u00e1van\u00fdm elektronick\u00fdm podpisem).<\/li><li>Vytisknout, podepsat a doru\u010dit do 10 pracovn\u00edch dn\u016f osobn\u011b nebo prost\u0159ednictv\u00edm poskytovatele po\u0161tovn\u00edch slu\u017eeb.<\/li><\/ol><\/li><\/ol><p><strong><br \/>Kolik \u017e\u00e1dost\u00ed mohu v\u00a0r\u00e1mci programu podat?<\/strong><\/p><p style=\"padding-left: 40px;\">V\u00a0r\u00e1mci programu m\u016f\u017eete podat maxim\u00e1ln\u011b 3 \u017e\u00e1dosti, p\u0159i\u010dem\u017e ka\u017ed\u00e1 mus\u00ed b\u00fdt v\u00a0jin\u00e9 oblasti typu zp\u016fsobil\u00fdch projekt\u016f. Podporovan\u00e9 oblasti naleznete v\u00a0kapitole 2 \u010d\u00e1st 2.1 dota\u010dn\u00edho programu. Nen\u00ed mo\u017en\u00e9 podat v\u00edce \u017e\u00e1dost\u00ed na stejn\u00fd typ zp\u016fsobil\u00e9ho projektu.<\/p><p><strong><br \/>Kde se\u017eenu Kreativce? <\/strong><\/p><p style=\"padding-left: 40px;\">V\u00a0Galerii kreativc\u016f, kterou najdete online na adrese: <a href=\"https:\/\/vouchery.kreativnicesko.cz\/galerie-kreativcu\">https:\/\/vouchery.kreativnicesko.cz\/galerie-kreativcu<\/a>.<\/p><p style=\"padding-left: 40px;\">Na online adrese galerie najdete nejen kreativce, ale i p\u0159\u00edklady slu\u017eeb.<\/p><p style=\"padding-left: 40px;\">Galerie je voln\u011b p\u0159\u00edstupn\u00e1 a spravuje ji Ministerstvo kultury v\u00a0r\u00e1mci projektu Komunika\u010dn\u00ed platforma kulturn\u00edho a kreativn\u00edho odv\u011btv\u00ed.<\/p><p><strong><br \/>Kdo ur\u010duje, jak\u00e9 slu\u017eby nebo \u010dinnosti budou v\u00a0projektu realizov\u00e1ny?<\/strong><\/p><p style=\"padding-left: 40px;\">Oblasti \u010dinnost\u00ed si kone\u010dn\u00fd \u017eadatel ur\u010duje s\u00e1m podle sv\u00fdch pot\u0159eb.<\/p><p><strong><br \/>Nem\u00e1m konkr\u00e9tn\u00ed p\u0159edstavu, jak\u00fd projekt bych cht\u011bl vytvo\u0159it.<\/strong><\/p><p style=\"padding-left: 40px;\"><strong>\u00a0<\/strong>V\u00a0Galerii kreativc\u016f, kterou najdete online na adrese: <a href=\"https:\/\/vouchery.kreativnicesko.cz\/galerie-kreativcu\">https:\/\/vouchery.kreativnicesko.cz\/galerie-kreativcu<\/a>.<\/p><p style=\"padding-left: 40px;\">Najdete nejen kreativce, ale i p\u0159\u00edklady slu\u017eeb, kter\u00fdmi se m\u016f\u017eete pro sv\u016fj projekt inspirovat.<br \/><strong style=\"font-size: 1rem;\">\u00a0<\/strong><\/p><p><strong>Mus\u00edm si pro sv\u016fj projekt vybrat kreativce pr\u00e1v\u011b z\u00a0t\u00e9to galerie, nebo m\u016f\u017eu oslovit n\u011bkoho mimo ni?<\/strong><\/p><p style=\"padding-left: 40px;\">Ano, pokud \u017e\u00e1d\u00e1te v\u00a0r\u00e1mci dan\u00e9ho programu, mus\u00edte si kreativce vybrat z\u00a0t\u00e9to galerie je\u0161t\u011b p\u0159ed pod\u00e1n\u00edm \u017e\u00e1dosti. Galerie slou\u017e\u00ed jako ofici\u00e1ln\u00ed seznam poskytovatel\u016f kreativn\u00edch slu\u017eeb a zaji\u0161\u0165uje, \u017ee v\u00fdb\u011br prob\u00edh\u00e1 sout\u011b\u017en\u011b, transparentn\u011b a nediskrimina\u010dn\u011b, tedy za obvykl\u00fdch tr\u017en\u00edch podm\u00ednek.<\/p><p><strong><br \/>Mohu jako kreativec poskytnout sv\u00e9 slu\u017eby v\u0161em \u017eadatel\u016fm?<\/strong><\/p><p style=\"padding-left: 40px;\">Slu\u017ebu m\u016f\u017eete poskytnout maxim\u00e1ln\u011b 3 kone\u010dn\u00fdm \u017eadatel\u016fm v\u00a0r\u00e1mci dota\u010dn\u00edho programu.<\/p><p><strong><br \/>Odpov\u00edd\u00e1 poskytovatel dotace za kvalitu slu\u017eeb kreativce z\u00a0galerie? <\/strong><\/p><p style=\"padding-left: 40px;\">Ne. Poskytovatel dotace nenese odpov\u011bdnost za kvalitu objednan\u00e9 slu\u017eby. Vztah mezi \u017eadatelem a kreativcem je obchodn\u00ed a odpov\u011bdnost za kvalitu z\u016fst\u00e1v\u00e1 na dodavateli.<\/p><p><strong><br \/>Jak konkr\u00e9tn\u011b m\u00e1m dolo\u017eit, \u017ee jsem provedl pr\u016fzkum trhu?<\/strong><\/p><p style=\"padding-left: 40px;\">Oslovte alespo\u0148 3 kreativce e-mailem, napi\u0161te jim, \u017ee popt\u00e1v\u00e1te nab\u00eddku a p\u0159ilo\u017ete k\u00a0tomu stru\u010dn\u00fd popis projektu (co chcete vytvo\u0159it a v\u00a0jak\u00e9m mno\u017estv\u00ed a form\u00e1tu. Z\u00edskejte od nich nab\u00eddky \u2013 sta\u010d\u00ed dv\u011b odpov\u011bdi, ale mus\u00edte uk\u00e1zat, \u017ee jste oslovil alespo\u0148 t\u0159i. Ulo\u017ete e-mailovou komunikaci a tu pak p\u0159ilo\u017e\u00edte jako d\u016fkaz. Z\u00a0nab\u00eddek vyberte tu nejlep\u0161\u00ed a kr\u00e1tce napi\u0161te, pro\u010d jste si vybrali pr\u00e1v\u011b tohoto dan\u00e9ho kreativce (nap\u0159. lep\u0161\u00ed cena, zku\u0161enosti, rychl\u00e9 dod\u00e1n\u00ed apod.).<\/p><p><strong><br \/>Mus\u00edm dokl\u00e1dat pro\u010d jsem si vybral pr\u00e1v\u011b dan\u00e9ho kreativce?<\/strong><\/p><p style=\"padding-left: 40px;\">Ano, je nutn\u00e9 dolo\u017eit zd\u016fvodn\u011bn\u00ed v\u00fdb\u011bru konkr\u00e9tn\u00edho poskytovatele slu\u017eby. Od\u016fvodn\u011bn\u00ed je vhodn\u00e9 uv\u00e9st v\u00a0projektov\u00e9m z\u00e1m\u011bru.<\/p><p><strong><br \/>Jak\u00fd rozsah informac\u00ed o trhu nebo cen\u00e1ch se ode m\u011b o\u010dek\u00e1v\u00e1? <\/strong><\/p><p style=\"padding-left: 40px;\">O\u010dek\u00e1v\u00e1 se, \u017ee pr\u016fzkum trhu bude dolo\u017een konkr\u00e9tn\u00edmi nab\u00eddkami od minim\u00e1ln\u011b dvou poskytovatel\u016f (oslovit je t\u0159eba minim\u00e1ln\u011b 3) a z\u00a0t\u011bchto nab\u00eddek bude patrn\u00e9 datum jejich vytvo\u0159en\u00ed, cena slu\u017eby, specifikace v\u00fdstup\u016f (nap\u0159. 5 plak\u00e1t\u016f ve form\u00e1tu PDF) a \u017eadatel p\u00edsemn\u011b zd\u016fvodn\u00ed v\u00fdb\u011br konkr\u00e9tn\u00ed nab\u00eddky.<\/p><p><strong><br \/>Mus\u00edm vyv\u011bsit plak\u00e1t A3 i kdy\u017e projekt nen\u00ed pro ve\u0159ejnost? <\/strong><\/p><p style=\"padding-left: 40px;\">Ano. Plak\u00e1t o velikosti minim\u00e1ln\u011b A3 mus\u00ed b\u00fdt vyv\u011b\u0161en do 1 m\u011bs\u00edce od za\u010d\u00e1tku realizace projektu, a to na m\u00edst\u011b viditeln\u00e9m pro ve\u0159ejnost. Pokud to nen\u00ed mo\u017en\u00e9, m\u016f\u017eete ho um\u00edstit ve sv\u00e9m s\u00eddle.<\/p><p><strong>Co kdy\u017e se b\u011bhem projektu zm\u011bn\u00ed n\u00e1zev, \u010d\u00e1stka nebo jin\u00e9 \u00fadaje?<\/strong><\/p><p style=\"padding-left: 40px;\">Mus\u00edte plak\u00e1t aktualizovat. Vyv\u011bs\u00edte nov\u00fd plak\u00e1t A3 s\u00a0aktu\u00e1ln\u00edmi informacemi. Nezapome\u0148te to pak vyfotit a p\u0159ilo\u017eit ke zpr\u00e1v\u011b o realizaci.<\/p><p><strong><br \/>Jak m\u00e1m dolo\u017eit, \u017ee jsem plak\u00e1t vyv\u011bsil?<\/strong><\/p><p style=\"padding-left: 40px;\">V z\u00e1v\u011bre\u010dn\u00e9 zpr\u00e1v\u011b p\u0159ilo\u017e\u00edte fotku plak\u00e1tu na m\u00edst\u011b, kde je vyv\u011b\u0161en, printscreen (sn\u00edmek obrazovky), \u017ee jste informace zve\u0159ejnili na sv\u00e9m webu nebo soci\u00e1ln\u00edch s\u00edt\u00edch. Pokud nem\u00e1te web ani soci\u00e1ln\u00ed s\u00edt\u011b, sta\u010d\u00ed to ve zpr\u00e1v\u011b uv\u00e9st.<\/p><p><strong><br \/>Co kdy\u017e d\u011bl\u00e1m v\u00edce projekt\u016f na jednom m\u00edst\u011b? Mus\u00edm m\u00edt v\u00edce plak\u00e1t\u016f?<\/strong><\/p><p style=\"padding-left: 40px;\">Nemus\u00edte. Sta\u010d\u00ed jeden plak\u00e1t A3, ale mus\u00ed b\u00fdt \u010diteln\u00e9 informace o v\u0161ech projektech. Pokud m\u00e1te obrazovku, mohou se informace st\u0159\u00eddat (rotovat), ale v\u0161echny musej\u00ed b\u00fdt vid\u011bt p\u0159ehledn\u011b a srozumiteln\u011b.<\/p><p><strong><br \/>Co se stane, kdy\u017e plak\u00e1t neum\u00edst\u00edm v\u016fbec? <\/strong><\/p><p style=\"padding-left: 40px;\">M\u016f\u017ee to b\u00fdt br\u00e1no jako poru\u0161en\u00ed podm\u00ednek dotace. Hroz\u00ed kr\u00e1cen\u00ed dotace nebo jin\u00fd postih. Plak\u00e1t je povinn\u00e1 sou\u010d\u00e1st publicity projektu.<\/p><p><strong>Mohu v projektu vyu\u017e\u00edt kreativce, kter\u00fd je zaps\u00e1n v Galerii kreativc\u016f, ale v jin\u00e9 oblasti, ne\u017e je p\u0159edm\u011bt m\u00e9ho projektu?<\/strong><\/p><p style=\"padding-left: 40px;\">Ne. Ka\u017ed\u00fd kreativec v celost\u00e1tn\u00ed Galerii kreativc\u016f je registrov\u00e1n v konkr\u00e9tn\u00ed oblasti (nap\u0159. Pr\u00e1ce s texty, marketing, film, rebranding apod.). Pro dan\u00fd projekt lze vyu\u017e\u00edt pouze kreativce, kter\u00fd je zaps\u00e1n v t\u00e9 oblasti, kter\u00e1 odpov\u00edd\u00e1 typu aktivit uveden\u00fdch v projektu.<\/p><p style=\"padding-left: 40px;\">Nap\u0159\u00edklad:<\/p><p style=\"padding-left: 40px;\">Pokud projekt zahrnuje tvorbu propaga\u010dn\u00edho videa, mus\u00ed b\u00fdt kreativec registrov\u00e1n v oblasti film\/video.<\/p><p style=\"padding-left: 40px;\">Pokud projekt zahrnuje n\u00e1vrh vizu\u00e1ln\u00ed identity nebo redesign, mus\u00ed b\u00fdt registrov\u00e1n v oblasti rebranding\/design.<\/p><p><strong>Mus\u00ed b\u00fdt v\u00a0r\u00e1mci pr\u016fzkumu trhu vybr\u00e1n nejlevn\u011bj\u0161\u00ed dodavatel?<\/strong><\/p><p style=\"padding-left: 40px;\">Ano, v\u00a0pr\u016fzkumu trhu mus\u00ed b\u00fdt vybr\u00e1n dodavatel s\u00a0nejni\u017e\u0161\u00ed nab\u00eddkovou cenou.<\/p>\t\t\t\t\t\t\t\t<\/div>\n\t\t\t\t<\/div>\n\t\t\t\t\t<\/div>\n\t\t<\/div>\n\t\t\t\t\t<\/div>\n\t\t<\/section>\n\t\t\t\t\t<\/div>\n\t\t<\/div>\n\t\t\t\t<div class=\"elementor-column elementor-col-50 elementor-top-column elementor-element elementor-element-ff7bcf6 elementor-hidden-tablet elementor-hidden-mobile\" data-id=\"ff7bcf6\" data-element_type=\"column\" data-e-type=\"column\" data-settings=\"{&quot;background_background&quot;:&quot;classic&quot;}\">\n\t\t\t<div class=\"elementor-widget-wrap elementor-element-populated\">\n\t\t\t\t\t\t<section class=\"elementor-section elementor-inner-section elementor-element elementor-element-ffa5681 elementor-section-full_width elementor-section-height-default elementor-section-height-default\" data-id=\"ffa5681\" data-element_type=\"section\" data-e-type=\"section\">\n\t\t\t\t\t\t<div class=\"elementor-container elementor-column-gap-default\">\n\t\t\t\t\t<div class=\"elementor-column elementor-col-100 elementor-inner-column elementor-element elementor-element-052f300 elementor-invisible\" data-id=\"052f300\" data-element_type=\"column\" data-e-type=\"column\" data-settings=\"{&quot;background_background&quot;:&quot;classic&quot;,&quot;animation&quot;:&quot;zoomIn&quot;}\">\n\t\t\t<div class=\"elementor-widget-wrap elementor-element-populated\">\n\t\t\t\t\t\t<div class=\"elementor-element elementor-element-882f40e elementor-align-center elementor-mobile-align-justify elementor-widget-mobile__width-inherit elementor-widget elementor-widget-button\" data-id=\"882f40e\" data-element_type=\"widget\" data-e-type=\"widget\" data-widget_type=\"button.default\">\n\t\t\t\t<div class=\"elementor-widget-container\">\n\t\t\t\t\t\t\t\t\t<div class=\"elementor-button-wrapper\">\n\t\t\t\t\t<a class=\"elementor-button elementor-button-link elementor-size-sm elementor-animation-wobble-vertical\" href=\"\/opst\/zakladni-informace-vouchery-pro-verejny-sektor-kreativni\/\">\n\t\t\t\t\t\t<span class=\"elementor-button-content-wrapper\">\n\t\t\t\t\t\t<span class=\"elementor-button-icon\">\n\t\t\t\t\t\t\t<\/span>\n\t\t\t\t\t\t\t\t\t<span class=\"elementor-button-text\"><br>Z\u00c1KLADN\u00cd INFORMACE <BR><br><\/span>\n\t\t\t\t\t<\/span>\n\t\t\t\t\t<\/a>\n\t\t\t\t<\/div>\n\t\t\t\t\t\t\t\t<\/div>\n\t\t\t\t<\/div>\n\t\t\t\t<div class=\"elementor-element elementor-element-8d89b00 elementor-align-center elementor-mobile-align-justify elementor-widget-mobile__width-inherit elementor-widget elementor-widget-button\" data-id=\"8d89b00\" data-element_type=\"widget\" data-e-type=\"widget\" data-widget_type=\"button.default\">\n\t\t\t\t<div class=\"elementor-widget-container\">\n\t\t\t\t\t\t\t\t\t<div class=\"elementor-button-wrapper\">\n\t\t\t\t\t<a class=\"elementor-button elementor-button-link elementor-size-sm elementor-animation-wobble-vertical\" href=\"\/opst\/dotacni-program-a-prilohy-ke-stazeni-vouchery-pro-verejny-sektor-kreativni\/\">\n\t\t\t\t\t\t<span class=\"elementor-button-content-wrapper\">\n\t\t\t\t\t\t<span class=\"elementor-button-icon\">\n\t\t\t\t\t\t\t<\/span>\n\t\t\t\t\t\t\t\t\t<span class=\"elementor-button-text\">DOTA\u010cN\u00cd PROGRAM <br>A P\u0158\u00cdLOHY<br><\/span>\n\t\t\t\t\t<\/span>\n\t\t\t\t\t<\/a>\n\t\t\t\t<\/div>\n\t\t\t\t\t\t\t\t<\/div>\n\t\t\t\t<\/div>\n\t\t\t\t<div class=\"elementor-element elementor-element-dc998e5 elementor-align-center elementor-mobile-align-justify elementor-widget-mobile__width-inherit elementor-widget elementor-widget-button\" data-id=\"dc998e5\" data-element_type=\"widget\" data-e-type=\"widget\" data-widget_type=\"button.default\">\n\t\t\t\t<div class=\"elementor-widget-container\">\n\t\t\t\t\t\t\t\t\t<div class=\"elementor-button-wrapper\">\n\t\t\t\t\t<a class=\"elementor-button elementor-button-link elementor-size-lg elementor-animation-wobble-vertical\" href=\"\/opst\/souvisejici-dokumenty-vouchery-pro-verejny-sektor-kreativni\/\">\n\t\t\t\t\t\t<span class=\"elementor-button-content-wrapper\">\n\t\t\t\t\t\t<span class=\"elementor-button-icon\">\n\t\t\t\t\t\t\t<\/span>\n\t\t\t\t\t\t\t\t\t<span class=\"elementor-button-text\">SOUVISEJ\u00cdC\u00cd DOKUMENTY<br><\/span>\n\t\t\t\t\t<\/span>\n\t\t\t\t\t<\/a>\n\t\t\t\t<\/div>\n\t\t\t\t\t\t\t\t<\/div>\n\t\t\t\t<\/div>\n\t\t\t\t<div class=\"elementor-element elementor-element-5e9ca3f elementor-align-center elementor-mobile-align-justify elementor-widget-mobile__width-inherit elementor-widget elementor-widget-button\" data-id=\"5e9ca3f\" data-element_type=\"widget\" data-e-type=\"widget\" data-widget_type=\"button.default\">\n\t\t\t\t<div class=\"elementor-widget-container\">\n\t\t\t\t\t\t\t\t\t<div class=\"elementor-button-wrapper\">\n\t\t\t\t\t<a class=\"elementor-button elementor-button-link elementor-size-lg elementor-animation-wobble-vertical\" href=\"\/opst\/vyuctovani-dotace-vouchery-pro-verejny-sektor-kreativni\/\">\n\t\t\t\t\t\t<span class=\"elementor-button-content-wrapper\">\n\t\t\t\t\t\t<span class=\"elementor-button-icon\">\n\t\t\t\t\t\t\t<\/span>\n\t\t\t\t\t\t\t\t\t<span class=\"elementor-button-text\">VY\u00da\u010cTOV\u00c1N\u00cd DOTACE<\/span>\n\t\t\t\t\t<\/span>\n\t\t\t\t\t<\/a>\n\t\t\t\t<\/div>\n\t\t\t\t\t\t\t\t<\/div>\n\t\t\t\t<\/div>\n\t\t\t\t<div class=\"elementor-element elementor-element-7a193fe elementor-align-center elementor-mobile-align-justify elementor-widget-mobile__width-inherit elementor-widget elementor-widget-button\" data-id=\"7a193fe\" data-element_type=\"widget\" data-e-type=\"widget\" data-widget_type=\"button.default\">\n\t\t\t\t<div class=\"elementor-widget-container\">\n\t\t\t\t\t\t\t\t\t<div class=\"elementor-button-wrapper\">\n\t\t\t\t\t<a class=\"elementor-button elementor-button-link elementor-size-sm elementor-animation-wobble-vertical\" href=\"https:\/\/dotace.kr-karlovarsky.cz\/gordic\/ginis\/app\/RAP05\/\">\n\t\t\t\t\t\t<span class=\"elementor-button-content-wrapper\">\n\t\t\t\t\t\t<span class=\"elementor-button-icon\">\n\t\t\t\t\t\t\t<\/span>\n\t\t\t\t\t\t\t\t\t<span class=\"elementor-button-text\">POD\u00c1N\u00cd \u017d\u00c1DOSTI<br><br><\/span>\n\t\t\t\t\t<\/span>\n\t\t\t\t\t<\/a>\n\t\t\t\t<\/div>\n\t\t\t\t\t\t\t\t<\/div>\n\t\t\t\t<\/div>\n\t\t\t\t\t<\/div>\n\t\t<\/div>\n\t\t\t\t\t<\/div>\n\t\t<\/section>\n\t\t\t\t\t<\/div>\n\t\t<\/div>\n\t\t\t\t\t<\/div>\n\t\t<\/section>\n\t\t\t\t<section class=\"elementor-section elementor-top-section elementor-element elementor-element-e359de8 elementor-section-boxed elementor-section-height-default elementor-section-height-default\" data-id=\"e359de8\" data-element_type=\"section\" data-e-type=\"section\" data-settings=\"{&quot;background_background&quot;:&quot;classic&quot;}\">\n\t\t\t\t\t\t<div class=\"elementor-container elementor-column-gap-default\">\n\t\t\t\t\t<div class=\"elementor-column elementor-col-100 elementor-top-column elementor-element elementor-element-19fec70\" data-id=\"19fec70\" data-element_type=\"column\" data-e-type=\"column\">\n\t\t\t<div class=\"elementor-widget-wrap elementor-element-populated\">\n\t\t\t\t\t\t<div class=\"elementor-element elementor-element-659cef3 elementor-widget elementor-widget-text-editor\" data-id=\"659cef3\" data-element_type=\"widget\" data-e-type=\"widget\" data-widget_type=\"text-editor.default\">\n\t\t\t\t<div class=\"elementor-widget-container\">\n\t\t\t\t\t\t\t\t\t<p>Copyright 2025\u00a0 \u00a9\u00a0 Karlovarsk\u00fd kraj.\u00a0 All Rights Reserved\u00a0 &amp;\u00a0 Design Karlovarsk\u00fd kraj<\/p>\t\t\t\t\t\t\t\t<\/div>\n\t\t\t\t<\/div>\n\t\t\t\t\t<\/div>\n\t\t<\/div>\n\t\t\t\t\t<\/div>\n\t\t<\/section>\n\t\t\t\t<\/div>\n\t\t","protected":false},"excerpt":{"rendered":"<p>Karlovarsk\u00fd kraj \u010cast\u00e9 dotazy Jak se st\u00e1t kreativcem pro dota\u010dn\u00ed program Vouchery pro ve\u0159ejn\u00fd sektor &#8211; Kreativn\u00ed ? Zaregistrujte se zde Podm\u00ednky registrace v CGK \u2013 Celost\u00e1tn\u00ed galerie kreativc\u016f Jak\u00fdm zp\u016fsobem se pod\u00e1vaj\u00ed \u017e\u00e1dosti? \u017d\u00e1dosti se pod\u00e1vaj\u00ed pouze elektronicky prost\u0159ednictv\u00edm dota\u010dn\u00edho port\u00e1lu Karlovarsk\u00e9ho kraje https:\/\/dotace.kr-karlovarsky.cz\/gordic\/ginis\/app\/RAP05\/. Jak mohu elektronickou \u017e\u00e1dost podepsat a doru\u010dit? M\u00e1te t\u0159i mo\u017enosti: [&hellip;]<\/p>\n","protected":false},"author":1,"featured_media":0,"parent":0,"menu_order":0,"comment_status":"closed","ping_status":"closed","template":"elementor_canvas","meta":{"footnotes":""},"class_list":["post-1435","page","type-page","status-publish","hentry"],"_links":{"self":[{"href":"https:\/\/extranet.kr-karlovarsky.cz\/opst\/wp-json\/wp\/v2\/pages\/1435","targetHints":{"allow":["GET"]}}],"collection":[{"href":"https:\/\/extranet.kr-karlovarsky.cz\/opst\/wp-json\/wp\/v2\/pages"}],"about":[{"href":"https:\/\/extranet.kr-karlovarsky.cz\/opst\/wp-json\/wp\/v2\/types\/page"}],"author":[{"embeddable":true,"href":"https:\/\/extranet.kr-karlovarsky.cz\/opst\/wp-json\/wp\/v2\/users\/1"}],"replies":[{"embeddable":true,"href":"https:\/\/extranet.kr-karlovarsky.cz\/opst\/wp-json\/wp\/v2\/comments?post=1435"}],"version-history":[{"count":34,"href":"https:\/\/extranet.kr-karlovarsky.cz\/opst\/wp-json\/wp\/v2\/pages\/1435\/revisions"}],"predecessor-version":[{"id":1832,"href":"https:\/\/extranet.kr-karlovarsky.cz\/opst\/wp-json\/wp\/v2\/pages\/1435\/revisions\/1832"}],"wp:attachment":[{"href":"https:\/\/extranet.kr-karlovarsky.cz\/opst\/wp-json\/wp\/v2\/media?parent=1435"}],"curies":[{"name":"wp","href":"https:\/\/api.w.org\/{rel}","templated":true}]}}