{"id":170,"date":"2023-09-20T14:08:03","date_gmt":"2023-09-20T12:08:03","guid":{"rendered":"https:\/\/extranet.kr-karlovarsky.cz\/opst\/?page_id=170"},"modified":"2026-04-29T15:38:24","modified_gmt":"2026-04-29T13:38:24","slug":"seminare","status":"publish","type":"page","link":"https:\/\/extranet.kr-karlovarsky.cz\/opst\/seminare\/","title":{"rendered":"Semin\u00e1\u0159e"},"content":{"rendered":"\t\t<div data-elementor-type=\"wp-post\" data-elementor-id=\"170\" class=\"elementor elementor-170\">\n\t\t\t\t\t\t<section class=\"elementor-section elementor-top-section elementor-element elementor-element-4d37d0f2 elementor-reverse-tablet elementor-reverse-mobile elementor-section-boxed elementor-section-height-default elementor-section-height-default\" data-id=\"4d37d0f2\" data-element_type=\"section\" data-e-type=\"section\" data-settings=\"{&quot;background_background&quot;:&quot;classic&quot;,&quot;shape_divider_top&quot;:&quot;triangle&quot;}\">\n\t\t\t\t\t<div class=\"elementor-shape elementor-shape-top\" aria-hidden=\"true\" data-negative=\"false\">\n\t\t\t<svg xmlns=\"http:\/\/www.w3.org\/2000\/svg\" viewBox=\"0 0 1000 100\" preserveAspectRatio=\"none\">\n\t<path class=\"elementor-shape-fill\" d=\"M500,98.9L0,6.1V0h1000v6.1L500,98.9z\"\/>\n<\/svg>\t\t<\/div>\n\t\t\t\t\t<div class=\"elementor-container elementor-column-gap-default\">\n\t\t\t\t\t<div class=\"elementor-column elementor-col-100 elementor-top-column elementor-element elementor-element-5d8de508\" data-id=\"5d8de508\" data-element_type=\"column\" data-e-type=\"column\" data-settings=\"{&quot;background_background&quot;:&quot;classic&quot;}\">\n\t\t\t<div class=\"elementor-widget-wrap elementor-element-populated\">\n\t\t\t\t\t\t<section class=\"elementor-section elementor-inner-section elementor-element elementor-element-e716253 elementor-section-boxed elementor-section-height-default elementor-section-height-default\" data-id=\"e716253\" data-element_type=\"section\" data-e-type=\"section\" data-settings=\"{&quot;background_background&quot;:&quot;classic&quot;}\">\n\t\t\t\t\t\t<div class=\"elementor-container elementor-column-gap-default\">\n\t\t\t\t\t<div class=\"elementor-column elementor-col-100 elementor-inner-column elementor-element elementor-element-ce4e767\" data-id=\"ce4e767\" data-element_type=\"column\" data-e-type=\"column\">\n\t\t\t<div class=\"elementor-widget-wrap elementor-element-populated\">\n\t\t\t\t\t\t<div class=\"elementor-element elementor-element-714b58b elementor-widget__width-initial elementor-widget-divider--view-line elementor-widget elementor-widget-divider\" data-id=\"714b58b\" data-element_type=\"widget\" data-e-type=\"widget\" data-widget_type=\"divider.default\">\n\t\t\t\t<div class=\"elementor-widget-container\">\n\t\t\t\t\t\t\t<div class=\"elementor-divider\">\n\t\t\t<span class=\"elementor-divider-separator\">\n\t\t\t\t\t\t<\/span>\n\t\t<\/div>\n\t\t\t\t\t\t<\/div>\n\t\t\t\t<\/div>\n\t\t\t\t<div class=\"elementor-element elementor-element-8396907 elementor-widget__width-initial elementor-widget elementor-widget-heading\" data-id=\"8396907\" data-element_type=\"widget\" data-e-type=\"widget\" data-widget_type=\"heading.default\">\n\t\t\t\t<div class=\"elementor-widget-container\">\n\t\t\t\t\t<h2 class=\"elementor-heading-title elementor-size-default\">Karlovarsk\u00fd kraj<\/h2>\t\t\t\t<\/div>\n\t\t\t\t<\/div>\n\t\t\t\t<div class=\"elementor-element elementor-element-f6be3c0 elementor-widget__width-initial elementor-widget elementor-widget-heading\" data-id=\"f6be3c0\" data-element_type=\"widget\" data-e-type=\"widget\" data-widget_type=\"heading.default\">\n\t\t\t\t<div class=\"elementor-widget-container\">\n\t\t\t\t\t<h2 class=\"elementor-heading-title elementor-size-default\">Semin\u00e1\u0159e<\/h2>\t\t\t\t<\/div>\n\t\t\t\t<\/div>\n\t\t\t\t\t<\/div>\n\t\t<\/div>\n\t\t\t\t\t<\/div>\n\t\t<\/section>\n\t\t\t\t\t<\/div>\n\t\t<\/div>\n\t\t\t\t\t<\/div>\n\t\t<\/section>\n\t\t\t\t<section class=\"elementor-section elementor-top-section elementor-element elementor-element-268a29d elementor-reverse-tablet elementor-reverse-mobile elementor-section-boxed elementor-section-height-default elementor-section-height-default\" data-id=\"268a29d\" data-element_type=\"section\" data-e-type=\"section\" data-settings=\"{&quot;background_background&quot;:&quot;classic&quot;,&quot;shape_divider_bottom&quot;:&quot;triangle&quot;}\">\n\t\t\t\t\t<div class=\"elementor-shape elementor-shape-bottom\" aria-hidden=\"true\" data-negative=\"false\">\n\t\t\t<svg xmlns=\"http:\/\/www.w3.org\/2000\/svg\" viewBox=\"0 0 1000 100\" preserveAspectRatio=\"none\">\n\t<path class=\"elementor-shape-fill\" d=\"M500,98.9L0,6.1V0h1000v6.1L500,98.9z\"\/>\n<\/svg>\t\t<\/div>\n\t\t\t\t\t<div class=\"elementor-container elementor-column-gap-default\">\n\t\t\t\t\t<div class=\"elementor-column elementor-col-100 elementor-top-column elementor-element elementor-element-f70dcb3\" data-id=\"f70dcb3\" data-element_type=\"column\" data-e-type=\"column\" data-settings=\"{&quot;background_background&quot;:&quot;classic&quot;}\">\n\t\t\t<div class=\"elementor-widget-wrap elementor-element-populated\">\n\t\t\t\t\t\t<div class=\"elementor-element elementor-element-7fb1b8f elementor-widget elementor-widget-text-editor\" data-id=\"7fb1b8f\" data-element_type=\"widget\" data-e-type=\"widget\" data-widget_type=\"text-editor.default\">\n\t\t\t\t<div class=\"elementor-widget-container\">\n\t\t\t\t\t\t\t\t\t<h3>Semin\u00e1\u0159e &#8211; Vouchery pro podnikatele v Karlovarsk\u00e9m kraji II<\/h3><table width=\"1696\"><tbody><tr><td width=\"104\">Datum<\/td><td width=\"114\">\u010cas<\/td><td width=\"659\">M\u00edsto kon\u00e1n\u00ed<\/td><td width=\"819\">Registrace<\/td><\/tr><tr><td>11.05.2026<\/td><td>10.00 -13.00<\/td><td>Kulturn\u00ed a kreativn\u00ed centrum VARY&amp;TE, Dykova 19, Karlovy Vary &#8211; Star\u00e1 Role<\/td><td>QR k\u00f3d v pozv\u00e1nce<br \/><a href=\"https:\/\/extranet.kr-karlovarsky.cz\/opst\/wp-content\/uploads\/2026\/04\/Dotacni-prilezitosti-pro-firmy-KK-III.pdf\">pozv\u00e1nka<\/a> (pdf)<\/td><\/tr><tr><td>26.05.2026<\/td><td>10.00 &#8211; 12.00<\/td><td>Muzeum Cheb, n\u00e1m. Kr\u00e1le Ji\u0159\u00edho z Pod\u011bbrad 493\/4, Cheb<\/td><td><a href=\"https:\/\/extranet.kr-karlovarsky.cz\/vzdelavani\/reg\/registrace.php?CodeUrl=M5KCFkilfHRwEdo3cJA2\">https:\/\/extranet.kr-karlovarsky.cz\/vzdelavani\/reg\/registrace.php?CodeUrl=M5KCFkilfHRwEdo3cJA2<\/a><\/td><\/tr><tr><td>27.05.2026<\/td><td>10.00 &#8211; 12.00<\/td><td>zasedac\u00ed m\u00edstnost, M\u011bstsk\u00fd \u00fa\u0159ad Sokolov,\u00a0 Rokycanova 1929, Sokolov<\/td><td><a href=\"https:\/\/extranet.kr-karlovarsky.cz\/vzdelavani\/reg\/registrace.php?CodeUrl=rNP2ikMZxn94JgMcWwho\">https:\/\/extranet.kr-karlovarsky.cz\/vzdelavani\/reg\/registrace.php?CodeUrl=rNP2ikMZxn94JgMcWwho<\/a><\/td><\/tr><tr><td>28.05.2026<\/td><td>10.00 &#8211; 12.00<\/td><td>M\u011bstsk\u00fd \u00fa\u0159ad Ostrov, J\u00e1chymovsk\u00e1 1, Ostrov, Zastupitelsk\u00fd s\u00e1l<\/td><td><a href=\"https:\/\/extranet.kr-karlovarsky.cz\/vzdelavani\/reg\/registrace.php?CodeUrl=RavJadl4Rjebzxj3nNhf\">https:\/\/extranet.kr-karlovarsky.cz\/vzdelavani\/reg\/registrace.php?CodeUrl=RavJadl4Rjebzxj3nNhf<\/a><\/td><\/tr><\/tbody><\/table>\t\t\t\t\t\t\t\t<\/div>\n\t\t\t\t<\/div>\n\t\t\t\t<div class=\"elementor-element elementor-element-2f51c1b elementor-widget-divider--view-line elementor-widget elementor-widget-divider\" data-id=\"2f51c1b\" data-element_type=\"widget\" data-e-type=\"widget\" data-widget_type=\"divider.default\">\n\t\t\t\t<div class=\"elementor-widget-container\">\n\t\t\t\t\t\t\t<div class=\"elementor-divider\">\n\t\t\t<span class=\"elementor-divider-separator\">\n\t\t\t\t\t\t<\/span>\n\t\t<\/div>\n\t\t\t\t\t\t<\/div>\n\t\t\t\t<\/div>\n\t\t\t\t\t<\/div>\n\t\t<\/div>\n\t\t\t\t\t<\/div>\n\t\t<\/section>\n\t\t\t\t<section class=\"elementor-section elementor-top-section elementor-element elementor-element-6fe8ccf elementor-reverse-tablet elementor-reverse-mobile elementor-section-boxed elementor-section-height-default elementor-section-height-default\" data-id=\"6fe8ccf\" data-element_type=\"section\" data-e-type=\"section\" data-settings=\"{&quot;background_background&quot;:&quot;classic&quot;,&quot;shape_divider_bottom&quot;:&quot;triangle&quot;}\">\n\t\t\t\t\t<div class=\"elementor-shape elementor-shape-bottom\" aria-hidden=\"true\" data-negative=\"false\">\n\t\t\t<svg xmlns=\"http:\/\/www.w3.org\/2000\/svg\" viewBox=\"0 0 1000 100\" preserveAspectRatio=\"none\">\n\t<path class=\"elementor-shape-fill\" d=\"M500,98.9L0,6.1V0h1000v6.1L500,98.9z\"\/>\n<\/svg>\t\t<\/div>\n\t\t\t\t\t<div class=\"elementor-container elementor-column-gap-default\">\n\t\t\t\t\t<div class=\"elementor-column elementor-col-100 elementor-top-column elementor-element elementor-element-05ce193\" data-id=\"05ce193\" data-element_type=\"column\" data-e-type=\"column\" data-settings=\"{&quot;background_background&quot;:&quot;classic&quot;}\">\n\t\t\t<div class=\"elementor-widget-wrap elementor-element-populated\">\n\t\t\t\t\t\t<div class=\"elementor-element elementor-element-a5d1f7d elementor-widget elementor-widget-text-editor\" data-id=\"a5d1f7d\" data-element_type=\"widget\" data-e-type=\"widget\" data-widget_type=\"text-editor.default\">\n\t\t\t\t<div class=\"elementor-widget-container\">\n\t\t\t\t\t\t\t\t\t<h2><strong>ARCHIV:<\/strong><\/h2>\t\t\t\t\t\t\t\t<\/div>\n\t\t\t\t<\/div>\n\t\t\t\t<div class=\"elementor-element elementor-element-5b6670a elementor-widget elementor-widget-text-editor\" data-id=\"5b6670a\" data-element_type=\"widget\" data-e-type=\"widget\" data-widget_type=\"text-editor.default\">\n\t\t\t\t<div class=\"elementor-widget-container\">\n\t\t\t\t\t\t\t\t\t<h3><strong>Semin\u00e1\u0159e a webin\u00e1\u0159 k\u00a0projektu \u201eVouchery pro ve\u0159ejn\u00fd sektor \u2013 kreativn\u00ed\u201c<\/strong><\/h3><table width=\"822\"><tbody><tr><td width=\"104\">23.06.2025<\/td><td width=\"104\">14.00 -15.30<\/td><td width=\"614\">On-line webin\u00e1\u0159<\/td><\/tr><tr><td width=\"104\">18.08.2025<\/td><td width=\"104\">10.00 &#8211; 13.00<\/td><td width=\"614\">zasedac\u00ed m\u00edstnost, 26.dubna 4, Cheb<\/td><\/tr><tr><td width=\"104\">19.08.2025<\/td><td width=\"104\">10.00 -13.00<\/td><td width=\"614\">Kinokav\u00e1rna, Karla IV. 241, Nejdek<\/td><\/tr><tr><td width=\"104\">20.08.2025<\/td><td width=\"104\">10.00 &#8211; 13.00<\/td><td width=\"614\">zasedac\u00ed m\u00edstnost, M\u011bstsk\u00fd \u00fa\u0159ad Sokolov,\u00a0 Rokycanova 1929, Sokolov<\/td><\/tr><tr><td width=\"104\">25.08.2025<\/td><td width=\"104\">10.00 &#8211; 13.00<\/td><td width=\"614\">zasedac\u00ed m\u00edstnost, Rusk\u00e1 74, Mari\u00e1nsk\u00e9 L\u00e1zn\u011b<\/td><\/tr><tr><td width=\"104\">10.09.2025<\/td><td width=\"104\">14.00 -17.00<\/td><td width=\"614\"><p>Zastupitelsk\u00fd s\u00e1l, Krajsk\u00fd \u00fa\u0159ad Karlovy Vary, Z\u00e1vodn\u00ed 353\/88, 360 06 Karlovy Vary<\/p><p>&#8211;&gt;\u00a0\u00a0<b><a href=\"https:\/\/extranet.kr-karlovarsky.cz\/vzdelavani\/reg\/registrace.php?CodeUrl=7HApHTCcczAyK8TZKVvp\" target=\"_blank\" rel=\"noopener\">P\u0158IHL\u00c1SIT SE<\/a> \u00a0<\/b>&lt;&#8211;<\/p><\/td><\/tr><\/tbody><\/table><p><a href=\"https:\/\/extranet.kr-karlovarsky.cz\/opst\/wp-content\/uploads\/2025\/06\/Pozvanka_Vouchery-pro-verejny-sektor-Kreativni.docx\">POZV\u00c1NKA NA WEBIN\u00c1\u0158<\/a> (docx)<\/p>\t\t\t\t\t\t\t\t<\/div>\n\t\t\t\t<\/div>\n\t\t\t\t<div class=\"elementor-element elementor-element-eca6aa7 elementor-widget-divider--view-line elementor-widget elementor-widget-divider\" data-id=\"eca6aa7\" data-element_type=\"widget\" data-e-type=\"widget\" data-widget_type=\"divider.default\">\n\t\t\t\t<div class=\"elementor-widget-container\">\n\t\t\t\t\t\t\t<div class=\"elementor-divider\">\n\t\t\t<span class=\"elementor-divider-separator\">\n\t\t\t\t\t\t<\/span>\n\t\t<\/div>\n\t\t\t\t\t\t<\/div>\n\t\t\t\t<\/div>\n\t\t\t\t<section class=\"elementor-section elementor-inner-section elementor-element elementor-element-0be93a8 elementor-section-full_width elementor-section-content-top elementor-section-height-default elementor-section-height-default\" data-id=\"0be93a8\" data-element_type=\"section\" data-e-type=\"section\" data-settings=\"{&quot;background_background&quot;:&quot;classic&quot;}\">\n\t\t\t\t\t\t<div class=\"elementor-container elementor-column-gap-default\">\n\t\t\t\t\t<div class=\"elementor-column elementor-col-50 elementor-inner-column elementor-element elementor-element-1972227\" data-id=\"1972227\" data-element_type=\"column\" data-e-type=\"column\">\n\t\t\t<div class=\"elementor-widget-wrap elementor-element-populated\">\n\t\t\t\t\t\t<div class=\"elementor-element elementor-element-5fa0a75 elementor-widget elementor-widget-text-editor\" data-id=\"5fa0a75\" data-element_type=\"widget\" data-e-type=\"widget\" data-widget_type=\"text-editor.default\">\n\t\t\t\t<div class=\"elementor-widget-container\">\n\t\t\t\t\t\t\t\t\t<h4><strong>Webin\u00e1\u0159 on-line dne 23.6.2025 od 14:00 hodin<\/strong><\/h4><p>Vouchery pro ve\u0159ejn\u00fd sektor \u2013 kreativn\u00ed<\/p><p><span style=\"font-size: 1rem;\"><b>Z\u00e1znam ze semin\u00e1\u0159e:<\/b><\/span><\/p>\t\t\t\t\t\t\t\t<\/div>\n\t\t\t\t<\/div>\n\t\t\t\t<div class=\"elementor-element elementor-element-6efbee3 elementor-widget elementor-widget-video\" data-id=\"6efbee3\" data-element_type=\"widget\" data-e-type=\"widget\" data-settings=\"{&quot;video_type&quot;:&quot;hosted&quot;,&quot;controls&quot;:&quot;yes&quot;}\" data-widget_type=\"video.default\">\n\t\t\t\t<div class=\"elementor-widget-container\">\n\t\t\t\t\t\t\t<div class=\"e-hosted-video elementor-wrapper elementor-open-inline\">\n\t\t\t\t\t<video class=\"elementor-video\" src=\"https:\/\/extranet.kr-karlovarsky.cz\/opst\/wp-content\/uploads\/2025\/06\/Vouchery pro ve\u0159ejn\u00fd sektor - Kreativn\u00ed (webin\u00e1\u0159)-20250623.mp4\" controls=\"\" preload=\"metadata\" controlsList=\"nodownload\"><\/video>\n\t\t\t\t<\/div>\n\t\t\t\t\t\t<\/div>\n\t\t\t\t<\/div>\n\t\t\t\t\t<\/div>\n\t\t<\/div>\n\t\t\t\t<div class=\"elementor-column elementor-col-50 elementor-inner-column elementor-element elementor-element-3c0f5e6\" data-id=\"3c0f5e6\" data-element_type=\"column\" data-e-type=\"column\">\n\t\t\t<div class=\"elementor-widget-wrap elementor-element-populated\">\n\t\t\t\t\t\t<div class=\"elementor-element elementor-element-4d0d390 elementor-widget elementor-widget-text-editor\" data-id=\"4d0d390\" data-element_type=\"widget\" data-e-type=\"widget\" data-widget_type=\"text-editor.default\">\n\t\t\t\t<div class=\"elementor-widget-container\">\n\t\t\t\t\t\t\t\t\t<h4><strong>Webin\u00e1\u0159 on-line dne 2.9.2024 od 14:00 hodin<\/strong><\/h4><p>P\u0159\u00edprava projekt\u016f pro ve\u0159ejn\u00fd sektor<\/p><p><span style=\"font-size: 1rem;\"><b>Z\u00e1znam ze semin\u00e1\u0159e:<\/b><\/span><\/p>\t\t\t\t\t\t\t\t<\/div>\n\t\t\t\t<\/div>\n\t\t\t\t<div class=\"elementor-element elementor-element-b49fc70 elementor-widget elementor-widget-video\" data-id=\"b49fc70\" data-element_type=\"widget\" data-e-type=\"widget\" data-settings=\"{&quot;video_type&quot;:&quot;hosted&quot;,&quot;controls&quot;:&quot;yes&quot;}\" data-widget_type=\"video.default\">\n\t\t\t\t<div class=\"elementor-widget-container\">\n\t\t\t\t\t\t\t<div class=\"e-hosted-video elementor-wrapper elementor-open-inline\">\n\t\t\t\t\t<video class=\"elementor-video\" src=\"https:\/\/extranet.kr-karlovarsky.cz\/opst\/wp-content\/uploads\/2023\/12\/webinar-seznameni-s-programem-Vouchery.mov\" controls=\"\" preload=\"metadata\" controlsList=\"nodownload\" poster=\"https:\/\/extranet.kr-karlovarsky.cz\/opst\/wp-content\/uploads\/2023\/12\/uvodni-video.jpg\"><\/video>\n\t\t\t\t<\/div>\n\t\t\t\t\t\t<\/div>\n\t\t\t\t<\/div>\n\t\t\t\t<div class=\"elementor-element elementor-element-dac635f elementor-widget-divider--view-line elementor-widget elementor-widget-divider\" data-id=\"dac635f\" data-element_type=\"widget\" data-e-type=\"widget\" data-widget_type=\"divider.default\">\n\t\t\t\t<div class=\"elementor-widget-container\">\n\t\t\t\t\t\t\t<div class=\"elementor-divider\">\n\t\t\t<span class=\"elementor-divider-separator\">\n\t\t\t\t\t\t<\/span>\n\t\t<\/div>\n\t\t\t\t\t\t<\/div>\n\t\t\t\t<\/div>\n\t\t\t\t\t<\/div>\n\t\t<\/div>\n\t\t\t\t\t<\/div>\n\t\t<\/section>\n\t\t\t\t<section class=\"elementor-section elementor-inner-section elementor-element elementor-element-998816a elementor-section-full_width elementor-section-content-top elementor-section-height-default elementor-section-height-default\" data-id=\"998816a\" data-element_type=\"section\" data-e-type=\"section\" data-settings=\"{&quot;background_background&quot;:&quot;classic&quot;}\">\n\t\t\t\t\t\t<div class=\"elementor-container elementor-column-gap-default\">\n\t\t\t\t\t<div class=\"elementor-column elementor-col-50 elementor-inner-column elementor-element elementor-element-903ad56\" data-id=\"903ad56\" data-element_type=\"column\" data-e-type=\"column\">\n\t\t\t<div class=\"elementor-widget-wrap elementor-element-populated\">\n\t\t\t\t\t\t<div class=\"elementor-element elementor-element-174085b elementor-widget elementor-widget-text-editor\" data-id=\"174085b\" data-element_type=\"widget\" data-e-type=\"widget\" data-widget_type=\"text-editor.default\">\n\t\t\t\t<div class=\"elementor-widget-container\">\n\t\t\t\t\t\t\t\t\t<h4><strong>Webin\u00e1\u0159 on-line dne 24.7.2024 od 14:00 hodin<\/strong><\/h4>\n<p>N\u00e1borov\u00e9 p\u0159\u00edsp\u011bvky v oblasti \u0161kolstv\u00ed.<br><span style=\"font-size: 1rem;\"><br><b>Z\u00e1znam ze semin\u00e1\u0159e:<\/b><\/span><\/p>\t\t\t\t\t\t\t\t<\/div>\n\t\t\t\t<\/div>\n\t\t\t\t<div class=\"elementor-element elementor-element-bf63f77 elementor-widget elementor-widget-video\" data-id=\"bf63f77\" data-element_type=\"widget\" data-e-type=\"widget\" data-settings=\"{&quot;youtube_url&quot;:&quot;https:\\\/\\\/youtu.be\\\/mf-p3pb9kgM&quot;,&quot;video_type&quot;:&quot;youtube&quot;,&quot;controls&quot;:&quot;yes&quot;}\" data-widget_type=\"video.default\">\n\t\t\t\t<div class=\"elementor-widget-container\">\n\t\t\t\t\t\t\t<div class=\"elementor-wrapper elementor-open-inline\">\n\t\t\t<div class=\"elementor-video\"><\/div>\t\t<\/div>\n\t\t\t\t\t\t<\/div>\n\t\t\t\t<\/div>\n\t\t\t\t<div class=\"elementor-element elementor-element-313348e elementor-widget-divider--view-line elementor-widget elementor-widget-divider\" data-id=\"313348e\" data-element_type=\"widget\" data-e-type=\"widget\" data-widget_type=\"divider.default\">\n\t\t\t\t<div class=\"elementor-widget-container\">\n\t\t\t\t\t\t\t<div class=\"elementor-divider\">\n\t\t\t<span class=\"elementor-divider-separator\">\n\t\t\t\t\t\t<\/span>\n\t\t<\/div>\n\t\t\t\t\t\t<\/div>\n\t\t\t\t<\/div>\n\t\t\t\t<div class=\"elementor-element elementor-element-9e32d2d elementor-widget elementor-widget-text-editor\" data-id=\"9e32d2d\" data-element_type=\"widget\" data-e-type=\"widget\" data-widget_type=\"text-editor.default\">\n\t\t\t\t<div class=\"elementor-widget-container\">\n\t\t\t\t\t\t\t\t\t<h4><strong>Webin\u00e1\u0159 on-line dne 13.12.2023 od 16:00 hodin<\/strong><\/h4><p>\u010casto kladen\u00e9 dotazy programu Vouchery pro podnikatele<br \/><br \/><\/p><p><strong>Z\u00e1znam ze semin\u00e1\u0159e:<\/strong><\/p>\t\t\t\t\t\t\t\t<\/div>\n\t\t\t\t<\/div>\n\t\t\t\t<div class=\"elementor-element elementor-element-c453f6c elementor-widget elementor-widget-video\" data-id=\"c453f6c\" data-element_type=\"widget\" data-e-type=\"widget\" data-settings=\"{&quot;youtube_url&quot;:&quot;https:\\\/\\\/youtu.be\\\/7hq6Qk33d4I&quot;,&quot;video_type&quot;:&quot;youtube&quot;,&quot;controls&quot;:&quot;yes&quot;}\" data-widget_type=\"video.default\">\n\t\t\t\t<div class=\"elementor-widget-container\">\n\t\t\t\t\t\t\t<div class=\"elementor-wrapper elementor-open-inline\">\n\t\t\t<div class=\"elementor-video\"><\/div>\t\t<\/div>\n\t\t\t\t\t\t<\/div>\n\t\t\t\t<\/div>\n\t\t\t\t<div class=\"elementor-element elementor-element-78fa731 elementor-widget-divider--view-line elementor-widget elementor-widget-divider\" data-id=\"78fa731\" data-element_type=\"widget\" data-e-type=\"widget\" data-widget_type=\"divider.default\">\n\t\t\t\t<div class=\"elementor-widget-container\">\n\t\t\t\t\t\t\t<div class=\"elementor-divider\">\n\t\t\t<span class=\"elementor-divider-separator\">\n\t\t\t\t\t\t<\/span>\n\t\t<\/div>\n\t\t\t\t\t\t<\/div>\n\t\t\t\t<\/div>\n\t\t\t\t\t<\/div>\n\t\t<\/div>\n\t\t\t\t<div class=\"elementor-column elementor-col-50 elementor-inner-column elementor-element elementor-element-5f89c09\" data-id=\"5f89c09\" data-element_type=\"column\" data-e-type=\"column\">\n\t\t\t<div class=\"elementor-widget-wrap elementor-element-populated\">\n\t\t\t\t\t\t<div class=\"elementor-element elementor-element-8f10152 elementor-widget elementor-widget-text-editor\" data-id=\"8f10152\" data-element_type=\"widget\" data-e-type=\"widget\" data-widget_type=\"text-editor.default\">\n\t\t\t\t<div class=\"elementor-widget-container\">\n\t\t\t\t\t\t\t\t\t<h4><strong>Webin\u00e1\u0159 on-line dne 6.12.2023 od 16:00 hodin<\/strong><\/h4><p>Sezn\u00e1men\u00ed s dota\u010dn\u00edm programem Vouchery pro podnikatale.<br \/><span style=\"font-size: 1rem;\"><b><br \/>Z\u00e1znam ze semin\u00e1\u0159e:<\/b><\/span><\/p>\t\t\t\t\t\t\t\t<\/div>\n\t\t\t\t<\/div>\n\t\t\t\t<div class=\"elementor-element elementor-element-06dfce4 elementor-widget elementor-widget-video\" data-id=\"06dfce4\" data-element_type=\"widget\" data-e-type=\"widget\" data-settings=\"{&quot;youtube_url&quot;:&quot;https:\\\/\\\/youtu.be\\\/9cPOSB6qUlo&quot;,&quot;video_type&quot;:&quot;youtube&quot;,&quot;controls&quot;:&quot;yes&quot;}\" data-widget_type=\"video.default\">\n\t\t\t\t<div class=\"elementor-widget-container\">\n\t\t\t\t\t\t\t<div class=\"elementor-wrapper elementor-open-inline\">\n\t\t\t<div class=\"elementor-video\"><\/div>\t\t<\/div>\n\t\t\t\t\t\t<\/div>\n\t\t\t\t<\/div>\n\t\t\t\t<div class=\"elementor-element elementor-element-b6a9537 elementor-widget-divider--view-line elementor-widget elementor-widget-divider\" data-id=\"b6a9537\" data-element_type=\"widget\" data-e-type=\"widget\" data-widget_type=\"divider.default\">\n\t\t\t\t<div class=\"elementor-widget-container\">\n\t\t\t\t\t\t\t<div class=\"elementor-divider\">\n\t\t\t<span class=\"elementor-divider-separator\">\n\t\t\t\t\t\t<\/span>\n\t\t<\/div>\n\t\t\t\t\t\t<\/div>\n\t\t\t\t<\/div>\n\t\t\t\t<div class=\"elementor-element elementor-element-0ba5682 elementor-widget elementor-widget-text-editor\" data-id=\"0ba5682\" data-element_type=\"widget\" data-e-type=\"widget\" data-widget_type=\"text-editor.default\">\n\t\t\t\t<div class=\"elementor-widget-container\">\n\t\t\t\t\t\t\t\t\t<h4><strong>Webin\u00e1\u0159 on-line dne 11.12.2023 od 16:00 hodin<\/strong><\/h4><p>N\u00e1vod na vypln\u011bn\u00ed \u017e\u00e1dosti a p\u0159\u00edloh dota\u010dn\u00edho programu Vouchery pro podnikatele.<\/p><p><strong>Z\u00e1znam ze semin\u00e1\u0159e:<\/strong><\/p>\t\t\t\t\t\t\t\t<\/div>\n\t\t\t\t<\/div>\n\t\t\t\t<div class=\"elementor-element elementor-element-3c7a35d elementor-widget elementor-widget-video\" data-id=\"3c7a35d\" data-element_type=\"widget\" data-e-type=\"widget\" data-settings=\"{&quot;youtube_url&quot;:&quot;https:\\\/\\\/youtu.be\\\/NwcXJAwIJfI&quot;,&quot;video_type&quot;:&quot;youtube&quot;,&quot;controls&quot;:&quot;yes&quot;}\" data-widget_type=\"video.default\">\n\t\t\t\t<div class=\"elementor-widget-container\">\n\t\t\t\t\t\t\t<div class=\"elementor-wrapper elementor-open-inline\">\n\t\t\t<div class=\"elementor-video\"><\/div>\t\t<\/div>\n\t\t\t\t\t\t<\/div>\n\t\t\t\t<\/div>\n\t\t\t\t<div class=\"elementor-element elementor-element-bc1824d elementor-widget-divider--view-line elementor-widget elementor-widget-divider\" data-id=\"bc1824d\" data-element_type=\"widget\" data-e-type=\"widget\" data-widget_type=\"divider.default\">\n\t\t\t\t<div class=\"elementor-widget-container\">\n\t\t\t\t\t\t\t<div class=\"elementor-divider\">\n\t\t\t<span class=\"elementor-divider-separator\">\n\t\t\t\t\t\t<\/span>\n\t\t<\/div>\n\t\t\t\t\t\t<\/div>\n\t\t\t\t<\/div>\n\t\t\t\t\t<\/div>\n\t\t<\/div>\n\t\t\t\t\t<\/div>\n\t\t<\/section>\n\t\t\t\t\t<\/div>\n\t\t<\/div>\n\t\t\t\t\t<\/div>\n\t\t<\/section>\n\t\t\t\t<section class=\"elementor-section elementor-top-section elementor-element elementor-element-e359de8 elementor-section-boxed elementor-section-height-default elementor-section-height-default\" data-id=\"e359de8\" data-element_type=\"section\" data-e-type=\"section\" data-settings=\"{&quot;background_background&quot;:&quot;classic&quot;}\">\n\t\t\t\t\t\t<div class=\"elementor-container elementor-column-gap-default\">\n\t\t\t\t\t<div class=\"elementor-column elementor-col-100 elementor-top-column elementor-element elementor-element-19fec70\" data-id=\"19fec70\" data-element_type=\"column\" data-e-type=\"column\">\n\t\t\t<div class=\"elementor-widget-wrap elementor-element-populated\">\n\t\t\t\t\t\t<div class=\"elementor-element elementor-element-659cef3 elementor-widget elementor-widget-text-editor\" data-id=\"659cef3\" data-element_type=\"widget\" data-e-type=\"widget\" data-widget_type=\"text-editor.default\">\n\t\t\t\t<div class=\"elementor-widget-container\">\n\t\t\t\t\t\t\t\t\t<p>Copyright 2026\u00a0 \u00a9\u00a0 Karlovarsk\u00fd kraj.\u00a0 All Rights Reserved\u00a0 &amp;\u00a0 Design Karlovarsk\u00fd kraj<\/p>\t\t\t\t\t\t\t\t<\/div>\n\t\t\t\t<\/div>\n\t\t\t\t\t<\/div>\n\t\t<\/div>\n\t\t\t\t\t<\/div>\n\t\t<\/section>\n\t\t\t\t<\/div>\n\t\t","protected":false},"excerpt":{"rendered":"<p>Karlovarsk\u00fd kraj Semin\u00e1\u0159e Semin\u00e1\u0159e &#8211; Vouchery pro podnikatele v Karlovarsk\u00e9m kraji II Datum \u010cas M\u00edsto kon\u00e1n\u00ed Registrace 11.05.2026 10.00 -13.00 Kulturn\u00ed a kreativn\u00ed centrum VARY&amp;TE, Dykova 19, Karlovy Vary &#8211; Star\u00e1 Role QR k\u00f3d v pozv\u00e1ncepozv\u00e1nka (pdf) 26.05.2026 10.00 &#8211; 12.00 Muzeum Cheb, n\u00e1m. Kr\u00e1le Ji\u0159\u00edho z Pod\u011bbrad 493\/4, Cheb https:\/\/extranet.kr-karlovarsky.cz\/vzdelavani\/reg\/registrace.php?CodeUrl=M5KCFkilfHRwEdo3cJA2 27.05.2026 10.00 &#8211; 12.00 [&hellip;]<\/p>\n","protected":false},"author":1,"featured_media":0,"parent":0,"menu_order":0,"comment_status":"closed","ping_status":"closed","template":"elementor_canvas","meta":{"footnotes":""},"class_list":["post-170","page","type-page","status-publish","hentry"],"_links":{"self":[{"href":"https:\/\/extranet.kr-karlovarsky.cz\/opst\/wp-json\/wp\/v2\/pages\/170","targetHints":{"allow":["GET"]}}],"collection":[{"href":"https:\/\/extranet.kr-karlovarsky.cz\/opst\/wp-json\/wp\/v2\/pages"}],"about":[{"href":"https:\/\/extranet.kr-karlovarsky.cz\/opst\/wp-json\/wp\/v2\/types\/page"}],"author":[{"embeddable":true,"href":"https:\/\/extranet.kr-karlovarsky.cz\/opst\/wp-json\/wp\/v2\/users\/1"}],"replies":[{"embeddable":true,"href":"https:\/\/extranet.kr-karlovarsky.cz\/opst\/wp-json\/wp\/v2\/comments?post=170"}],"version-history":[{"count":126,"href":"https:\/\/extranet.kr-karlovarsky.cz\/opst\/wp-json\/wp\/v2\/pages\/170\/revisions"}],"predecessor-version":[{"id":1991,"href":"https:\/\/extranet.kr-karlovarsky.cz\/opst\/wp-json\/wp\/v2\/pages\/170\/revisions\/1991"}],"wp:attachment":[{"href":"https:\/\/extranet.kr-karlovarsky.cz\/opst\/wp-json\/wp\/v2\/media?parent=170"}],"curies":[{"name":"wp","href":"https:\/\/api.w.org\/{rel}","templated":true}]}}