{"id":1893,"date":"2026-04-27T13:03:04","date_gmt":"2026-04-27T11:03:04","guid":{"rendered":"https:\/\/extranet.kr-karlovarsky.cz\/opst\/?page_id=1893"},"modified":"2026-04-27T13:22:37","modified_gmt":"2026-04-27T11:22:37","slug":"zakladni-informace-vouchery-pro-podnikatele-ii","status":"publish","type":"page","link":"https:\/\/extranet.kr-karlovarsky.cz\/opst\/zakladni-informace-vouchery-pro-podnikatele-ii\/","title":{"rendered":"Z\u00e1kladn\u00ed informace &#8211; Vouchery pro podnikatele II"},"content":{"rendered":"\t\t<div data-elementor-type=\"wp-post\" data-elementor-id=\"1893\" class=\"elementor elementor-1893\">\n\t\t\t\t\t\t<section class=\"elementor-section elementor-top-section elementor-element elementor-element-4d37d0f2 elementor-reverse-tablet elementor-reverse-mobile elementor-section-boxed elementor-section-height-default elementor-section-height-default\" data-id=\"4d37d0f2\" data-element_type=\"section\" data-e-type=\"section\" data-settings=\"{&quot;background_background&quot;:&quot;classic&quot;,&quot;shape_divider_top&quot;:&quot;triangle&quot;,&quot;shape_divider_bottom&quot;:&quot;triangle&quot;}\">\n\t\t\t\t\t<div class=\"elementor-shape elementor-shape-top\" aria-hidden=\"true\" data-negative=\"false\">\n\t\t\t<svg xmlns=\"http:\/\/www.w3.org\/2000\/svg\" viewBox=\"0 0 1000 100\" preserveAspectRatio=\"none\">\n\t<path class=\"elementor-shape-fill\" d=\"M500,98.9L0,6.1V0h1000v6.1L500,98.9z\"\/>\n<\/svg>\t\t<\/div>\n\t\t\t\t<div class=\"elementor-shape elementor-shape-bottom\" aria-hidden=\"true\" data-negative=\"false\">\n\t\t\t<svg xmlns=\"http:\/\/www.w3.org\/2000\/svg\" viewBox=\"0 0 1000 100\" preserveAspectRatio=\"none\">\n\t<path class=\"elementor-shape-fill\" d=\"M500,98.9L0,6.1V0h1000v6.1L500,98.9z\"\/>\n<\/svg>\t\t<\/div>\n\t\t\t\t\t<div class=\"elementor-container elementor-column-gap-default\">\n\t\t\t\t\t<div class=\"elementor-column elementor-col-50 elementor-top-column elementor-element elementor-element-5d8de508\" data-id=\"5d8de508\" data-element_type=\"column\" data-e-type=\"column\" data-settings=\"{&quot;background_background&quot;:&quot;classic&quot;}\">\n\t\t\t<div class=\"elementor-widget-wrap elementor-element-populated\">\n\t\t\t\t\t\t<section class=\"elementor-section elementor-inner-section elementor-element elementor-element-e716253 elementor-section-boxed elementor-section-height-default elementor-section-height-default\" data-id=\"e716253\" data-element_type=\"section\" data-e-type=\"section\" data-settings=\"{&quot;background_background&quot;:&quot;classic&quot;}\">\n\t\t\t\t\t\t<div class=\"elementor-container elementor-column-gap-default\">\n\t\t\t\t\t<div class=\"elementor-column elementor-col-100 elementor-inner-column elementor-element elementor-element-ce4e767\" data-id=\"ce4e767\" data-element_type=\"column\" data-e-type=\"column\">\n\t\t\t<div class=\"elementor-widget-wrap elementor-element-populated\">\n\t\t\t\t\t\t<div class=\"elementor-element elementor-element-714b58b elementor-widget__width-initial elementor-widget-divider--view-line elementor-widget elementor-widget-divider\" data-id=\"714b58b\" data-element_type=\"widget\" data-e-type=\"widget\" data-widget_type=\"divider.default\">\n\t\t\t\t<div class=\"elementor-widget-container\">\n\t\t\t\t\t\t\t<div class=\"elementor-divider\">\n\t\t\t<span class=\"elementor-divider-separator\">\n\t\t\t\t\t\t<\/span>\n\t\t<\/div>\n\t\t\t\t\t\t<\/div>\n\t\t\t\t<\/div>\n\t\t\t\t<div class=\"elementor-element elementor-element-8396907 elementor-widget__width-initial elementor-widget elementor-widget-heading\" data-id=\"8396907\" data-element_type=\"widget\" data-e-type=\"widget\" data-widget_type=\"heading.default\">\n\t\t\t\t<div class=\"elementor-widget-container\">\n\t\t\t\t\t<h2 class=\"elementor-heading-title elementor-size-default\">Karlovarsk\u00fd kraj<\/h2>\t\t\t\t<\/div>\n\t\t\t\t<\/div>\n\t\t\t\t<div class=\"elementor-element elementor-element-f6be3c0 elementor-widget elementor-widget-heading\" data-id=\"f6be3c0\" data-element_type=\"widget\" data-e-type=\"widget\" data-widget_type=\"heading.default\">\n\t\t\t\t<div class=\"elementor-widget-container\">\n\t\t\t\t\t<h2 class=\"elementor-heading-title elementor-size-default\">Z\u00e1kladn\u00ed informace - Vouchery pro podnikatele II<\/h2>\t\t\t\t<\/div>\n\t\t\t\t<\/div>\n\t\t\t\t<div class=\"elementor-element elementor-element-09e80a1 elementor-widget elementor-widget-text-editor\" data-id=\"09e80a1\" data-element_type=\"widget\" data-e-type=\"widget\" data-widget_type=\"text-editor.default\">\n\t\t\t\t<div class=\"elementor-widget-container\">\n\t\t\t\t\t\t\t\t\t<h2><strong>Kdo m\u016f\u017ee o dotaci po\u017e\u00e1dat?<\/strong><\/h2><p>Podnikaj\u00edc\u00ed fyzick\u00e1 nebo pr\u00e1vnick\u00e1 osoba:<\/p><p>&#8211; kter\u00e1 spl\u0148uje podm\u00ednky definice \u201emal\u00fdch a st\u0159edn\u00edch podnik\u016f\u201c;<\/p><p>&#8211; jej\u00ed\u017e podnikatelsk\u00e1 \u010dinnost vztahuj\u00edc\u00ed se k p\u0159edm\u011btu podnik\u00e1n\u00ed, byla zah\u00e1jena alespo\u0148 12 m\u011bs\u00edc\u016f p\u0159ed vyhl\u00e1\u0161en\u00edm krajsk\u00e9 v\u00fdzvy;<\/p><p>&#8211; kter\u00e1 m\u00e1 v\u00edce ne\u017e 6 m\u011bs\u00edc\u016f p\u0159ed pod\u00e1n\u00edm \u017e\u00e1dosti na \u00fazem\u00ed Karlovarsk\u00e9ho kraje s\u00eddlo, pobo\u010dku, provozovnu nebo m\u00edsto podnik\u00e1n\u00ed;<\/p><p>&#8211; s\u00a0n\u00ed\u017e nebyla uzav\u0159ena smlouva v\u00a0r\u00e1mci dota\u010dn\u00edho programu Vouchery pro podnikatele Karlovarsk\u00e9ho kraje (prvn\u00ed kolo dota\u010dn\u00edho programu);<\/p><p>&#8211; jej\u00ed\u017e podnikatelsk\u00e1 \u010dinnost spad\u00e1 do seznamu povolen\u00fdch ekonomick\u00fdch \u010dinnost\u00ed CZ-NACE (seznam je sou\u010d\u00e1st\u00ed p\u0159\u00edloh a je zve\u0159ejn\u011bn v\u00a0sekci d\u016fle\u017eit\u00e9 odkazy);<\/p><p>&#8211; bli\u017e\u0161\u00ed informace naleznete po zve\u0159ejn\u011bn\u00ed v\u00a0dota\u010dn\u00edm programu.<\/p><p>\u00a0<\/p><h2><strong>Jak\u00fd typ voucheru bude podporov\u00e1n a kolik finan\u010dn\u00edch prost\u0159edk\u016f mohu z\u00edskat?<\/strong><\/h2><p>\u00da\u010delem dota\u010dn\u00edho programu je podpo\u0159it rozvoj ji\u017e existuj\u00edc\u00edch mal\u00fdch a st\u0159edn\u00edch podnik\u016f v Karlovarsk\u00e9m kraji, a to prost\u0159ednictv\u00edm voucheru slou\u017e\u00edc\u00edho k rozvoji podnik\u00e1n\u00ed.<\/p><p>Dotaci lze kone\u010dn\u00e9mu \u017eadateli p\u0159iznat ve v\u00fd\u0161i 60 % ze zp\u016fsobil\u00fdch v\u00fddaj\u016f projektu, p\u0159\u00edpadn\u011b do v\u00fd\u0161e, kterou umo\u017e\u0148uj\u00ed pravidla pro podporu de minimis, a to v minim\u00e1ln\u00ed v\u00fd\u0161i 50 000 K\u010d, a s n\u00e1sleduj\u00edc\u00ed maxim\u00e1ln\u00ed hranic\u00ed dotace 500\u00a0000 K\u010d.<\/p><p>Alokace dota\u010dn\u00edho programu je 46\u00a0728 971,96 K\u010d.<\/p><p>\u00a0<\/p><p>\u00a0<\/p><h2><strong>Jak\u00e9 dokumenty budu k \u017e\u00e1dosti pot\u0159ebovat?<\/strong><\/h2><p>Ve\u0161ker\u00e9 p\u0159\u00edlohy jsou uvedeny v\u00a0dota\u010dn\u00edm programu.<\/p><p>Mezi povinn\u00e9 p\u0159\u00edlohy pat\u0159\u00ed mimo jin\u00e9:\u00a0<\/p><ol><li>Formul\u00e1\u0159 \u201estanoven\u00ed velikosti a ekonomick\u00e9 skupiny podniku\u201c<\/li><li>Formul\u00e1\u0159 \u201etest podniku v obt\u00ed\u017e\u00edch\u201c<\/li><li>Podnikatelsk\u00fd z\u00e1m\u011br<\/li><li>Rozpo\u010det projektu<\/li><li>\u010cestn\u00e9 prohl\u00e1\u0161en\u00ed \u017eadatele o podporu de minimis<\/li><li>Doklad prokazuj\u00edc\u00ed vlastnictv\u00ed bankovn\u00edho \u00fa\u010dtu kone\u010dn\u00e9ho \u017eadatele<\/li><li>Ekonomick\u00e9 v\u00fdkazy<\/li><li>V\u00fdpis\/v\u00fdpisy z evidence Rejst\u0159\u00edku trest\u016f<\/li><li>Indikativn\u00ed nab\u00eddky prokazuj\u00edc\u00ed stanoven\u00ed rozpo\u010dtu<\/li><li>P\u0159\u00edpadn\u011b dal\u0161\u00ed p\u0159\u00edlohy.<\/li><\/ol><p>\u00a0<\/p><p>\u00a0<\/p><h2><strong>Kdy budu moci o dotaci po\u017e\u00e1dat?<\/strong><\/h2><p>P\u0159\u00edjem \u017e\u00e1dost\u00ed pl\u00e1nujeme na 3. \u010dtvrtlet\u00ed roku 2026.<\/p>\t\t\t\t\t\t\t\t<\/div>\n\t\t\t\t<\/div>\n\t\t\t\t\t<\/div>\n\t\t<\/div>\n\t\t\t\t\t<\/div>\n\t\t<\/section>\n\t\t\t\t\t<\/div>\n\t\t<\/div>\n\t\t\t\t<div class=\"elementor-column elementor-col-50 elementor-top-column elementor-element elementor-element-939df7c elementor-hidden-tablet elementor-hidden-mobile\" data-id=\"939df7c\" data-element_type=\"column\" data-e-type=\"column\" data-settings=\"{&quot;background_background&quot;:&quot;classic&quot;}\">\n\t\t\t<div class=\"elementor-widget-wrap elementor-element-populated\">\n\t\t\t\t\t\t<section class=\"elementor-section elementor-inner-section elementor-element elementor-element-a1e0c14 elementor-section-full_width elementor-section-height-default elementor-section-height-default\" data-id=\"a1e0c14\" data-element_type=\"section\" data-e-type=\"section\">\n\t\t\t\t\t\t<div class=\"elementor-container elementor-column-gap-default\">\n\t\t\t\t\t<div class=\"elementor-column elementor-col-100 elementor-inner-column elementor-element elementor-element-09d6d9c elementor-invisible\" data-id=\"09d6d9c\" data-element_type=\"column\" data-e-type=\"column\" data-settings=\"{&quot;background_background&quot;:&quot;classic&quot;,&quot;animation&quot;:&quot;zoomIn&quot;}\">\n\t\t\t<div class=\"elementor-widget-wrap elementor-element-populated\">\n\t\t\t\t\t\t<div class=\"elementor-element elementor-element-c6254f6 elementor-align-center elementor-mobile-align-justify elementor-widget-mobile__width-inherit elementor-widget elementor-widget-button\" data-id=\"c6254f6\" data-element_type=\"widget\" data-e-type=\"widget\" data-widget_type=\"button.default\">\n\t\t\t\t<div class=\"elementor-widget-container\">\n\t\t\t\t\t\t\t\t\t<div class=\"elementor-button-wrapper\">\n\t\t\t\t\t<a class=\"elementor-button elementor-button-link elementor-size-sm elementor-animation-wobble-vertical\" href=\"#\">\n\t\t\t\t\t\t<span class=\"elementor-button-content-wrapper\">\n\t\t\t\t\t\t<span class=\"elementor-button-icon\">\n\t\t\t\t\t\t\t<\/span>\n\t\t\t\t\t\t\t\t\t<span class=\"elementor-button-text\">DOTA\u010cN\u00cd PROGRAM <br>A P\u0158\u00cdLOHY<br><\/span>\n\t\t\t\t\t<\/span>\n\t\t\t\t\t<\/a>\n\t\t\t\t<\/div>\n\t\t\t\t\t\t\t\t<\/div>\n\t\t\t\t<\/div>\n\t\t\t\t<div class=\"elementor-element elementor-element-8e5813a elementor-align-center elementor-mobile-align-justify elementor-widget-mobile__width-inherit elementor-widget elementor-widget-button\" data-id=\"8e5813a\" data-element_type=\"widget\" data-e-type=\"widget\" data-widget_type=\"button.default\">\n\t\t\t\t<div class=\"elementor-widget-container\">\n\t\t\t\t\t\t\t\t\t<div class=\"elementor-button-wrapper\">\n\t\t\t\t\t<a class=\"elementor-button elementor-button-link elementor-size-lg elementor-animation-wobble-vertical\" href=\"\/opst\/souvisejici-dokumenty-vouchery-pro-podnikatele-ii\/\">\n\t\t\t\t\t\t<span class=\"elementor-button-content-wrapper\">\n\t\t\t\t\t\t<span class=\"elementor-button-icon\">\n\t\t\t\t\t\t\t<\/span>\n\t\t\t\t\t\t\t\t\t<span class=\"elementor-button-text\">SOUVISEJ\u00cdC\u00cd DOKUMENTY<br><\/span>\n\t\t\t\t\t<\/span>\n\t\t\t\t\t<\/a>\n\t\t\t\t<\/div>\n\t\t\t\t\t\t\t\t<\/div>\n\t\t\t\t<\/div>\n\t\t\t\t<div class=\"elementor-element elementor-element-690cdbc elementor-align-center elementor-mobile-align-justify elementor-widget-mobile__width-inherit elementor-widget elementor-widget-button\" data-id=\"690cdbc\" data-element_type=\"widget\" data-e-type=\"widget\" data-widget_type=\"button.default\">\n\t\t\t\t<div class=\"elementor-widget-container\">\n\t\t\t\t\t\t\t\t\t<div class=\"elementor-button-wrapper\">\n\t\t\t\t\t<a class=\"elementor-button elementor-button-link elementor-size-sm elementor-animation-wobble-vertical\" href=\"#\">\n\t\t\t\t\t\t<span class=\"elementor-button-content-wrapper\">\n\t\t\t\t\t\t<span class=\"elementor-button-icon\">\n\t\t\t\t\t\t\t<\/span>\n\t\t\t\t\t\t\t\t\t<span class=\"elementor-button-text\">POD\u00c1N\u00cd \u017d\u00c1DOSTI<br><br><\/span>\n\t\t\t\t\t<\/span>\n\t\t\t\t\t<\/a>\n\t\t\t\t<\/div>\n\t\t\t\t\t\t\t\t<\/div>\n\t\t\t\t<\/div>\n\t\t\t\t<div class=\"elementor-element elementor-element-b4ad87e elementor-align-center elementor-mobile-align-justify elementor-widget-mobile__width-inherit elementor-widget elementor-widget-button\" data-id=\"b4ad87e\" data-element_type=\"widget\" data-e-type=\"widget\" data-widget_type=\"button.default\">\n\t\t\t\t<div class=\"elementor-widget-container\">\n\t\t\t\t\t\t\t\t\t<div class=\"elementor-button-wrapper\">\n\t\t\t\t\t<a class=\"elementor-button elementor-button-link elementor-size-lg elementor-animation-wobble-vertical\" href=\"#\">\n\t\t\t\t\t\t<span class=\"elementor-button-content-wrapper\">\n\t\t\t\t\t\t<span class=\"elementor-button-icon\">\n\t\t\t\t\t\t\t<\/span>\n\t\t\t\t\t\t\t\t\t<span class=\"elementor-button-text\">VY\u00da\u010cTOV\u00c1N\u00cd DOTACE<br><\/span>\n\t\t\t\t\t<\/span>\n\t\t\t\t\t<\/a>\n\t\t\t\t<\/div>\n\t\t\t\t\t\t\t\t<\/div>\n\t\t\t\t<\/div>\n\t\t\t\t<div class=\"elementor-element elementor-element-124bb19 elementor-align-center elementor-mobile-align-justify elementor-widget-mobile__width-inherit elementor-widget elementor-widget-button\" data-id=\"124bb19\" data-element_type=\"widget\" data-e-type=\"widget\" data-widget_type=\"button.default\">\n\t\t\t\t<div class=\"elementor-widget-container\">\n\t\t\t\t\t\t\t\t\t<div class=\"elementor-button-wrapper\">\n\t\t\t\t\t<a class=\"elementor-button elementor-button-link elementor-size-lg elementor-animation-wobble-vertical\" href=\"\/opst\/caste-dotazy-vouchery-pro-podnikatele-ii\/\">\n\t\t\t\t\t\t<span class=\"elementor-button-content-wrapper\">\n\t\t\t\t\t\t<span class=\"elementor-button-icon\">\n\t\t\t\t\t\t\t<\/span>\n\t\t\t\t\t\t\t\t\t<span class=\"elementor-button-text\">\u010cAST\u00c9 DOTAZY<\/span>\n\t\t\t\t\t<\/span>\n\t\t\t\t\t<\/a>\n\t\t\t\t<\/div>\n\t\t\t\t\t\t\t\t<\/div>\n\t\t\t\t<\/div>\n\t\t\t\t\t<\/div>\n\t\t<\/div>\n\t\t\t\t\t<\/div>\n\t\t<\/section>\n\t\t\t\t\t<\/div>\n\t\t<\/div>\n\t\t\t\t\t<\/div>\n\t\t<\/section>\n\t\t\t\t<section class=\"elementor-section elementor-top-section elementor-element elementor-element-e359de8 elementor-section-boxed elementor-section-height-default elementor-section-height-default\" data-id=\"e359de8\" data-element_type=\"section\" data-e-type=\"section\" data-settings=\"{&quot;background_background&quot;:&quot;classic&quot;}\">\n\t\t\t\t\t\t<div class=\"elementor-container elementor-column-gap-default\">\n\t\t\t\t\t<div class=\"elementor-column elementor-col-100 elementor-top-column elementor-element elementor-element-19fec70\" data-id=\"19fec70\" data-element_type=\"column\" data-e-type=\"column\">\n\t\t\t<div class=\"elementor-widget-wrap elementor-element-populated\">\n\t\t\t\t\t\t<div class=\"elementor-element elementor-element-659cef3 elementor-widget elementor-widget-text-editor\" data-id=\"659cef3\" data-element_type=\"widget\" data-e-type=\"widget\" data-widget_type=\"text-editor.default\">\n\t\t\t\t<div class=\"elementor-widget-container\">\n\t\t\t\t\t\t\t\t\t<p>Copyright 2026&nbsp; \u00a9&nbsp; Karlovarsk\u00fd kraj.&nbsp; All Rights Reserved&nbsp; &amp;&nbsp; Design Karlovarsk\u00fd kraj<\/p>\t\t\t\t\t\t\t\t<\/div>\n\t\t\t\t<\/div>\n\t\t\t\t\t<\/div>\n\t\t<\/div>\n\t\t\t\t\t<\/div>\n\t\t<\/section>\n\t\t\t\t<\/div>\n\t\t","protected":false},"excerpt":{"rendered":"<p>Karlovarsk\u00fd kraj Z\u00e1kladn\u00ed informace &#8211; Vouchery pro podnikatele II Kdo m\u016f\u017ee o dotaci po\u017e\u00e1dat? Podnikaj\u00edc\u00ed fyzick\u00e1 nebo pr\u00e1vnick\u00e1 osoba: &#8211; kter\u00e1 spl\u0148uje podm\u00ednky definice \u201emal\u00fdch a st\u0159edn\u00edch podnik\u016f\u201c; &#8211; jej\u00ed\u017e podnikatelsk\u00e1 \u010dinnost vztahuj\u00edc\u00ed se k p\u0159edm\u011btu podnik\u00e1n\u00ed, byla zah\u00e1jena alespo\u0148 12 m\u011bs\u00edc\u016f p\u0159ed vyhl\u00e1\u0161en\u00edm krajsk\u00e9 v\u00fdzvy; &#8211; kter\u00e1 m\u00e1 v\u00edce ne\u017e 6 m\u011bs\u00edc\u016f p\u0159ed pod\u00e1n\u00edm [&hellip;]<\/p>\n","protected":false},"author":1,"featured_media":0,"parent":0,"menu_order":0,"comment_status":"closed","ping_status":"closed","template":"elementor_canvas","meta":{"footnotes":""},"class_list":["post-1893","page","type-page","status-publish","hentry"],"_links":{"self":[{"href":"https:\/\/extranet.kr-karlovarsky.cz\/opst\/wp-json\/wp\/v2\/pages\/1893","targetHints":{"allow":["GET"]}}],"collection":[{"href":"https:\/\/extranet.kr-karlovarsky.cz\/opst\/wp-json\/wp\/v2\/pages"}],"about":[{"href":"https:\/\/extranet.kr-karlovarsky.cz\/opst\/wp-json\/wp\/v2\/types\/page"}],"author":[{"embeddable":true,"href":"https:\/\/extranet.kr-karlovarsky.cz\/opst\/wp-json\/wp\/v2\/users\/1"}],"replies":[{"embeddable":true,"href":"https:\/\/extranet.kr-karlovarsky.cz\/opst\/wp-json\/wp\/v2\/comments?post=1893"}],"version-history":[{"count":13,"href":"https:\/\/extranet.kr-karlovarsky.cz\/opst\/wp-json\/wp\/v2\/pages\/1893\/revisions"}],"predecessor-version":[{"id":1943,"href":"https:\/\/extranet.kr-karlovarsky.cz\/opst\/wp-json\/wp\/v2\/pages\/1893\/revisions\/1943"}],"wp:attachment":[{"href":"https:\/\/extranet.kr-karlovarsky.cz\/opst\/wp-json\/wp\/v2\/media?parent=1893"}],"curies":[{"name":"wp","href":"https:\/\/api.w.org\/{rel}","templated":true}]}}