{"id":1901,"date":"2026-04-27T13:06:59","date_gmt":"2026-04-27T11:06:59","guid":{"rendered":"https:\/\/extranet.kr-karlovarsky.cz\/opst\/?page_id=1901"},"modified":"2026-04-29T15:40:15","modified_gmt":"2026-04-29T13:40:15","slug":"caste-dotazy-vouchery-pro-podnikatele-ii","status":"publish","type":"page","link":"https:\/\/extranet.kr-karlovarsky.cz\/opst\/caste-dotazy-vouchery-pro-podnikatele-ii\/","title":{"rendered":"\u010cast\u00e9 dotazy &#8211; Vouchery pro podnikatele II"},"content":{"rendered":"\t\t<div data-elementor-type=\"wp-post\" data-elementor-id=\"1901\" class=\"elementor elementor-1901\">\n\t\t\t\t\t\t<section class=\"elementor-section elementor-top-section elementor-element elementor-element-4d37d0f2 elementor-reverse-tablet elementor-reverse-mobile elementor-section-boxed elementor-section-height-default elementor-section-height-default\" data-id=\"4d37d0f2\" data-element_type=\"section\" data-e-type=\"section\" data-settings=\"{&quot;background_background&quot;:&quot;classic&quot;,&quot;shape_divider_top&quot;:&quot;triangle&quot;,&quot;shape_divider_bottom&quot;:&quot;triangle&quot;}\">\n\t\t\t\t\t<div class=\"elementor-shape elementor-shape-top\" aria-hidden=\"true\" data-negative=\"false\">\n\t\t\t<svg xmlns=\"http:\/\/www.w3.org\/2000\/svg\" viewBox=\"0 0 1000 100\" preserveAspectRatio=\"none\">\n\t<path class=\"elementor-shape-fill\" d=\"M500,98.9L0,6.1V0h1000v6.1L500,98.9z\"\/>\n<\/svg>\t\t<\/div>\n\t\t\t\t<div class=\"elementor-shape elementor-shape-bottom\" aria-hidden=\"true\" data-negative=\"false\">\n\t\t\t<svg xmlns=\"http:\/\/www.w3.org\/2000\/svg\" viewBox=\"0 0 1000 100\" preserveAspectRatio=\"none\">\n\t<path class=\"elementor-shape-fill\" d=\"M500,98.9L0,6.1V0h1000v6.1L500,98.9z\"\/>\n<\/svg>\t\t<\/div>\n\t\t\t\t\t<div class=\"elementor-container elementor-column-gap-default\">\n\t\t\t\t\t<div class=\"elementor-column elementor-col-50 elementor-top-column elementor-element elementor-element-5d8de508\" data-id=\"5d8de508\" data-element_type=\"column\" data-e-type=\"column\" data-settings=\"{&quot;background_background&quot;:&quot;classic&quot;}\">\n\t\t\t<div class=\"elementor-widget-wrap elementor-element-populated\">\n\t\t\t\t\t\t<section class=\"elementor-section elementor-inner-section elementor-element elementor-element-e716253 elementor-section-boxed elementor-section-height-default elementor-section-height-default\" data-id=\"e716253\" data-element_type=\"section\" data-e-type=\"section\" data-settings=\"{&quot;background_background&quot;:&quot;classic&quot;}\">\n\t\t\t\t\t\t<div class=\"elementor-container elementor-column-gap-default\">\n\t\t\t\t\t<div class=\"elementor-column elementor-col-100 elementor-inner-column elementor-element elementor-element-ce4e767\" data-id=\"ce4e767\" data-element_type=\"column\" data-e-type=\"column\">\n\t\t\t<div class=\"elementor-widget-wrap elementor-element-populated\">\n\t\t\t\t\t\t<div class=\"elementor-element elementor-element-714b58b elementor-widget__width-initial elementor-widget-divider--view-line elementor-widget elementor-widget-divider\" data-id=\"714b58b\" data-element_type=\"widget\" data-e-type=\"widget\" data-widget_type=\"divider.default\">\n\t\t\t\t<div class=\"elementor-widget-container\">\n\t\t\t\t\t\t\t<div class=\"elementor-divider\">\n\t\t\t<span class=\"elementor-divider-separator\">\n\t\t\t\t\t\t<\/span>\n\t\t<\/div>\n\t\t\t\t\t\t<\/div>\n\t\t\t\t<\/div>\n\t\t\t\t<div class=\"elementor-element elementor-element-8396907 elementor-widget__width-initial elementor-widget elementor-widget-heading\" data-id=\"8396907\" data-element_type=\"widget\" data-e-type=\"widget\" data-widget_type=\"heading.default\">\n\t\t\t\t<div class=\"elementor-widget-container\">\n\t\t\t\t\t<h2 class=\"elementor-heading-title elementor-size-default\">Karlovarsk\u00fd kraj<\/h2>\t\t\t\t<\/div>\n\t\t\t\t<\/div>\n\t\t\t\t<div class=\"elementor-element elementor-element-f6be3c0 elementor-widget elementor-widget-heading\" data-id=\"f6be3c0\" data-element_type=\"widget\" data-e-type=\"widget\" data-widget_type=\"heading.default\">\n\t\t\t\t<div class=\"elementor-widget-container\">\n\t\t\t\t\t<h2 class=\"elementor-heading-title elementor-size-default\">\u010cast\u00e9 dotazy - Vouchery pro podnikatele II<\/h2>\t\t\t\t<\/div>\n\t\t\t\t<\/div>\n\t\t\t\t<div class=\"elementor-element elementor-element-09e80a1 elementor-widget elementor-widget-text-editor\" data-id=\"09e80a1\" data-element_type=\"widget\" data-e-type=\"widget\" data-widget_type=\"text-editor.default\">\n\t\t\t\t<div class=\"elementor-widget-container\">\n\t\t\t\t\t\t\t\t\t<h2><strong>Kdo m\u016f\u017ee o dotaci po\u017e\u00e1dat?<\/strong><\/h2>\n<p>Podnikaj\u00edc\u00ed fyzick\u00e1 nebo pr\u00e1vnick\u00e1 osoba:<\/p>\n<p>&#8211; jej\u00ed\u017e podnikatelsk\u00e1 \u010dinnost vztahuj\u00edc\u00ed se k p\u0159edm\u011btu podnik\u00e1n\u00ed, byla zah\u00e1jena alespo\u0148 12 m\u011bs\u00edc\u016f p\u0159ed vyhl\u00e1\u0161en\u00edm krajsk\u00e9 v\u00fdzvy (datum je uvedeno v&nbsp;dota\u010dn\u00edm programu);<\/p>\n<p>&#8211; kter\u00e1 spl\u0148uje podm\u00ednky definice \u201emal\u00fdch a st\u0159edn\u00edch podnik\u016f\u201c;<\/p>\n<p>&#8211; kter\u00e1 m\u00e1 v\u00edce ne\u017e 6 m\u011bs\u00edc\u016f p\u0159ed pod\u00e1n\u00edm \u017e\u00e1dosti na \u00fazem\u00ed Karlovarsk\u00e9ho kraje s\u00eddlo, pobo\u010dku, provozovnu nebo m\u00edsto podnik\u00e1n\u00ed;<\/p>\n<p>&#8211; s&nbsp;n\u00ed\u017e nebyla uzav\u0159ena smlouva v&nbsp;r\u00e1mci dota\u010dn\u00edho programu Vouchery pro podnikatele Karlovarsk\u00e9ho kraje (prvn\u00ed kolo dota\u010dn\u00edho programu);<\/p>\n<p>&#8211; jej\u00ed\u017e podnikatelsk\u00e1 \u010dinnost spad\u00e1 do seznamu povolen\u00fdch ekonomick\u00fdch \u010dinnost\u00ed CZ-NACE (seznam je sou\u010d\u00e1st\u00ed p\u0159\u00edloh a je zve\u0159ejn\u011bn v&nbsp;sekci d\u016fle\u017eit\u00e9 odkazy);<\/p>\n<p>&#8211; bli\u017e\u0161\u00ed informace naleznete v&nbsp;dota\u010dn\u00edm programu.<\/p>\n<h2><strong>Kolik finan\u010dn\u00edch prost\u0159edk\u016f mohu z\u00edskat?<\/strong><\/h2>\n<p>Dotace tvo\u0159\u00ed 60 % ze zp\u016fsobil\u00fdch v\u00fddaj\u016f projektu, p\u0159\u00edpadn\u011b do v\u00fd\u0161e, kterou umo\u017e\u0148uj\u00ed pravidla pro podporu de minimis a 40 % si \u017eadatel hrad\u00ed povinn\u011b z vlastn\u00edch zdroj\u016f.<\/p>\n<ul>\n<li>Minim\u00e1ln\u00ed v\u00fd\u0161e podpory: 50 000 K\u010d<\/li>\n<li>Maxim\u00e1ln\u00ed v\u00fd\u0161e podpory: 500&nbsp;000 K\u010d<\/li>\n<\/ul>\n<h2><strong>Mohu si po\u0159\u00eddit majetek spaluj\u00edc\u00ed fosiln\u00ed paliva?<\/strong><\/h2>\n<p>Ne, z&nbsp;dotace nelze po\u0159\u00eddit hmotn\u00fd majetek (nap\u0159. za\u0159\u00edzen\u00ed, stroje), kter\u00fd spaluj\u00edce fosiln\u00ed paliva anebo slou\u017e\u00edc\u00ed k&nbsp;v\u00fdrob\u011b, zpracov\u00e1n\u00ed, p\u0159eprav\u011b, distribuci \u010di skladov\u00e1n\u00ed fosiln\u00edch paliv.<\/p>\n<h2><strong>Jak m\u00e1m postupovat p\u0159i n\u00e1kupu dod\u00e1vek a slu\u017eeb, mus\u00edm prov\u00e9st ve\u0159ejnou zak\u00e1zku?<\/strong><\/h2>\n<p>Ve\u0159ejn\u00e9 zak\u00e1zky je nutno realizovat dle z\u00e1kona \u010d. 134\/2016 Sb., o zad\u00e1v\u00e1n\u00ed ve\u0159ejn\u00fdch zak\u00e1zek, v&nbsp;platn\u00e9m zn\u011bn\u00ed a d\u00e1le dle <em>\u201eP\u0159\u00edlohy \u010d. 06a &#8211; Pravidel pro \u017eadatele a p\u0159\u00edjemce podpory v OP\u017dP pro obdob\u00ed 2021-2027 a Pravidel pro \u017eadatele a p\u0159\u00edjemce podpory v OPST pro obdob\u00ed 2021-2027<\/em>\u201c (d\u00e1le jen Pokyny OP).<\/p>\n<ol>\n<li>Do 750 000 bez DPH<\/li>\n<\/ol>\n<ul>\n<li>mo\u017eno zadat p\u0159\u00edm\u00fdm n\u00e1kupem na z\u00e1klad\u011b pr\u016fzkumu trhu,<\/li>\n<li>cena mus\u00ed odpov\u00eddat cen\u011b v m\u00edst\u011b a \u010dase obvykl\u00e9 (nevyb\u00edrat p\u0159edra\u017een\u00e9 zbo\u017e\u00ed, nejvy\u0161\u0161\u00ed cenu apod.),<\/li>\n<li>n\u00e1kup mus\u00ed odpov\u00eddat \u00fa\u010delnosti, hospod\u00e1rnosti a efektivnosti,<\/li>\n<li>pokud to nen\u00ed od\u016fvodn\u011bno specifiky zak\u00e1zky, v\u017edy vyb\u00edrat mezi v\u00edce dodavateli tak, aby nebyl poru\u0161en z\u00e1kaz diskriminace,<\/li>\n<li>up\u0159ednostnit v\u00fdb\u011br na z\u00e1klad\u011b charakteristik zbo\u017e\u00ed, p\u0159ed popt\u00e1n\u00edm konkr\u00e9tn\u00ed zna\u010dky;<\/li>\n<\/ul>\n<ol start=\"2\">\n<li>Do 750 000 K\u010d \u2013 3 000 000 K\u010d bez DPH (- 9 000 000 K\u010d \u2013 stavebn\u00ed pr\u00e1ce)<\/li>\n<\/ol>\n<ul>\n<li>nutno realizovat v\u00fdb\u011brov\u00e9 \u0159\u00edzen\u00ed dle str. 10 Pokyn\u016f OP<\/li>\n<li>mo\u017eno realizovat formou uzav\u0159en\u00e9 p\u00edsemn\u00e9 v\u00fdzvy nejm\u00e9n\u011b 3 dodavatel\u016fm<\/li>\n<li>nutno naplnit podm\u00ednky metodick\u00e9ho pokynu, zejm\u00e9na:<\/li>\n<li>m\u00edt zad\u00e1vac\u00ed podm\u00ednky (dle str. 11 Pokyn\u016f OP)<\/li>\n<li>stanovit lh\u016ftu pro pod\u00e1n\u00ed nab\u00eddek (str. 13 Pokyn\u016f OP)<\/li>\n<li>Prov\u00e9st otev\u00edr\u00e1n\u00ed a posouzen\u00ed nab\u00eddek (str. 14 Pokyn\u016f OP)<\/li>\n<li>Za \u00fa\u010delem transparentnosti a zaji\u0161t\u011bn\u00ed p\u0159ezkoum\u00e1n\u00ed, \u017ee nab\u00eddky nebyly otev\u0159eny p\u0159ed lh\u016ftou pro pod\u00e1n\u00ed nab\u00eddek, doporu\u010dujeme prov\u00e9st p\u0159\u00edjem nab\u00eddek po\u0161tou, specializovan\u00fdm n\u00e1strojem pro ve\u0159ejn\u00e9 zak\u00e1zky (NEN, E-zak), specializovanou firmou prov\u00e1d\u011bj\u00edc\u00ed sout\u011b\u017e ve\u0159ejn\u00fdch zak\u00e1zek,<\/li>\n<li>uzav\u0159\u00edt smlouvu dle str. 17 Pokyn\u016f OP<\/li>\n<\/ul>\n<ol start=\"3\">\n<li>nad 3 000 000 K\u010d bez DPH (9 000 000 K\u010d \u2013 stavebn\u00ed pr\u00e1ce)<\/li>\n<\/ol>\n<ul>\n<li>nutno realizovat v\u00fdb\u011brov\u00e9 \u0159\u00edzen\u00ed (dle str. 10 Pokyn\u016f OP)<\/li>\n<li>nutno realizovat otev\u0159en\u00e9 \u0159\u00edzen\u00ed (str. 10 Pokyn\u016f OP)<\/li>\n<li>doporu\u010dujeme proveden\u00ed v\u00fdb\u011brov\u00e9ho \u0159\u00edzen\u00ed konzultovat se specialisty v&nbsp;oboru<\/li>\n<li>nutno naplnit podm\u00ednky Pokyn\u016f OP, zejm\u00e9na:<\/li>\n<li>m\u00edt zad\u00e1vac\u00ed podm\u00ednky (str. 11 Pokyn\u016f OP)<\/li>\n<li>stanovit lh\u016ftu pro pod\u00e1n\u00ed nab\u00eddek (str. 13 Pokyn\u016f OP)<\/li>\n<li>prov\u00e9st otev\u00edr\u00e1n\u00ed a posouzen\u00ed nab\u00eddek (str. 14 Pokyn\u016f OP)<\/li>\n<li>p\u0159\u00edjem nab\u00eddek mus\u00ed b\u00fdt proveden tak, \u017ee v\u017edy mus\u00ed b\u00fdt ov\u011b\u0159iteln\u00e9, \u017ee nab\u00eddky nebyly otev\u0159eny p\u0159ed lh\u016ftou pro pod\u00e1n\u00ed nab\u00eddek<\/li>\n<li>uzav\u0159\u00edt smlouvu dle str. 17 Pokyn\u016f OP<\/li>\n<\/ul>\n<h2><strong>Mohu uhradit n\u00e1klady v hotovosti?<\/strong><\/h2>\n<p>Ve\u0161ker\u00e9 platby mus\u00ed b\u00fdt provedeny bezhotovostn\u011b.<\/p>\t\t\t\t\t\t\t\t<\/div>\n\t\t\t\t<\/div>\n\t\t\t\t\t<\/div>\n\t\t<\/div>\n\t\t\t\t\t<\/div>\n\t\t<\/section>\n\t\t\t\t\t<\/div>\n\t\t<\/div>\n\t\t\t\t<div class=\"elementor-column elementor-col-50 elementor-top-column elementor-element elementor-element-ff7bcf6 elementor-hidden-tablet elementor-hidden-mobile\" data-id=\"ff7bcf6\" data-element_type=\"column\" data-e-type=\"column\" data-settings=\"{&quot;background_background&quot;:&quot;classic&quot;}\">\n\t\t\t<div class=\"elementor-widget-wrap elementor-element-populated\">\n\t\t\t\t\t\t<section class=\"elementor-section elementor-inner-section elementor-element elementor-element-ffa5681 elementor-section-full_width elementor-section-height-default elementor-section-height-default\" data-id=\"ffa5681\" data-element_type=\"section\" data-e-type=\"section\">\n\t\t\t\t\t\t<div class=\"elementor-container elementor-column-gap-default\">\n\t\t\t\t\t<div class=\"elementor-column elementor-col-100 elementor-inner-column elementor-element elementor-element-052f300 elementor-invisible\" data-id=\"052f300\" data-element_type=\"column\" data-e-type=\"column\" data-settings=\"{&quot;background_background&quot;:&quot;classic&quot;,&quot;animation&quot;:&quot;zoomIn&quot;}\">\n\t\t\t<div class=\"elementor-widget-wrap elementor-element-populated\">\n\t\t\t\t\t\t<div class=\"elementor-element elementor-element-882f40e elementor-align-center elementor-mobile-align-justify elementor-widget-mobile__width-inherit elementor-widget elementor-widget-button\" data-id=\"882f40e\" data-element_type=\"widget\" data-e-type=\"widget\" data-widget_type=\"button.default\">\n\t\t\t\t<div class=\"elementor-widget-container\">\n\t\t\t\t\t\t\t\t\t<div class=\"elementor-button-wrapper\">\n\t\t\t\t\t<a class=\"elementor-button elementor-button-link elementor-size-sm elementor-animation-wobble-vertical\" href=\"\/opst\/zakladni-informace-vouchery-pro-podnikatele-ii\/\">\n\t\t\t\t\t\t<span class=\"elementor-button-content-wrapper\">\n\t\t\t\t\t\t<span class=\"elementor-button-icon\">\n\t\t\t\t\t\t\t<\/span>\n\t\t\t\t\t\t\t\t\t<span class=\"elementor-button-text\"><br>Z\u00c1KLADN\u00cd INFORMACE <BR><br><\/span>\n\t\t\t\t\t<\/span>\n\t\t\t\t\t<\/a>\n\t\t\t\t<\/div>\n\t\t\t\t\t\t\t\t<\/div>\n\t\t\t\t<\/div>\n\t\t\t\t<div class=\"elementor-element elementor-element-8d89b00 elementor-align-center elementor-mobile-align-justify elementor-widget-mobile__width-inherit elementor-widget elementor-widget-button\" data-id=\"8d89b00\" data-element_type=\"widget\" data-e-type=\"widget\" data-widget_type=\"button.default\">\n\t\t\t\t<div class=\"elementor-widget-container\">\n\t\t\t\t\t\t\t\t\t<div class=\"elementor-button-wrapper\">\n\t\t\t\t\t<a class=\"elementor-button elementor-button-link elementor-size-sm elementor-animation-wobble-vertical\" href=\"#\">\n\t\t\t\t\t\t<span class=\"elementor-button-content-wrapper\">\n\t\t\t\t\t\t<span class=\"elementor-button-icon\">\n\t\t\t\t\t\t\t<\/span>\n\t\t\t\t\t\t\t\t\t<span class=\"elementor-button-text\">DOTA\u010cN\u00cd PROGRAM <br>A P\u0158\u00cdLOHY<br><\/span>\n\t\t\t\t\t<\/span>\n\t\t\t\t\t<\/a>\n\t\t\t\t<\/div>\n\t\t\t\t\t\t\t\t<\/div>\n\t\t\t\t<\/div>\n\t\t\t\t<div class=\"elementor-element elementor-element-7a193fe elementor-align-center elementor-mobile-align-justify elementor-widget-mobile__width-inherit elementor-widget elementor-widget-button\" data-id=\"7a193fe\" data-element_type=\"widget\" data-e-type=\"widget\" data-widget_type=\"button.default\">\n\t\t\t\t<div class=\"elementor-widget-container\">\n\t\t\t\t\t\t\t\t\t<div class=\"elementor-button-wrapper\">\n\t\t\t\t\t<a class=\"elementor-button elementor-button-link elementor-size-sm elementor-animation-wobble-vertical\" href=\"#\">\n\t\t\t\t\t\t<span class=\"elementor-button-content-wrapper\">\n\t\t\t\t\t\t<span class=\"elementor-button-icon\">\n\t\t\t\t\t\t\t<\/span>\n\t\t\t\t\t\t\t\t\t<span class=\"elementor-button-text\">POD\u00c1N\u00cd \u017d\u00c1DOSTI<br><br><\/span>\n\t\t\t\t\t<\/span>\n\t\t\t\t\t<\/a>\n\t\t\t\t<\/div>\n\t\t\t\t\t\t\t\t<\/div>\n\t\t\t\t<\/div>\n\t\t\t\t<div class=\"elementor-element elementor-element-dc998e5 elementor-align-center elementor-mobile-align-justify elementor-widget-mobile__width-inherit elementor-widget elementor-widget-button\" data-id=\"dc998e5\" data-element_type=\"widget\" data-e-type=\"widget\" data-widget_type=\"button.default\">\n\t\t\t\t<div class=\"elementor-widget-container\">\n\t\t\t\t\t\t\t\t\t<div class=\"elementor-button-wrapper\">\n\t\t\t\t\t<a class=\"elementor-button elementor-button-link elementor-size-lg elementor-animation-wobble-vertical\" href=\"\/opst\/souvisejici-dokumenty-vouchery-pro-podnikatele-ii\/\">\n\t\t\t\t\t\t<span class=\"elementor-button-content-wrapper\">\n\t\t\t\t\t\t<span class=\"elementor-button-icon\">\n\t\t\t\t\t\t\t<\/span>\n\t\t\t\t\t\t\t\t\t<span class=\"elementor-button-text\">SOUVISEJ\u00cdC\u00cd DOKUMENTY<br><\/span>\n\t\t\t\t\t<\/span>\n\t\t\t\t\t<\/a>\n\t\t\t\t<\/div>\n\t\t\t\t\t\t\t\t<\/div>\n\t\t\t\t<\/div>\n\t\t\t\t<div class=\"elementor-element elementor-element-5e9ca3f elementor-align-center elementor-mobile-align-justify elementor-widget-mobile__width-inherit elementor-widget elementor-widget-button\" data-id=\"5e9ca3f\" data-element_type=\"widget\" data-e-type=\"widget\" data-widget_type=\"button.default\">\n\t\t\t\t<div class=\"elementor-widget-container\">\n\t\t\t\t\t\t\t\t\t<div class=\"elementor-button-wrapper\">\n\t\t\t\t\t<a class=\"elementor-button elementor-button-link elementor-size-lg elementor-animation-wobble-vertical\" href=\"#\">\n\t\t\t\t\t\t<span class=\"elementor-button-content-wrapper\">\n\t\t\t\t\t\t<span class=\"elementor-button-icon\">\n\t\t\t\t\t\t\t<\/span>\n\t\t\t\t\t\t\t\t\t<span class=\"elementor-button-text\">VY\u00da\u010cTOV\u00c1N\u00cd DOTACE<br><\/span>\n\t\t\t\t\t<\/span>\n\t\t\t\t\t<\/a>\n\t\t\t\t<\/div>\n\t\t\t\t\t\t\t\t<\/div>\n\t\t\t\t<\/div>\n\t\t\t\t\t<\/div>\n\t\t<\/div>\n\t\t\t\t\t<\/div>\n\t\t<\/section>\n\t\t\t\t\t<\/div>\n\t\t<\/div>\n\t\t\t\t\t<\/div>\n\t\t<\/section>\n\t\t\t\t<section class=\"elementor-section elementor-top-section elementor-element elementor-element-e359de8 elementor-section-boxed elementor-section-height-default elementor-section-height-default\" data-id=\"e359de8\" data-element_type=\"section\" data-e-type=\"section\" data-settings=\"{&quot;background_background&quot;:&quot;classic&quot;}\">\n\t\t\t\t\t\t<div class=\"elementor-container elementor-column-gap-default\">\n\t\t\t\t\t<div class=\"elementor-column elementor-col-100 elementor-top-column elementor-element elementor-element-19fec70\" data-id=\"19fec70\" data-element_type=\"column\" data-e-type=\"column\">\n\t\t\t<div class=\"elementor-widget-wrap elementor-element-populated\">\n\t\t\t\t\t\t<div class=\"elementor-element elementor-element-659cef3 elementor-widget elementor-widget-text-editor\" data-id=\"659cef3\" data-element_type=\"widget\" data-e-type=\"widget\" data-widget_type=\"text-editor.default\">\n\t\t\t\t<div class=\"elementor-widget-container\">\n\t\t\t\t\t\t\t\t\t<p>Copyright 2023\u00a0 \u00a9\u00a0 Karlovarsk\u00fd kraj.\u00a0 All Rights Reserved\u00a0 &amp;\u00a0 Design Karlovarsk\u00fd kraj<\/p>\t\t\t\t\t\t\t\t<\/div>\n\t\t\t\t<\/div>\n\t\t\t\t\t<\/div>\n\t\t<\/div>\n\t\t\t\t\t<\/div>\n\t\t<\/section>\n\t\t\t\t<\/div>\n\t\t","protected":false},"excerpt":{"rendered":"<p>Karlovarsk\u00fd kraj \u010cast\u00e9 dotazy &#8211; Vouchery pro podnikatele II Kdo m\u016f\u017ee o dotaci po\u017e\u00e1dat? Podnikaj\u00edc\u00ed fyzick\u00e1 nebo pr\u00e1vnick\u00e1 osoba: &#8211; jej\u00ed\u017e podnikatelsk\u00e1 \u010dinnost vztahuj\u00edc\u00ed se k p\u0159edm\u011btu podnik\u00e1n\u00ed, byla zah\u00e1jena alespo\u0148 12 m\u011bs\u00edc\u016f p\u0159ed vyhl\u00e1\u0161en\u00edm krajsk\u00e9 v\u00fdzvy (datum je uvedeno v&nbsp;dota\u010dn\u00edm programu); &#8211; kter\u00e1 spl\u0148uje podm\u00ednky definice \u201emal\u00fdch a st\u0159edn\u00edch podnik\u016f\u201c; &#8211; kter\u00e1 m\u00e1 v\u00edce [&hellip;]<\/p>\n","protected":false},"author":1,"featured_media":0,"parent":0,"menu_order":0,"comment_status":"closed","ping_status":"closed","template":"elementor_canvas","meta":{"footnotes":""},"class_list":["post-1901","page","type-page","status-publish","hentry"],"_links":{"self":[{"href":"https:\/\/extranet.kr-karlovarsky.cz\/opst\/wp-json\/wp\/v2\/pages\/1901","targetHints":{"allow":["GET"]}}],"collection":[{"href":"https:\/\/extranet.kr-karlovarsky.cz\/opst\/wp-json\/wp\/v2\/pages"}],"about":[{"href":"https:\/\/extranet.kr-karlovarsky.cz\/opst\/wp-json\/wp\/v2\/types\/page"}],"author":[{"embeddable":true,"href":"https:\/\/extranet.kr-karlovarsky.cz\/opst\/wp-json\/wp\/v2\/users\/1"}],"replies":[{"embeddable":true,"href":"https:\/\/extranet.kr-karlovarsky.cz\/opst\/wp-json\/wp\/v2\/comments?post=1901"}],"version-history":[{"count":13,"href":"https:\/\/extranet.kr-karlovarsky.cz\/opst\/wp-json\/wp\/v2\/pages\/1901\/revisions"}],"predecessor-version":[{"id":1997,"href":"https:\/\/extranet.kr-karlovarsky.cz\/opst\/wp-json\/wp\/v2\/pages\/1901\/revisions\/1997"}],"wp:attachment":[{"href":"https:\/\/extranet.kr-karlovarsky.cz\/opst\/wp-json\/wp\/v2\/media?parent=1901"}],"curies":[{"name":"wp","href":"https:\/\/api.w.org\/{rel}","templated":true}]}}