{"id":732,"date":"2024-04-17T10:52:10","date_gmt":"2024-04-17T08:52:10","guid":{"rendered":"https:\/\/extranet.kr-karlovarsky.cz\/opst\/?page_id=732"},"modified":"2024-04-26T08:48:18","modified_gmt":"2024-04-26T06:48:18","slug":"faq","status":"publish","type":"page","link":"https:\/\/extranet.kr-karlovarsky.cz\/opst\/faq\/","title":{"rendered":"\u010cast\u00e9 dotazy"},"content":{"rendered":"\t\t<div data-elementor-type=\"wp-post\" data-elementor-id=\"732\" class=\"elementor elementor-732\">\n\t\t\t\t\t\t<section class=\"elementor-section elementor-top-section elementor-element elementor-element-4d37d0f2 elementor-reverse-tablet elementor-reverse-mobile elementor-section-boxed elementor-section-height-default elementor-section-height-default\" data-id=\"4d37d0f2\" data-element_type=\"section\" data-e-type=\"section\" data-settings=\"{&quot;background_background&quot;:&quot;classic&quot;,&quot;shape_divider_top&quot;:&quot;triangle&quot;,&quot;shape_divider_bottom&quot;:&quot;triangle&quot;}\">\n\t\t\t\t\t<div class=\"elementor-shape elementor-shape-top\" aria-hidden=\"true\" data-negative=\"false\">\n\t\t\t<svg xmlns=\"http:\/\/www.w3.org\/2000\/svg\" viewBox=\"0 0 1000 100\" preserveAspectRatio=\"none\">\n\t<path class=\"elementor-shape-fill\" d=\"M500,98.9L0,6.1V0h1000v6.1L500,98.9z\"\/>\n<\/svg>\t\t<\/div>\n\t\t\t\t<div class=\"elementor-shape elementor-shape-bottom\" aria-hidden=\"true\" data-negative=\"false\">\n\t\t\t<svg xmlns=\"http:\/\/www.w3.org\/2000\/svg\" viewBox=\"0 0 1000 100\" preserveAspectRatio=\"none\">\n\t<path class=\"elementor-shape-fill\" d=\"M500,98.9L0,6.1V0h1000v6.1L500,98.9z\"\/>\n<\/svg>\t\t<\/div>\n\t\t\t\t\t<div class=\"elementor-container elementor-column-gap-default\">\n\t\t\t\t\t<div class=\"elementor-column elementor-col-50 elementor-top-column elementor-element elementor-element-5d8de508\" data-id=\"5d8de508\" data-element_type=\"column\" data-e-type=\"column\" data-settings=\"{&quot;background_background&quot;:&quot;classic&quot;}\">\n\t\t\t<div class=\"elementor-widget-wrap elementor-element-populated\">\n\t\t\t\t\t\t<section class=\"elementor-section elementor-inner-section elementor-element elementor-element-e716253 elementor-section-boxed elementor-section-height-default elementor-section-height-default\" data-id=\"e716253\" data-element_type=\"section\" data-e-type=\"section\" data-settings=\"{&quot;background_background&quot;:&quot;classic&quot;}\">\n\t\t\t\t\t\t<div class=\"elementor-container elementor-column-gap-default\">\n\t\t\t\t\t<div class=\"elementor-column elementor-col-100 elementor-inner-column elementor-element elementor-element-ce4e767\" data-id=\"ce4e767\" data-element_type=\"column\" data-e-type=\"column\">\n\t\t\t<div class=\"elementor-widget-wrap elementor-element-populated\">\n\t\t\t\t\t\t<div class=\"elementor-element elementor-element-714b58b elementor-widget__width-initial elementor-widget-divider--view-line elementor-widget elementor-widget-divider\" data-id=\"714b58b\" data-element_type=\"widget\" data-e-type=\"widget\" data-widget_type=\"divider.default\">\n\t\t\t\t<div class=\"elementor-widget-container\">\n\t\t\t\t\t\t\t<div class=\"elementor-divider\">\n\t\t\t<span class=\"elementor-divider-separator\">\n\t\t\t\t\t\t<\/span>\n\t\t<\/div>\n\t\t\t\t\t\t<\/div>\n\t\t\t\t<\/div>\n\t\t\t\t<div class=\"elementor-element elementor-element-8396907 elementor-widget__width-initial elementor-widget elementor-widget-heading\" data-id=\"8396907\" data-element_type=\"widget\" data-e-type=\"widget\" data-widget_type=\"heading.default\">\n\t\t\t\t<div class=\"elementor-widget-container\">\n\t\t\t\t\t<h2 class=\"elementor-heading-title elementor-size-default\">Karlovarsk\u00fd kraj<\/h2>\t\t\t\t<\/div>\n\t\t\t\t<\/div>\n\t\t\t\t<div class=\"elementor-element elementor-element-f6be3c0 elementor-widget elementor-widget-heading\" data-id=\"f6be3c0\" data-element_type=\"widget\" data-e-type=\"widget\" data-widget_type=\"heading.default\">\n\t\t\t\t<div class=\"elementor-widget-container\">\n\t\t\t\t\t<h2 class=\"elementor-heading-title elementor-size-default\">\u010cast\u00e9 dotazy<\/h2>\t\t\t\t<\/div>\n\t\t\t\t<\/div>\n\t\t\t\t<div class=\"elementor-element elementor-element-09e80a1 elementor-widget elementor-widget-text-editor\" data-id=\"09e80a1\" data-element_type=\"widget\" data-e-type=\"widget\" data-widget_type=\"text-editor.default\">\n\t\t\t\t<div class=\"elementor-widget-container\">\n\t\t\t\t\t\t\t\t\t<p><strong>Kdo m\u016f\u017ee o dotaci po\u017e\u00e1dat?<\/strong><\/p><p style=\"padding-left: 40px;\">\u2013 u voucheru pro rozvoj podnik\u00e1n\u00ed umo\u017e\u0148uj\u00edc\u00ed zah\u00e1jen\u00ed podnik\u00e1n\u00ed (kapitola 2 p\u00edsm. A bod 1 dota\u010dn\u00edho programu) \u2013 fyzick\u00e1 osoba nepodnikaj\u00edc\u00ed, kter\u00e1 m\u00e1 trval\u00fd pobyt na \u00fazem\u00ed Karlovarsk\u00e9ho kraje;<\/p><p style=\"padding-left: 40px;\">\u2013 u ostatn\u00edch typ\u016f voucher\u016f (kapitola 2 p\u00edsm. A body 2-4, p\u00edsm. B a C dota\u010dn\u00edho programu) \u2013 podnikaj\u00edc\u00ed fyzick\u00e1 osoba nebo pr\u00e1vnick\u00e1 osoba, kter\u00e1 spl\u0148uje podm\u00ednky definice \u201emal\u00fdch a st\u0159edn\u00edch podnik\u016f\u201c (d\u00e1le tak\u00e9 \u201eMSP\u201c) a sou\u010dasn\u011b m\u00e1 na \u00fazem\u00ed Karlovarsk\u00e9ho kraje v p\u0159\u00edpad\u011b pr\u00e1vnick\u00e9 osoby s\u00eddlo, pobo\u010dku nebo provozovnu, nebo v p\u0159\u00edpad\u011b podnikaj\u00edc\u00ed fyzick\u00e9 osoby m\u00edsto podnik\u00e1n\u00ed. Nem\u00e1-li kone\u010dn\u00fd \u017eadatel povinnost zve\u0159ej\u0148ovat sv\u00e9 provozovny v \u017eivnostensk\u00e9m rejst\u0159\u00edku (nap\u0159. zdravotnick\u00e1 za\u0159\u00edzen\u00ed), dolo\u017e\u00ed s\u00e1m tuto skute\u010dnost v r\u00e1mci p\u0159\u00edloh \u017e\u00e1dosti;<\/p><p>\u00a0<\/p><p><strong>Kolik finan\u010dn\u00edch prost\u0159edk\u016f mohu z\u00edskat?<\/strong><\/p><ul><li style=\"list-style-type: none;\"><ul><li>50 000 K\u010d pro FO nepodnikaj\u00edc\u00ed;<\/li><li>500 000 K\u010d pro voucher na rozvoj podnik\u00e1n\u00ed a digit\u00e1ln\u00ed voucher;<\/li><li>1 000 000 K\u010d pro inova\u010dn\u00ed voucher;<\/li><\/ul><\/li><\/ul><p style=\"padding-left: 40px;\">Dotace tvo\u0159\u00ed 80 % zp\u016fsobil\u00fdch v\u00fddaj\u016f, 20 % si \u017eadatel hrad\u00ed povinn\u011b z\u00a0vlastn\u00edch zdroj\u016f.<\/p><p>\u00a0<\/p><p><strong>Jak mohu podat \u017e\u00e1dost, kde najdu formul\u00e1\u0159? <\/strong><\/p><p style=\"padding-left: 40px;\">\u017d\u00e1dost se pod\u00e1v\u00e1 elektronicky.<\/p><p style=\"padding-left: 40px;\">Na tomto odkazu\u00a0 <a href=\"https:\/\/dotace.kr-karlovarsky.cz\/gordic\/ginis\/app\/RAP05\/\">VSTUP DO ELEKTRONICK\u00c9HO SYST\u00c9MU<\/a>\u00a0 je mo\u017en\u00e9 prov\u00e9st registraci a n\u00e1sledn\u011b \u017e\u00e1dost vyplnit a podat.<\/p><p style=\"padding-left: 40px;\">\u00a0<\/p><p><strong>Jak m\u00e1m postupovat p\u0159i n\u00e1kupu dod\u00e1vek a slu\u017eeb, mus\u00edm prov\u00e9st ve\u0159ejnou zak\u00e1zku?<\/strong><\/p><p style=\"padding-left: 40px;\">Ve\u0159ejn\u00e9 zak\u00e1zky je nutno realizovat dle<em> \u201emetodick\u00e9ho pokynu pro oblast zad\u00e1v\u00e1n\u00ed zak\u00e1zek pro programov\u00e9 obdob\u00ed 2021-2027\u201c <\/em>(d\u00e1le jen \u201e<em>metodick\u00fd pokyn<\/em>\u201c) a z\u00e1kona \u010d. 134\/2016 Sb., o zad\u00e1v\u00e1n\u00ed ve\u0159ejn\u00fdch zak\u00e1zek, v\u00a0platn\u00e9m zn\u011bn\u00ed.<\/p><p style=\"padding-left: 40px;\">Ur\u010den\u00ed re\u017eimu zak\u00e1zky bl\u00ed\u017ee viz str. 10 metodick\u00e9ho pokynu.<\/p><p style=\"padding-left: 40px;\">Pro ur\u010den\u00ed hodnoty zak\u00e1zky je nutno se\u010d\u00edst v\u0161echna obdobn\u00e1 pln\u011bn\u00ed, kter\u00e1 bude p\u0159\u00edjemce realizovat (nap\u0159. n\u00e1kup pily + \u0161t\u00edpa\u010dky | n\u00e1kup PC + tisk\u00e1rny apod.) &#8211; bl\u00ed\u017ee viz str. 11 metodick\u00e9ho pokynu.<\/p><p style=\"padding-left: 40px;\">V\u00a0p\u0159\u00edpadech zad\u00e1n\u00ed ve\u0159ejn\u00e9 zak\u00e1zky dle bod\u016f 2 a 3 doporu\u010dujeme zaslat dokumentaci p\u0159edem k\u00a0metodick\u00e9mu shl\u00e9dnut\u00ed poskytovateli. Poskytovatel nen\u00ed odpov\u011bdn\u00fd za spr\u00e1vnost v\u00fdb\u011brov\u00e9ho \u0159\u00edzen\u00ed.<strong>\u00a0<\/strong><\/p><ol><li style=\"list-style-type: none;\"><ol><li><strong>Do 500 000 K\u010d bez DPH<\/strong><strong>\u00a0<\/strong><\/li><\/ol><\/li><\/ol><ul><li style=\"list-style-type: none;\"><ul><li>mo\u017eno zadat p\u0159\u00edm\u00fdm n\u00e1kupem na z\u00e1klad\u011b pr\u016fzkumu trhu,<\/li><li>cena mus\u00ed odpov\u00eddat cen\u011b v\u00a0m\u00edst\u011b a \u010dase obvykl\u00e9 (nevyb\u00edrat p\u0159edra\u017een\u00e9 zbo\u017e\u00ed, nevy\u0161\u0161\u00ed cenu apod.),<\/li><li>n\u00e1kup mus\u00ed odpov\u00eddat \u00fa\u010delnosti, hospod\u00e1rnosti a efektivnosti,<\/li><li>pokud to nen\u00ed od\u016fvodn\u011bno specifiky zak\u00e1zky, v\u017edy vyb\u00edrat mezi v\u00edce dodavateli tak, aby nebyl poru\u0161en z\u00e1kaz diskriminace,<\/li><li>up\u0159ednostnit v\u00fdb\u011br na z\u00e1klad\u011b charakteristik zbo\u017e\u00ed, p\u0159ed popt\u00e1n\u00edm konkr\u00e9tn\u00ed zna\u010dky;<\/li><\/ul><\/li><\/ul><p style=\"padding-left: 40px;\"><strong>\u00a0<\/strong><\/p><ol><li style=\"list-style-type: none;\"><ol start=\"2\"><li><strong>Do 500 000 K\u010d \u2013 2 000 000 K\u010d bez DPH (- 6 000 000 K\u010d &#8211; stavebn\u00ed pr\u00e1ce)<\/strong><strong>\u00a0<\/strong><\/li><\/ol><\/li><\/ol><ul><li style=\"list-style-type: none;\"><ul><li>nutno realizovat v\u00fdb\u011brov\u00e9 \u0159\u00edzen\u00ed dle str. 13 metodick\u00e9ho pokynu<\/li><li>mo\u017eno realizovat formou uzav\u0159en\u00e9 p\u00edsemn\u00e9 v\u00fdzvy nejm\u00e9n\u011b 3 dodavatel\u016fm<\/li><li>nutno naplnit podm\u00ednky metodick\u00e9ho pokynu, zejm\u00e9na:<ul><li>m\u00edt zad\u00e1vac\u00ed podm\u00ednky (str. 14 metodick\u00e9ho pokynu)<\/li><li>stanovit lh\u016ftu pro pod\u00e1n\u00ed nab\u00eddek (str. 16 metodick\u00e9ho pokynu)<\/li><li>Prov\u00e9st otev\u00edr\u00e1n\u00ed a posouzen\u00ed nab\u00eddek (str. 17 metodick\u00e9ho pokynu)<\/li><li>Za \u00fa\u010delem transparentnosti a zaji\u0161t\u011bn\u00ed p\u0159ezkoum\u00e1n\u00ed, \u017ee nab\u00eddky nebyly otev\u0159eny p\u0159ed lh\u016ftou pro pod\u00e1n\u00ed nab\u00eddek, doporu\u010dujeme prov\u00e9st p\u0159\u00edjem nab\u00eddek po\u0161tou, specializovan\u00fdm n\u00e1strojem pro ve\u0159ejn\u00e9 zak\u00e1zky (NEN, E-zak), specializovanou firmou prov\u00e1d\u011bj\u00edc\u00ed sout\u011b\u017e ve\u0159ejn\u00fdch zak\u00e1zek;<\/li><li>uzav\u0159\u00edt smlouvu dle metodick\u00e9ho pokynu str. 20<\/li><\/ul><\/li><\/ul><\/li><\/ul><p style=\"padding-left: 40px;\"><strong>\u00a0<\/strong><\/p><ol><li style=\"list-style-type: none;\"><ol start=\"3\"><li><strong>nad 2 000 000 K\u010d bez DPH (- 6 000 000 K\u010d &#8211; stavebn\u00ed pr\u00e1ce)<\/strong><strong>\u00a0<\/strong><\/li><\/ol><\/li><\/ol><ul><li style=\"list-style-type: none;\"><ul><li>nutno realizovat v\u00fdb\u011brov\u00e9 \u0159\u00edzen\u00ed dle str. 13 metodick\u00e9ho pokynu<\/li><li>nutno realizovat otev\u0159en\u00e9 \u0159\u00edzen\u00ed dle str. 13 metodick\u00e9ho pokynu<\/li><li>doporu\u010dujeme proveden\u00ed v\u00fdb\u011brov\u00e9ho \u0159\u00edzen\u00ed konzultovat se specialisty v\u00a0oboru<\/li><li>nutno naplnit podm\u00ednky metodick\u00e9ho pokynu, zejm\u00e9na:<ul><li>m\u00edt zad\u00e1vac\u00ed podm\u00ednky (str. 14 metodick\u00e9ho pokynu)<\/li><li>stanovit lh\u016ftu pro pod\u00e1n\u00ed nab\u00eddek (str. 16 metodick\u00e9ho pokynu)<\/li><li>prov\u00e9st otev\u00edr\u00e1n\u00ed a posouzen\u00ed nab\u00eddek (str. 17 metodick\u00e9ho pokynu)<\/li><li>p\u0159\u00edjem nab\u00eddek mus\u00ed b\u00fdt proveden jedn\u00edm ze zp\u016fsob\u016f uveden\u00fdch na str. 13 metodick\u00e9ho pokynu \u2013 v\u017edy mus\u00ed b\u00fdt ov\u011b\u0159iteln\u00e9, \u017ee nab\u00eddky nebyly otev\u0159eny p\u0159ed lh\u016ftou pro pod\u00e1n\u00ed nab\u00eddek<\/li><li>uzav\u0159\u00edt smlouvu dle metodick\u00e9ho pokynu str. 20<br \/><br \/><\/li><\/ul><\/li><\/ul><\/li><\/ul><p><strong>Mohu uhradit n\u00e1klady v\u00a0hotovosti?<\/strong><\/p><p style=\"padding-left: 40px;\">Ve\u0161ker\u00e9 platby mus\u00ed b\u00fdt provedeny bezhotovostn\u011b.<\/p>\t\t\t\t\t\t\t\t<\/div>\n\t\t\t\t<\/div>\n\t\t\t\t\t<\/div>\n\t\t<\/div>\n\t\t\t\t\t<\/div>\n\t\t<\/section>\n\t\t\t\t\t<\/div>\n\t\t<\/div>\n\t\t\t\t<div class=\"elementor-column elementor-col-50 elementor-top-column elementor-element elementor-element-ff7bcf6 elementor-hidden-tablet elementor-hidden-mobile\" data-id=\"ff7bcf6\" data-element_type=\"column\" data-e-type=\"column\" data-settings=\"{&quot;background_background&quot;:&quot;classic&quot;}\">\n\t\t\t<div class=\"elementor-widget-wrap elementor-element-populated\">\n\t\t\t\t\t\t<section class=\"elementor-section elementor-inner-section elementor-element elementor-element-ffa5681 elementor-section-full_width elementor-section-height-default elementor-section-height-default\" data-id=\"ffa5681\" data-element_type=\"section\" data-e-type=\"section\">\n\t\t\t\t\t\t<div class=\"elementor-container elementor-column-gap-default\">\n\t\t\t\t\t<div class=\"elementor-column elementor-col-100 elementor-inner-column elementor-element elementor-element-052f300 elementor-invisible\" data-id=\"052f300\" data-element_type=\"column\" data-e-type=\"column\" data-settings=\"{&quot;background_background&quot;:&quot;classic&quot;,&quot;animation&quot;:&quot;zoomIn&quot;}\">\n\t\t\t<div class=\"elementor-widget-wrap elementor-element-populated\">\n\t\t\t\t\t\t<div class=\"elementor-element elementor-element-882f40e elementor-align-center elementor-mobile-align-justify elementor-widget-mobile__width-inherit elementor-widget elementor-widget-button\" data-id=\"882f40e\" data-element_type=\"widget\" data-e-type=\"widget\" data-widget_type=\"button.default\">\n\t\t\t\t<div class=\"elementor-widget-container\">\n\t\t\t\t\t\t\t\t\t<div class=\"elementor-button-wrapper\">\n\t\t\t\t\t<a class=\"elementor-button elementor-button-link elementor-size-sm elementor-animation-wobble-vertical\" href=\"\/opst\/zakladni-informace\/\">\n\t\t\t\t\t\t<span class=\"elementor-button-content-wrapper\">\n\t\t\t\t\t\t<span class=\"elementor-button-icon\">\n\t\t\t\t\t\t\t<\/span>\n\t\t\t\t\t\t\t\t\t<span class=\"elementor-button-text\"><br>Z\u00c1KLADN\u00cd INFORMACE <BR><br><\/span>\n\t\t\t\t\t<\/span>\n\t\t\t\t\t<\/a>\n\t\t\t\t<\/div>\n\t\t\t\t\t\t\t\t<\/div>\n\t\t\t\t<\/div>\n\t\t\t\t<div class=\"elementor-element elementor-element-8d89b00 elementor-align-center elementor-mobile-align-justify elementor-widget-mobile__width-inherit elementor-widget elementor-widget-button\" data-id=\"8d89b00\" data-element_type=\"widget\" data-e-type=\"widget\" data-widget_type=\"button.default\">\n\t\t\t\t<div class=\"elementor-widget-container\">\n\t\t\t\t\t\t\t\t\t<div class=\"elementor-button-wrapper\">\n\t\t\t\t\t<a class=\"elementor-button elementor-button-link elementor-size-sm elementor-animation-wobble-vertical\" href=\"\/opst\/dotacni-program-a-prilohy-ke-stazeni\/\">\n\t\t\t\t\t\t<span class=\"elementor-button-content-wrapper\">\n\t\t\t\t\t\t<span class=\"elementor-button-icon\">\n\t\t\t\t\t\t\t<\/span>\n\t\t\t\t\t\t\t\t\t<span class=\"elementor-button-text\">DOTA\u010cN\u00cd PROGRAM <br>A P\u0158\u00cdLOHY<br><\/span>\n\t\t\t\t\t<\/span>\n\t\t\t\t\t<\/a>\n\t\t\t\t<\/div>\n\t\t\t\t\t\t\t\t<\/div>\n\t\t\t\t<\/div>\n\t\t\t\t<div class=\"elementor-element elementor-element-7a193fe elementor-align-center elementor-mobile-align-justify elementor-widget-mobile__width-inherit elementor-widget elementor-widget-button\" data-id=\"7a193fe\" data-element_type=\"widget\" data-e-type=\"widget\" data-widget_type=\"button.default\">\n\t\t\t\t<div class=\"elementor-widget-container\">\n\t\t\t\t\t\t\t\t\t<div class=\"elementor-button-wrapper\">\n\t\t\t\t\t<a class=\"elementor-button elementor-button-link elementor-size-sm elementor-animation-wobble-vertical\" href=\"\/opst\/podani-zadosti\/\">\n\t\t\t\t\t\t<span class=\"elementor-button-content-wrapper\">\n\t\t\t\t\t\t<span class=\"elementor-button-icon\">\n\t\t\t\t\t\t\t<\/span>\n\t\t\t\t\t\t\t\t\t<span class=\"elementor-button-text\">POD\u00c1N\u00cd \u017d\u00c1DOSTI<br><br><\/span>\n\t\t\t\t\t<\/span>\n\t\t\t\t\t<\/a>\n\t\t\t\t<\/div>\n\t\t\t\t\t\t\t\t<\/div>\n\t\t\t\t<\/div>\n\t\t\t\t<div class=\"elementor-element elementor-element-dc998e5 elementor-align-center elementor-mobile-align-justify elementor-widget-mobile__width-inherit elementor-widget elementor-widget-button\" data-id=\"dc998e5\" data-element_type=\"widget\" data-e-type=\"widget\" data-widget_type=\"button.default\">\n\t\t\t\t<div class=\"elementor-widget-container\">\n\t\t\t\t\t\t\t\t\t<div class=\"elementor-button-wrapper\">\n\t\t\t\t\t<a class=\"elementor-button elementor-button-link elementor-size-lg elementor-animation-wobble-vertical\" href=\"\/opst\/souvisejici-dokumenty\/\">\n\t\t\t\t\t\t<span class=\"elementor-button-content-wrapper\">\n\t\t\t\t\t\t<span class=\"elementor-button-icon\">\n\t\t\t\t\t\t\t<\/span>\n\t\t\t\t\t\t\t\t\t<span class=\"elementor-button-text\">SOUVISEJ\u00cdC\u00cd DOKUMENTY<br><\/span>\n\t\t\t\t\t<\/span>\n\t\t\t\t\t<\/a>\n\t\t\t\t<\/div>\n\t\t\t\t\t\t\t\t<\/div>\n\t\t\t\t<\/div>\n\t\t\t\t<div class=\"elementor-element elementor-element-5e9ca3f elementor-align-center elementor-mobile-align-justify elementor-widget-mobile__width-inherit elementor-widget elementor-widget-button\" data-id=\"5e9ca3f\" data-element_type=\"widget\" data-e-type=\"widget\" data-widget_type=\"button.default\">\n\t\t\t\t<div class=\"elementor-widget-container\">\n\t\t\t\t\t\t\t\t\t<div class=\"elementor-button-wrapper\">\n\t\t\t\t\t<a class=\"elementor-button elementor-button-link elementor-size-lg elementor-animation-wobble-vertical\" href=\"\/opst\/vyuctovani-dotace\/\">\n\t\t\t\t\t\t<span class=\"elementor-button-content-wrapper\">\n\t\t\t\t\t\t<span class=\"elementor-button-icon\">\n\t\t\t\t\t\t\t<\/span>\n\t\t\t\t\t\t\t\t\t<span class=\"elementor-button-text\">VY\u00da\u010cTOV\u00c1N\u00cd DOTACE<br><\/span>\n\t\t\t\t\t<\/span>\n\t\t\t\t\t<\/a>\n\t\t\t\t<\/div>\n\t\t\t\t\t\t\t\t<\/div>\n\t\t\t\t<\/div>\n\t\t\t\t\t<\/div>\n\t\t<\/div>\n\t\t\t\t\t<\/div>\n\t\t<\/section>\n\t\t\t\t\t<\/div>\n\t\t<\/div>\n\t\t\t\t\t<\/div>\n\t\t<\/section>\n\t\t\t\t<section class=\"elementor-section elementor-top-section elementor-element elementor-element-e359de8 elementor-section-boxed elementor-section-height-default elementor-section-height-default\" data-id=\"e359de8\" data-element_type=\"section\" data-e-type=\"section\" data-settings=\"{&quot;background_background&quot;:&quot;classic&quot;}\">\n\t\t\t\t\t\t<div class=\"elementor-container elementor-column-gap-default\">\n\t\t\t\t\t<div class=\"elementor-column elementor-col-100 elementor-top-column elementor-element elementor-element-19fec70\" data-id=\"19fec70\" data-element_type=\"column\" data-e-type=\"column\">\n\t\t\t<div class=\"elementor-widget-wrap elementor-element-populated\">\n\t\t\t\t\t\t<div class=\"elementor-element elementor-element-659cef3 elementor-widget elementor-widget-text-editor\" data-id=\"659cef3\" data-element_type=\"widget\" data-e-type=\"widget\" data-widget_type=\"text-editor.default\">\n\t\t\t\t<div class=\"elementor-widget-container\">\n\t\t\t\t\t\t\t\t\t<p>Copyright 2023\u00a0 \u00a9\u00a0 Karlovarsk\u00fd kraj.\u00a0 All Rights Reserved\u00a0 &amp;\u00a0 Design Karlovarsk\u00fd kraj<\/p>\t\t\t\t\t\t\t\t<\/div>\n\t\t\t\t<\/div>\n\t\t\t\t\t<\/div>\n\t\t<\/div>\n\t\t\t\t\t<\/div>\n\t\t<\/section>\n\t\t\t\t<\/div>\n\t\t","protected":false},"excerpt":{"rendered":"<p>Karlovarsk\u00fd kraj \u010cast\u00e9 dotazy Kdo m\u016f\u017ee o dotaci po\u017e\u00e1dat? \u2013 u voucheru pro rozvoj podnik\u00e1n\u00ed umo\u017e\u0148uj\u00edc\u00ed zah\u00e1jen\u00ed podnik\u00e1n\u00ed (kapitola 2 p\u00edsm. A bod 1 dota\u010dn\u00edho programu) \u2013 fyzick\u00e1 osoba nepodnikaj\u00edc\u00ed, kter\u00e1 m\u00e1 trval\u00fd pobyt na \u00fazem\u00ed Karlovarsk\u00e9ho kraje; \u2013 u ostatn\u00edch typ\u016f voucher\u016f (kapitola 2 p\u00edsm. A body 2-4, p\u00edsm. B a C dota\u010dn\u00edho programu) [&hellip;]<\/p>\n","protected":false},"author":1,"featured_media":0,"parent":0,"menu_order":0,"comment_status":"closed","ping_status":"closed","template":"elementor_canvas","meta":{"footnotes":""},"class_list":["post-732","page","type-page","status-publish","hentry"],"_links":{"self":[{"href":"https:\/\/extranet.kr-karlovarsky.cz\/opst\/wp-json\/wp\/v2\/pages\/732","targetHints":{"allow":["GET"]}}],"collection":[{"href":"https:\/\/extranet.kr-karlovarsky.cz\/opst\/wp-json\/wp\/v2\/pages"}],"about":[{"href":"https:\/\/extranet.kr-karlovarsky.cz\/opst\/wp-json\/wp\/v2\/types\/page"}],"author":[{"embeddable":true,"href":"https:\/\/extranet.kr-karlovarsky.cz\/opst\/wp-json\/wp\/v2\/users\/1"}],"replies":[{"embeddable":true,"href":"https:\/\/extranet.kr-karlovarsky.cz\/opst\/wp-json\/wp\/v2\/comments?post=732"}],"version-history":[{"count":13,"href":"https:\/\/extranet.kr-karlovarsky.cz\/opst\/wp-json\/wp\/v2\/pages\/732\/revisions"}],"predecessor-version":[{"id":809,"href":"https:\/\/extranet.kr-karlovarsky.cz\/opst\/wp-json\/wp\/v2\/pages\/732\/revisions\/809"}],"wp:attachment":[{"href":"https:\/\/extranet.kr-karlovarsky.cz\/opst\/wp-json\/wp\/v2\/media?parent=732"}],"curies":[{"name":"wp","href":"https:\/\/api.w.org\/{rel}","templated":true}]}}