{"id":888,"date":"2024-05-20T10:32:41","date_gmt":"2024-05-20T08:32:41","guid":{"rendered":"https:\/\/extranet.kr-karlovarsky.cz\/opst\/?page_id=888"},"modified":"2024-09-20T09:32:53","modified_gmt":"2024-09-20T07:32:53","slug":"zakladni-informace-priprava-projektu-verejny-sektor","status":"publish","type":"page","link":"https:\/\/extranet.kr-karlovarsky.cz\/opst\/zakladni-informace-priprava-projektu-verejny-sektor\/","title":{"rendered":"Z\u00e1kladn\u00ed informace &#8211; P\u0159\u00edprava projekt\u016f pro ve\u0159ejn\u00fd sektor v Karlovarsk\u00e9m kraji"},"content":{"rendered":"\t\t<div data-elementor-type=\"wp-post\" data-elementor-id=\"888\" class=\"elementor elementor-888\">\n\t\t\t\t\t\t<section class=\"elementor-section elementor-top-section elementor-element elementor-element-4d37d0f2 elementor-reverse-tablet elementor-reverse-mobile elementor-section-boxed elementor-section-height-default elementor-section-height-default\" data-id=\"4d37d0f2\" data-element_type=\"section\" data-e-type=\"section\" data-settings=\"{&quot;background_background&quot;:&quot;classic&quot;,&quot;shape_divider_top&quot;:&quot;triangle&quot;,&quot;shape_divider_bottom&quot;:&quot;triangle&quot;}\">\n\t\t\t\t\t<div class=\"elementor-shape elementor-shape-top\" aria-hidden=\"true\" data-negative=\"false\">\n\t\t\t<svg xmlns=\"http:\/\/www.w3.org\/2000\/svg\" viewBox=\"0 0 1000 100\" preserveAspectRatio=\"none\">\n\t<path class=\"elementor-shape-fill\" d=\"M500,98.9L0,6.1V0h1000v6.1L500,98.9z\"\/>\n<\/svg>\t\t<\/div>\n\t\t\t\t<div class=\"elementor-shape elementor-shape-bottom\" aria-hidden=\"true\" data-negative=\"false\">\n\t\t\t<svg xmlns=\"http:\/\/www.w3.org\/2000\/svg\" viewBox=\"0 0 1000 100\" preserveAspectRatio=\"none\">\n\t<path class=\"elementor-shape-fill\" d=\"M500,98.9L0,6.1V0h1000v6.1L500,98.9z\"\/>\n<\/svg>\t\t<\/div>\n\t\t\t\t\t<div class=\"elementor-container elementor-column-gap-default\">\n\t\t\t\t\t<div class=\"elementor-column elementor-col-50 elementor-top-column elementor-element elementor-element-5d8de508\" data-id=\"5d8de508\" data-element_type=\"column\" data-e-type=\"column\" data-settings=\"{&quot;background_background&quot;:&quot;classic&quot;}\">\n\t\t\t<div class=\"elementor-widget-wrap elementor-element-populated\">\n\t\t\t\t\t\t<section class=\"elementor-section elementor-inner-section elementor-element elementor-element-e716253 elementor-section-boxed elementor-section-height-default elementor-section-height-default\" data-id=\"e716253\" data-element_type=\"section\" data-e-type=\"section\" data-settings=\"{&quot;background_background&quot;:&quot;classic&quot;}\">\n\t\t\t\t\t\t<div class=\"elementor-container elementor-column-gap-default\">\n\t\t\t\t\t<div class=\"elementor-column elementor-col-100 elementor-inner-column elementor-element elementor-element-ce4e767\" data-id=\"ce4e767\" data-element_type=\"column\" data-e-type=\"column\">\n\t\t\t<div class=\"elementor-widget-wrap elementor-element-populated\">\n\t\t\t\t\t\t<div class=\"elementor-element elementor-element-714b58b elementor-widget__width-initial elementor-widget-divider--view-line elementor-widget elementor-widget-divider\" data-id=\"714b58b\" data-element_type=\"widget\" data-e-type=\"widget\" data-widget_type=\"divider.default\">\n\t\t\t\t<div class=\"elementor-widget-container\">\n\t\t\t\t\t\t\t<div class=\"elementor-divider\">\n\t\t\t<span class=\"elementor-divider-separator\">\n\t\t\t\t\t\t<\/span>\n\t\t<\/div>\n\t\t\t\t\t\t<\/div>\n\t\t\t\t<\/div>\n\t\t\t\t<div class=\"elementor-element elementor-element-8396907 elementor-widget__width-initial elementor-widget elementor-widget-heading\" data-id=\"8396907\" data-element_type=\"widget\" data-e-type=\"widget\" data-widget_type=\"heading.default\">\n\t\t\t\t<div class=\"elementor-widget-container\">\n\t\t\t\t\t<h2 class=\"elementor-heading-title elementor-size-default\">Karlovarsk\u00fd kraj<\/h2>\t\t\t\t<\/div>\n\t\t\t\t<\/div>\n\t\t\t\t<div class=\"elementor-element elementor-element-f6be3c0 elementor-widget elementor-widget-heading\" data-id=\"f6be3c0\" data-element_type=\"widget\" data-e-type=\"widget\" data-widget_type=\"heading.default\">\n\t\t\t\t<div class=\"elementor-widget-container\">\n\t\t\t\t\t<h2 class=\"elementor-heading-title elementor-size-default\">Z\u00e1kladn\u00ed informace - P\u0159\u00edprava projekt\u016f pro ve\u0159ejn\u00fd sektor v Karlovarsk\u00e9m kraji<\/h2>\t\t\t\t<\/div>\n\t\t\t\t<\/div>\n\t\t\t\t<div class=\"elementor-element elementor-element-09e80a1 elementor-widget elementor-widget-text-editor\" data-id=\"09e80a1\" data-element_type=\"widget\" data-e-type=\"widget\" data-widget_type=\"text-editor.default\">\n\t\t\t\t<div class=\"elementor-widget-container\">\n\t\t\t\t\t\t\t\t\t<h3><strong>\u00da\u010del a c\u00edl programu<\/strong><\/h3><p>\u00da\u010delem dota\u010dn\u00edho programu je akcelerovat p\u0159\u00edpravu projekt\u016f v oblastech energetick\u00fdch \u00faspor, obnoviteln\u00fdch zdroj\u016f energie, ob\u011bhov\u00e9ho hospod\u00e1\u0159stv\u00ed, m\u00edstn\u00ed mobility a \u0159emesln\u00fdch inkub\u00e1tor\u016f, a to podporou v r\u00e1mci aktivit souvisej\u00edc\u00edch s p\u0159\u00edpravnou f\u00e1z\u00ed projektu \u2013 zpracov\u00e1n\u00ed studi\u00ed proveditelnosti, projektov\u00fdch dokumentac\u00ed a dal\u0161\u00edch podkladov\u00fdch dokumentac\u00ed nezbytn\u00fdch pro p\u0159\u00edpravu projekt\u016f.<\/p><p>\u00a0<\/p><h3><strong>Podporovan\u00e9 aktivity a zp\u016fsobil\u00e9 typy projekt\u016f v r\u00e1mci dotace<\/strong><\/h3><p>V dota\u010dn\u00edm programu lze z\u00edskat dotaci na tyto typy projekt\u016f:<\/p><h4><strong>Zp\u016fsobil\u00e9 typy projekt\u016f<\/strong><\/h4><p><strong>Energetick\u00e9 \u00faspory a OZE<\/strong><\/p><p>Podpo\u0159it lze projekty, kter\u00e9 jsou zp\u016fsobil\u00e9:<\/p><p>&#8211; v r\u00e1mci specifick\u00fdch c\u00edl\u016f 1.1 a 1.2 v Opera\u010dn\u00edm programu \u017divotn\u00ed prost\u0159ed\u00ed, dle pravidel pro \u017eadatele a p\u0159\u00edjemce podpory, kter\u00e1 jsou dostupn\u00e1 na<\/p><p><a href=\"https:\/\/opzp.cz\/dokumenty\/pravidla-pro-zadatele\/\">https:\/\/opzp.cz\/dokumenty\/pravidla-pro-zadatele\/<\/a>;<\/p><p>&#8211; v programu RES+ Moderniza\u010dn\u00edho fondu, dle pravidel \u201eProgramu pro poskytov\u00e1n\u00ed podpory z prost\u0159edk\u016f Moderniza\u010dn\u00edho fondu: Nov\u00e9 obnoviteln\u00e9 zdroje v energetice (RES+)\u201c, kter\u00e1 jsou dostupn\u00e1 na<\/p><p><a href=\"https:\/\/www.sfzp.cz\/dokumenty\/detail\/?id=2344\">https:\/\/www.sfzp.cz\/dokumenty\/detail\/?id=2344<\/a>.<\/p><p>Dotaci lze z\u00edskat pouze v t\u011bchto oblastech:<\/p><ul><li>sn\u00ed\u017een\u00ed energetick\u00e9 n\u00e1ro\u010dnosti ve\u0159ejn\u00fdch budov a ve\u0159ejn\u00e9 infrastruktury;<\/li><li>sn\u00ed\u017een\u00ed energetick\u00e9 n\u00e1ro\u010dnosti\/zv\u00fd\u0161en\u00ed \u00fa\u010dinnosti technologick\u00fdch proces\u016f;<\/li><li>zlep\u0161en\u00ed kvality vnit\u0159n\u00edho prost\u0159ed\u00ed ve\u0159ejn\u00fdch budov;<\/li><li>\u00a0zv\u00fd\u0161en\u00ed adaptability ve\u0159ejn\u00fdch budov na zm\u011bnu klimatu;<\/li><li>v\u00fdstavba nov\u00fdch ve\u0159ejn\u00fdch budov, kter\u00e9 budou spl\u0148ovat parametry pro pasivn\u00ed nebo plusov\u00e9 budovy;<\/li><li>v\u00fdstavba a rekonstrukce obnoviteln\u00fdch zdroj\u016f energie pro ve\u0159ejn\u00e9 budovy;<\/li><li>v\u00fdstavba a rekonstrukce obnoviteln\u00fdch zdroj\u016f energie pro zaji\u0161t\u011bn\u00ed dod\u00e1vek syst\u00e9mov\u00e9 energie ve ve\u0159ejn\u00e9m sektoru;<\/li><li>instalace nov\u00fdch obnoviteln\u00fdch zdroj\u016f energie a prvk\u016f aktivn\u00edho energetick\u00e9ho hospod\u00e1\u0159stv\u00ed (fotovoltaick\u00e9 elektr\u00e1rny, geoterm\u00e1ln\u00ed zdroje energie);<\/li><li>instalace nov\u00fdch nebo modernizace st\u00e1vaj\u00edc\u00edch OZE a prvk\u016f aktivn\u00edho energetick\u00e9ho hospod\u00e1\u0159stv\u00ed (v\u011btrn\u00e9 elektr\u00e1rny, mal\u00e9 vodn\u00ed elektr\u00e1rny).<\/li><\/ul><p>\u00a0<\/p><p><strong>Ob\u011bhov\u00e9 hospod\u00e1\u0159stv\u00ed<\/strong><\/p><p>Podpo\u0159it lze projekty, kter\u00e9 jsou zp\u016fsobil\u00e9:<\/p><p>&#8211; v r\u00e1mci specifick\u00fdch c\u00edl\u016f 1.5 v Opera\u010dn\u00edm programu \u017divotn\u00ed prost\u0159ed\u00ed, dle pravidel pro \u017eadatele a p\u0159\u00edjemce podpory, kter\u00e1 jsou dostupn\u00e1 na<\/p><p><a href=\"https:\/\/opzp.cz\/dokumenty\/pravidla-pro-zadatele\/\">https:\/\/opzp.cz\/dokumenty\/pravidla-pro-zadatele\/<\/a>.<\/p><p>Dotaci lze z\u00edskat pouze v t\u011bchto oblastech:<\/p><ul><li>kompost\u00e9ry pro p\u0159edch\u00e1zen\u00ed vzniku komun\u00e1ln\u00edch odpad\u016f;<\/li><li>RE-USE centra pro op\u011btovn\u00e9 pou\u017eit\u00ed v\u00fdrobk\u016f v\u010detn\u011b aktivit pro opravy a prodlu\u017eov\u00e1n\u00ed \u017eivotnosti v\u00fdrobk\u016f, podpora prevence vzniku odpad\u016f;<\/li><li>podpora prevence vzniku odpad\u016f z jednor\u00e1zov\u00e9ho n\u00e1dob\u00ed nebo jednor\u00e1zov\u00fdch obal\u016f;<\/li><li>v\u00fdstavba a modernizace sb\u011brn\u00fdch dvor\u016f, dopln\u011bn\u00ed a zefektivn\u011bn\u00ed syst\u00e9mu odd\u011blen\u00e9ho sb\u011bru\/svozu zejm\u00e9na komun\u00e1ln\u00edch odpad\u016f v\u010detn\u011b podpory door-to-door syst\u00e9m\u016f a zav\u00e1d\u011bn\u00ed syst\u00e9m\u016f PAYT (\u201ePay-as-You-Throw\u201c);<\/li><li>podpora t\u0159\u00edd\u00edc\u00edch a dot\u0159i\u010fovac\u00edch syst\u00e9m\u016f (v\u010detn\u011b \u00fapravy) pro separaci ostatn\u00edch odpad\u016f;<\/li><li>budov\u00e1n\u00ed za\u0159\u00edzen\u00ed pro \u00fapravu a zpracov\u00e1n\u00ed \u010dist\u00edrensk\u00fdch odpadn\u00edch kal\u016f z \u010dist\u00edren odpadn\u00edch vod v\u010detn\u011b \u00fapravy vy\u010di\u0161t\u011bn\u00fdch odpadn\u00edch vod pro jejich op\u011btovn\u00e9 vyu\u017e\u00edv\u00e1n\u00ed;<\/li><li>v\u00fdstavba a modernizace za\u0159\u00edzen\u00ed pro materi\u00e1lov\u00e9 vyu\u017e\u00edv\u00e1n\u00ed odpad\u016f (v\u010detn\u011b za\u0159\u00edzen\u00ed pro chemickou recyklaci s materi\u00e1lovou koncovkou);<\/li><li>v\u00fdstavba a modernizace bioplynov\u00fdch stanic pro vyu\u017eit\u00ed odpad\u016f;<\/li><li>budov\u00e1n\u00ed a modernizace za\u0159\u00edzen\u00ed pro sb\u011br a nakl\u00e1d\u00e1n\u00ed s nebezpe\u010dn\u00fdmi odpady.<\/li><\/ul><p>\u00a0<\/p><p><strong>M\u00edstn\u00ed mobilita<\/strong><\/p><p>Podpo\u0159it lze projekty, kter\u00e9 jsou zp\u016fsobil\u00e9:<\/p><p>&#8211; v r\u00e1mci podpory infrastruktury pro cyklistickou dopravu v odpov\u00eddaj\u00edc\u00edch<\/p><p>v\u00fdzv\u00e1ch, nap\u0159. v\u00fdzva \u010d. 35, kter\u00e1 je dostupn\u00e1 na<br \/><br \/><a href=\"https:\/\/irop.gov.cz\/cs\/vyzvy-2021-2027\/vyzvy\/35vyzvairop\">https:\/\/irop.gov.cz\/cs\/vyzvy-2021-2027\/vyzvy\/35vyzvairop.<\/a><\/p><p>Dotaci lze z\u00edskat pouze v t\u011bchto oblastech:<\/p><ul><li>v\u00fdstavba, modernizace a rekonstrukce vyhrazen\u00fdch komunikac\u00ed pro cyklisty slou\u017e\u00edc\u00edch k doprav\u011b do zam\u011bstn\u00e1n\u00ed, \u0161kol a za slu\u017ebami, v\u010detn\u011b doprovodn\u00e9 infrastruktury;<\/li><li>v\u00fdstavba, modernizace a rekonstrukce vyhrazen\u00fdch komunikac\u00ed pro cyklisty na hlavn\u00edch tras\u00e1ch cyklistick\u00e9 dopravy v \u010cR, v\u010detn\u011b doprovodn\u00e9 infrastruktury;<\/li><li>realizace doprovodn\u00e9 cyklistick\u00e9 infrastruktury p\u0159i vyhrazen\u00fdch komunikac\u00edch pro cyklisty s vysokou intenzitou dopravy.<\/li><\/ul><p>\u00a0<\/p><p><strong>\u0158emesln\u00e9 inkub\u00e1tory<\/strong><\/p><p>Podpo\u0159it lze projekty, kter\u00e9 jsou zp\u016fsobil\u00e9:<\/p><p>&#8211; v r\u00e1mci podm\u00ednek v Opera\u010dn\u00edm programu Spravedliv\u00e1 transformace 2021\u2013<\/p><p>2027, kter\u00e1 jsou dostupn\u00e1 na <a href=\"https:\/\/opst.cz\/dokumenty\/pravidla-prozadatele\/\">https:\/\/opst.cz\/dokumenty\/pravidla-prozadatele\/<\/a><\/p><ul><li>Dotaci lze z\u00edskat pouze v t\u011bchto oblastech:<\/li><li>roz\u0161\u00ed\u0159en\u00ed prostor a modernizace otev\u0159en\u00e9 \u0159emesln\u00e9 d\u00edlny v\u010detn\u011b po\u0159\u00edzen\u00ed nov\u00e9ho vybaven\u00ed;<\/li><li>budov\u00e1n\u00ed nov\u00e9ho otev\u0159en\u00e9ho \u0159emesln\u00e9ho inkub\u00e1toru \u2013 prostory a z\u00e1zem\u00ed d\u00edlen pro tradi\u010dn\u00ed \u0159emesla, um\u011bn\u00ed a design, technologie a gastronomie, nap\u0159.:<ul><li>pr\u00e1ce se d\u0159evem (vybaven\u00ed pro truhl\u00e1\u0159e),<\/li><li>kovod\u00edlna,<\/li><li>\u0161ic\u00ed d\u00edlna,<\/li><li>audiovizu\u00e1ln\u00ed tvorba (kreativn\u00ed 4D ateli\u00e9r),<\/li><li>pr\u016fmyslov\u00fd design, 3D tisk,<\/li><li>keramika,<\/li><li>otev\u0159en\u00e1 kuchyn\u011b.<\/li><\/ul><\/li><\/ul><p>\u00a0<\/p><h3>Podporovan\u00e9 aktivity<\/h3><p>V dota\u010dn\u00edm programu lze z\u00edskat dotaci na tyto aktivity:<\/p><ol><li>P\u0159\u00edprava studi\u00ed proveditelnosti<\/li><\/ol><p>P\u0159\u00edprava studi\u00ed proveditelnosti (v\u010detn\u011b relevantn\u00edch podklad\u016f, nap\u0159. anal\u00fdz a studi\u00ed, pr\u016fzkum\u016f, v\u00edcekriteri\u00e1ln\u00edch a ekonomick\u00fdch \u0159e\u0161en\u00ed apod.) bezprost\u0159edn\u011b souvisej\u00edc\u00edch a nezbytn\u00fdch pro p\u0159edprojektovou p\u0159\u00edpravu a realizaci zp\u016fsobil\u00fdch projekt\u016f.<\/p><ol start=\"2\"><li>P\u0159\u00edprava projektov\u00e9 dokumentace<\/li><\/ol><p>P\u0159\u00edprava projektov\u00e9 dokumentace a bezprost\u0159edn\u011b souvisej\u00edc\u00edch podkladov\u00fdch dokumentac\u00ed pro zp\u016fsobil\u00e9 projekty.<\/p><p><strong>Vylou\u010den\u00e9 aktivity<\/strong><\/p><p>Dotac\u00ed nen\u00ed mo\u017en\u00e9 podpo\u0159it aktivity zam\u011b\u0159en\u00e9 na:<\/p><ul><li>v\u00fdrobu, zpracov\u00e1n\u00ed, p\u0159epravu, distribuci, skladov\u00e1n\u00ed nebo spalov\u00e1n\u00ed fosiln\u00edch paliv (zejm\u00e9na kotle na uhl\u00ed, zemn\u00ed plyn apod.);<\/li><li>energetick\u00e9 vyu\u017eit\u00ed odpadu.<\/li><\/ul><p>\u00a0<\/p><p><strong>\u017dadatelem m\u016f\u017ee b\u00fdt:<\/strong><\/p><p>v r\u00e1mci dota\u010dn\u00edho programu jsou zp\u016fsobil\u00fdmi \u017eadateli pouze tyto osoby:<\/p><ul><li>obec;<\/li><li>dobrovoln\u00fd svazek obc\u00ed;<\/li><li>p\u0159\u00edsp\u011bvkov\u00e1 organizace z\u0159\u00edzen\u00e1 \u00daSC (\u00fazemn\u00ed samospr\u00e1vn\u00fd celek);<\/li><li>obchodn\u00ed spole\u010dnost ve 100 % vlastnictv\u00ed \u00daSC.<\/li><\/ul><p>\u00a0<\/p><h3>V\u00fd\u0161e dotace<\/h3><p>Dotaci lze kone\u010dn\u00e9mu \u017eadateli p\u0159iznat ve v\u00fd\u0161i 75 % zp\u016fsobil\u00fdch v\u00fddaj\u016f projektu.<\/p><p>Minim\u00e1ln\u00ed v\u00fd\u0161e dotace \u010din\u00ed 50 000 K\u010d. Maxim\u00e1ln\u00ed v\u00fd\u0161e dotace je ur\u010dena limitem podpory de minimis. Maxim\u00e1ln\u00ed limit plat\u00ed i pro projekty podpo\u0159en\u00e9 mimo pravidla pro ve\u0159ejnou podporu.<\/p><p>Nejvy\u0161\u0161\u00ed mo\u017en\u00e1 v\u00fd\u0161e dotace \u010din\u00ed 7 543 500 K\u010d (stanoveno limitem de minimis p\u0159epo\u010d\u00edtan\u00e9mu na \u010desk\u00e9 koruny dle kurzu \u010cNB fixovan\u00e9mu k 1. 5. 2024).<\/p>\t\t\t\t\t\t\t\t<\/div>\n\t\t\t\t<\/div>\n\t\t\t\t\t<\/div>\n\t\t<\/div>\n\t\t\t\t\t<\/div>\n\t\t<\/section>\n\t\t\t\t\t<\/div>\n\t\t<\/div>\n\t\t\t\t<div class=\"elementor-column elementor-col-50 elementor-top-column elementor-element elementor-element-939df7c elementor-hidden-tablet elementor-hidden-mobile\" data-id=\"939df7c\" data-element_type=\"column\" data-e-type=\"column\" data-settings=\"{&quot;background_background&quot;:&quot;classic&quot;}\">\n\t\t\t<div class=\"elementor-widget-wrap elementor-element-populated\">\n\t\t\t\t\t\t<section class=\"elementor-section elementor-inner-section elementor-element elementor-element-a1e0c14 elementor-section-full_width elementor-section-height-default elementor-section-height-default\" data-id=\"a1e0c14\" data-element_type=\"section\" data-e-type=\"section\">\n\t\t\t\t\t\t<div class=\"elementor-container elementor-column-gap-default\">\n\t\t\t\t\t<div class=\"elementor-column elementor-col-100 elementor-inner-column elementor-element elementor-element-09d6d9c elementor-invisible\" data-id=\"09d6d9c\" data-element_type=\"column\" data-e-type=\"column\" data-settings=\"{&quot;background_background&quot;:&quot;classic&quot;,&quot;animation&quot;:&quot;zoomIn&quot;}\">\n\t\t\t<div class=\"elementor-widget-wrap elementor-element-populated\">\n\t\t\t\t\t\t<div class=\"elementor-element elementor-element-c6254f6 elementor-align-center elementor-mobile-align-justify elementor-widget-mobile__width-inherit elementor-widget elementor-widget-button\" data-id=\"c6254f6\" data-element_type=\"widget\" data-e-type=\"widget\" data-widget_type=\"button.default\">\n\t\t\t\t<div class=\"elementor-widget-container\">\n\t\t\t\t\t\t\t\t\t<div class=\"elementor-button-wrapper\">\n\t\t\t\t\t<a class=\"elementor-button elementor-button-link elementor-size-sm elementor-animation-wobble-vertical\" href=\"https:\/\/extranet.kr-karlovarsky.cz\/opst\/dotacni-program-a-prilohy-ke-stazeni-priprava-projektu-pro-verejny-sektor-v-karlovarskem-kraji\/\">\n\t\t\t\t\t\t<span class=\"elementor-button-content-wrapper\">\n\t\t\t\t\t\t<span class=\"elementor-button-icon\">\n\t\t\t\t\t\t\t<\/span>\n\t\t\t\t\t\t\t\t\t<span class=\"elementor-button-text\"><br>DOTA\u010cN\u00cd PROGRAM <br>A P\u0158\u00cdLOHY<br><br><\/span>\n\t\t\t\t\t<\/span>\n\t\t\t\t\t<\/a>\n\t\t\t\t<\/div>\n\t\t\t\t\t\t\t\t<\/div>\n\t\t\t\t<\/div>\n\t\t\t\t<div class=\"elementor-element elementor-element-8e5813a elementor-align-center elementor-mobile-align-justify elementor-widget-mobile__width-inherit elementor-widget elementor-widget-button\" data-id=\"8e5813a\" data-element_type=\"widget\" data-e-type=\"widget\" data-widget_type=\"button.default\">\n\t\t\t\t<div class=\"elementor-widget-container\">\n\t\t\t\t\t\t\t\t\t<div class=\"elementor-button-wrapper\">\n\t\t\t\t\t<a class=\"elementor-button elementor-size-lg elementor-animation-wobble-vertical\" role=\"button\">\n\t\t\t\t\t\t<span class=\"elementor-button-content-wrapper\">\n\t\t\t\t\t\t<span class=\"elementor-button-icon\">\n\t\t\t\t\t\t\t<\/span>\n\t\t\t\t\t\t\t\t\t<span class=\"elementor-button-text\">SOUVISEJ\u00cdC\u00cd DOKUMENTY<br>(v p\u0159\u00edprav\u011b)<\/span>\n\t\t\t\t\t<\/span>\n\t\t\t\t\t<\/a>\n\t\t\t\t<\/div>\n\t\t\t\t\t\t\t\t<\/div>\n\t\t\t\t<\/div>\n\t\t\t\t<div class=\"elementor-element elementor-element-690cdbc elementor-align-center elementor-mobile-align-justify elementor-widget-mobile__width-inherit elementor-widget elementor-widget-button\" data-id=\"690cdbc\" data-element_type=\"widget\" data-e-type=\"widget\" data-widget_type=\"button.default\">\n\t\t\t\t<div class=\"elementor-widget-container\">\n\t\t\t\t\t\t\t\t\t<div class=\"elementor-button-wrapper\">\n\t\t\t\t\t<a class=\"elementor-button elementor-button-link elementor-size-sm elementor-animation-wobble-vertical\" href=\"https:\/\/dotace.kr-karlovarsky.cz\/gordic\/ginis\/app\/RAP05\/\">\n\t\t\t\t\t\t<span class=\"elementor-button-content-wrapper\">\n\t\t\t\t\t\t<span class=\"elementor-button-icon\">\n\t\t\t\t\t\t\t<\/span>\n\t\t\t\t\t\t\t\t\t<span class=\"elementor-button-text\"><br>POD\u00c1N\u00cd \u017d\u00c1DOSTI<br><br><\/span>\n\t\t\t\t\t<\/span>\n\t\t\t\t\t<\/a>\n\t\t\t\t<\/div>\n\t\t\t\t\t\t\t\t<\/div>\n\t\t\t\t<\/div>\n\t\t\t\t<div class=\"elementor-element elementor-element-b4ad87e elementor-align-center elementor-mobile-align-justify elementor-widget-mobile__width-inherit elementor-widget elementor-widget-button\" data-id=\"b4ad87e\" data-element_type=\"widget\" data-e-type=\"widget\" data-widget_type=\"button.default\">\n\t\t\t\t<div class=\"elementor-widget-container\">\n\t\t\t\t\t\t\t\t\t<div class=\"elementor-button-wrapper\">\n\t\t\t\t\t<a class=\"elementor-button elementor-size-lg elementor-animation-wobble-vertical\" role=\"button\">\n\t\t\t\t\t\t<span class=\"elementor-button-content-wrapper\">\n\t\t\t\t\t\t<span class=\"elementor-button-icon\">\n\t\t\t\t\t\t\t<\/span>\n\t\t\t\t\t\t\t\t\t<span class=\"elementor-button-text\">VY\u00da\u010cTOV\u00c1N\u00cd DOTACE<br>(v p\u0159\u00edprav\u011b)<\/span>\n\t\t\t\t\t<\/span>\n\t\t\t\t\t<\/a>\n\t\t\t\t<\/div>\n\t\t\t\t\t\t\t\t<\/div>\n\t\t\t\t<\/div>\n\t\t\t\t<div class=\"elementor-element elementor-element-124bb19 elementor-align-center elementor-mobile-align-justify elementor-widget-mobile__width-inherit elementor-widget elementor-widget-button\" data-id=\"124bb19\" data-element_type=\"widget\" data-e-type=\"widget\" data-widget_type=\"button.default\">\n\t\t\t\t<div class=\"elementor-widget-container\">\n\t\t\t\t\t\t\t\t\t<div class=\"elementor-button-wrapper\">\n\t\t\t\t\t<a class=\"elementor-button elementor-size-lg elementor-animation-wobble-vertical\" role=\"button\">\n\t\t\t\t\t\t<span class=\"elementor-button-content-wrapper\">\n\t\t\t\t\t\t<span class=\"elementor-button-icon\">\n\t\t\t\t\t\t\t<\/span>\n\t\t\t\t\t\t\t\t\t<span class=\"elementor-button-text\">\u010cAST\u00c9 DOTAZY<br>(v p\u0159\u00edprav\u011b)<\/span>\n\t\t\t\t\t<\/span>\n\t\t\t\t\t<\/a>\n\t\t\t\t<\/div>\n\t\t\t\t\t\t\t\t<\/div>\n\t\t\t\t<\/div>\n\t\t\t\t\t<\/div>\n\t\t<\/div>\n\t\t\t\t\t<\/div>\n\t\t<\/section>\n\t\t\t\t\t<\/div>\n\t\t<\/div>\n\t\t\t\t\t<\/div>\n\t\t<\/section>\n\t\t\t\t<section class=\"elementor-section elementor-top-section elementor-element elementor-element-e359de8 elementor-section-boxed elementor-section-height-default elementor-section-height-default\" data-id=\"e359de8\" data-element_type=\"section\" data-e-type=\"section\" data-settings=\"{&quot;background_background&quot;:&quot;classic&quot;}\">\n\t\t\t\t\t\t<div class=\"elementor-container elementor-column-gap-default\">\n\t\t\t\t\t<div class=\"elementor-column elementor-col-100 elementor-top-column elementor-element elementor-element-19fec70\" data-id=\"19fec70\" data-element_type=\"column\" data-e-type=\"column\">\n\t\t\t<div class=\"elementor-widget-wrap elementor-element-populated\">\n\t\t\t\t\t\t<div class=\"elementor-element elementor-element-659cef3 elementor-widget elementor-widget-text-editor\" data-id=\"659cef3\" data-element_type=\"widget\" data-e-type=\"widget\" data-widget_type=\"text-editor.default\">\n\t\t\t\t<div class=\"elementor-widget-container\">\n\t\t\t\t\t\t\t\t\t<p>Copyright 2024\u00a0 \u00a9\u00a0 Karlovarsk\u00fd kraj.\u00a0 All Rights Reserved\u00a0 &amp;\u00a0 Design Karlovarsk\u00fd kraj<\/p>\t\t\t\t\t\t\t\t<\/div>\n\t\t\t\t<\/div>\n\t\t\t\t\t<\/div>\n\t\t<\/div>\n\t\t\t\t\t<\/div>\n\t\t<\/section>\n\t\t\t\t<\/div>\n\t\t","protected":false},"excerpt":{"rendered":"<p>Karlovarsk\u00fd kraj Z\u00e1kladn\u00ed informace &#8211; P\u0159\u00edprava projekt\u016f pro ve\u0159ejn\u00fd sektor v Karlovarsk\u00e9m kraji \u00da\u010del a c\u00edl programu \u00da\u010delem dota\u010dn\u00edho programu je akcelerovat p\u0159\u00edpravu projekt\u016f v oblastech energetick\u00fdch \u00faspor, obnoviteln\u00fdch zdroj\u016f energie, ob\u011bhov\u00e9ho hospod\u00e1\u0159stv\u00ed, m\u00edstn\u00ed mobility a \u0159emesln\u00fdch inkub\u00e1tor\u016f, a to podporou v r\u00e1mci aktivit souvisej\u00edc\u00edch s p\u0159\u00edpravnou f\u00e1z\u00ed projektu \u2013 zpracov\u00e1n\u00ed studi\u00ed proveditelnosti, projektov\u00fdch dokumentac\u00ed [&hellip;]<\/p>\n","protected":false},"author":1,"featured_media":0,"parent":0,"menu_order":0,"comment_status":"closed","ping_status":"closed","template":"elementor_canvas","meta":{"footnotes":""},"class_list":["post-888","page","type-page","status-publish","hentry"],"_links":{"self":[{"href":"https:\/\/extranet.kr-karlovarsky.cz\/opst\/wp-json\/wp\/v2\/pages\/888","targetHints":{"allow":["GET"]}}],"collection":[{"href":"https:\/\/extranet.kr-karlovarsky.cz\/opst\/wp-json\/wp\/v2\/pages"}],"about":[{"href":"https:\/\/extranet.kr-karlovarsky.cz\/opst\/wp-json\/wp\/v2\/types\/page"}],"author":[{"embeddable":true,"href":"https:\/\/extranet.kr-karlovarsky.cz\/opst\/wp-json\/wp\/v2\/users\/1"}],"replies":[{"embeddable":true,"href":"https:\/\/extranet.kr-karlovarsky.cz\/opst\/wp-json\/wp\/v2\/comments?post=888"}],"version-history":[{"count":45,"href":"https:\/\/extranet.kr-karlovarsky.cz\/opst\/wp-json\/wp\/v2\/pages\/888\/revisions"}],"predecessor-version":[{"id":1305,"href":"https:\/\/extranet.kr-karlovarsky.cz\/opst\/wp-json\/wp\/v2\/pages\/888\/revisions\/1305"}],"wp:attachment":[{"href":"https:\/\/extranet.kr-karlovarsky.cz\/opst\/wp-json\/wp\/v2\/media?parent=888"}],"curies":[{"name":"wp","href":"https:\/\/api.w.org\/{rel}","templated":true}]}}